{"id":578,"date":"2017-05-18T13:33:54","date_gmt":"2017-05-18T11:33:54","guid":{"rendered":"http:\/\/gooddecision.eu\/?page_id=578\/"},"modified":"2026-01-16T09:36:25","modified_gmt":"2026-01-16T08:36:25","slug":"anpassat-good-decision-game","status":"publish","type":"page","link":"https:\/\/gooddecision.eu\/sv\/pedagogiska-redskap\/anpassat-good-decision-game\/","title":{"rendered":"Anpassat Good Decision game"},"content":{"rendered":"<p>[et_pb_section fb_built=&#8221;1&#8243; fullwidth=&#8221;on&#8221; admin_label=&#8221;Sektion&#8221; _builder_version=&#8221;4.16&#8243; global_colors_info=&#8221;{}&#8221;][et_pb_fullwidth_code admin_label=&#8221;Full bredd-kod&#8221; _builder_version=&#8221;4.16&#8243; global_colors_info=&#8221;{}&#8221;]\n\t\t\t\t<p class=\"rs-p-wp-fix\"><\/p>\n\t\t\t\t<sr7-module data-alias=\"game\" data-id=\"4\" id=\"SR7_4_1\" data-version=\"6.7.54\">\n\t\t\t\t\t<sr7-adjuster><\/sr7-adjuster>\n\t\t\t\t\t<sr7-content>\n\t\t\t\t\t\t<sr7-slide id=\"SR7_4_1-7\" data-key=\"7\">\n\t\t\t\t\t\t\t<sr7-bg id=\"SR7_4_1-7-slidebg\" class=\"sr7-layer\"><noscript><img decoding=\"async\" src=\"https:\/\/gooddecision.eu\/wp-content\/uploads\/2025\/01\/anpassat-spel_top_1600x450.jpg\" alt=\"\" title=\"anpassat spel_top_1600x450\"><\/noscript><\/sr7-bg>\n\t\t\t\t\t\t<\/sr7-slide>\n\t\t\t\t\t\t<sr7-slide id=\"SR7_4_1-33\" data-key=\"33\">\n\t\t\t\t\t\t<\/sr7-slide>\n\t\t\t\t\t<\/sr7-content>\n\t\t\t\t<\/sr7-module>\n\t\t\t\t<script>\n\t\t\t\t\twindow.SR7 ??={};SR7.PMH ??={}; SR7.PMH[\"SR7_4_1\"] = {cn:100,state:false,fn: function() { if (window._tpt!==undefined && window._tpt.prepareModuleHeight !== undefined) {  _tpt.prepareModuleHeight({id:\"SR7_4_1\",el:[500],type:'hero',shdw:'0',gh:[500],gw:[1240],vpt:['-200px'],size:{fullWidth:true, fullHeight:false},mh:'0',onh:0,onw:0,bg:{color:'transparent'},plType:'0',plColor:'#FFFFFF'});   SR7.PMH[\"SR7_4_1\"].state=true;} else if(SR7.PMH[\"SR7_4_1\"].cn-->0)\tsetTimeout( SR7.PMH[\"SR7_4_1\"].fn,19);}};SR7.PMH[\"SR7_4_1\" ].fn();\n\t\t\t\t<\/script>\n[\/et_pb_fullwidth_code][\/et_pb_section][et_pb_section fb_built=&#8221;1&#8243; admin_label=&#8221;section&#8221; _builder_version=&#8221;4.16&#8243; global_colors_info=&#8221;{}&#8221;][et_pb_row column_structure=&#8221;2_3,1_3&#8243; admin_label=&#8221;row&#8221; _builder_version=&#8221;4.16&#8243; background_size=&#8221;initial&#8221; background_position=&#8221;top_left&#8221; background_repeat=&#8221;repeat&#8221; global_colors_info=&#8221;{}&#8221;][et_pb_column type=&#8221;2_3&#8243; _builder_version=&#8221;4.16&#8243; custom_padding=&#8221;|||&#8221; global_colors_info=&#8221;{}&#8221; custom_padding__hover=&#8221;|||&#8221;][et_pb_text admin_label=&#8221;Text&#8221; _builder_version=&#8221;4.21.0&#8243; global_colors_info=&#8221;{}&#8221;]<\/p>\n<h1>Ett anpassat Good Decision Game<\/h1>\n<p><strong style=\"font-size: 14px;\"><span style=\"font-size: medium;\"><span style=\"font-size: large;\">I \u00f6ver 30 \u00e5r har vi arbetat med organisationsutveckling och f\u00f6r\u00e4ndringsledning. I n\u00e4stan lika m\u00e5nga \u00e5r har vi designat l\u00e4rande till f\u00f6retag och myndigheter, det vill s\u00e4ga vi anpassar helt efter behovet och verksamhetens styrande direktiv<\/span><\/span><span style=\"font-size: large;\">.<\/span><\/strong><br \/><span style=\"font-size: 14px;\"><\/span><\/p>\n<h6><span style=\"color: #000000;\">Spelform f\u00f6r olika syften<\/span><\/h6>\n<ul>\n<li>Implementering av styrande direktiv, visioner och v\u00e4rdeord\/v\u00e4rdegrund<\/li>\n<li>F\u00f6rankra och\/eller f\u00f6r\u00e4ndra kultur och uppf\u00f6randekoder<\/li>\n<li>Analysera nul\u00e4ge<\/li>\n<li>Arbeta med medarbetarskapsfr\u00e5gor<\/li>\n<li>Arbeta med chefs- och ledarskapsfr\u00e5gor<\/li>\n<li>Implementering av organisationsf\u00f6r\u00e4ndringar<\/li>\n<li>Tydligg\u00f6ra varum\u00e4rken<\/li>\n<\/ul>\n<p>Syftet med spelen \u00e4r att f\u00f6rtydliga och f\u00f6rmedla viktiga budskap p\u00e5 ett engagerande och roligt s\u00e4tt.\u00a0<span style=\"font-size: medium;\">Spelen och dess inneh\u00e5ll \u00e4r direkt f\u00f6rankrade i ledningen och i organisationens styrande direktiv. Saknar er organisation tydliga direktiv och styrdokument, hj\u00e4lper vi g\u00e4rna till att ta fram dessa.<\/span><\/p>\n<h6><span style=\"color: #000000;\">Good Decision arbetsmetodik<\/span><\/h6>\n<p>V\u00e5r metodik \u00e4r ett eget framtaget koncept, utg\u00e5ngspunkten \u00e4r forskning, systematiskt arbetsmilj\u00f6arbete och egna erfarenheter. Fokus ligger inte p\u00e5 sj\u00e4lva spelverktyget, det \u00e4r en del i processen, utan fokus p\u00e5 verksamhetens styrande direktiv, en aktiv ledningsgrupp och p\u00e5 att skapa delaktighet i organisationen. Spelverktygen kan vara delvis digitaliserade \u2013 allt fr\u00e5n enkla kort till komplexare spelplaner med olika delkomponenter.<span style=\"font-size: 14px;\"><\/span><\/p>\n<h6><span style=\"color: #000000;\">F\u00f6ruts\u00e4ttningar<\/span><\/h6>\n<p>B\u00e4sta f\u00f6ruts\u00e4ttningar f\u00f6r ett bra samtal f\u00e5r vi om du som kund t\u00e4nkt igenom f\u00f6ljande tre punkter:<\/p>\n<ul>\n<li>Nul\u00e4ge och \u00f6nskv\u00e4rt l\u00e4ge<\/li>\n<li>Tid till f\u00f6rfogande ur tv\u00e5 perspektiv. Dels projekttid och dels genomf\u00f6rande med all personal.<\/li>\n<li>Kostnad<\/li>\n<\/ul>\n<p>[\/et_pb_text][\/et_pb_column][et_pb_column type=&#8221;1_3&#8243; _builder_version=&#8221;4.16&#8243; custom_padding=&#8221;|||&#8221; global_colors_info=&#8221;{}&#8221; custom_padding__hover=&#8221;|||&#8221;][et_pb_cta button_url=&#8221;https:\/\/gooddecision.eu\/sv\/vara-referenser\/&#8221; button_text=&#8221;Andres Muld ber\u00e4ttar&#8221; admin_label=&#8221;Uppmaning till handling&#8221; _builder_version=&#8221;4.27.5&#8243; background_color=&#8221;#92ccf1&#8243; background_size=&#8221;initial&#8221; background_position=&#8221;top_left&#8221; background_repeat=&#8221;repeat&#8221; text_orientation=&#8221;left&#8221; hover_enabled=&#8221;0&#8243; global_colors_info=&#8221;{}&#8221; button_text_size__hover_enabled=&#8221;off&#8221; button_one_text_size__hover_enabled=&#8221;off&#8221; button_two_text_size__hover_enabled=&#8221;off&#8221; button_text_color__hover_enabled=&#8221;off&#8221; button_one_text_color__hover_enabled=&#8221;off&#8221; button_two_text_color__hover_enabled=&#8221;off&#8221; button_border_width__hover_enabled=&#8221;off&#8221; button_one_border_width__hover_enabled=&#8221;off&#8221; button_two_border_width__hover_enabled=&#8221;off&#8221; button_border_color__hover_enabled=&#8221;off&#8221; button_one_border_color__hover_enabled=&#8221;off&#8221; button_two_border_color__hover_enabled=&#8221;off&#8221; button_border_radius__hover_enabled=&#8221;off&#8221; button_one_border_radius__hover_enabled=&#8221;off&#8221; button_two_border_radius__hover_enabled=&#8221;off&#8221; button_letter_spacing__hover_enabled=&#8221;off&#8221; button_one_letter_spacing__hover_enabled=&#8221;off&#8221; button_two_letter_spacing__hover_enabled=&#8221;off&#8221; button_bg_color__hover_enabled=&#8221;off&#8221; button_one_bg_color__hover_enabled=&#8221;off&#8221; button_two_bg_color__hover_enabled=&#8221;off&#8221; sticky_enabled=&#8221;0&#8243; border_radii=&#8221;on|5px|5px|5px|5px&#8221;]<\/p>\n<p><a href=\"https:\/\/gooddecision.eu\/wp-content\/uploads\/2017\/05\/referens_ikon.png\"><img loading=\"lazy\" decoding=\"async\" class=\"wp-image-615 size-full alignleft\" src=\"https:\/\/gooddecision.eu\/wp-content\/uploads\/2017\/05\/referens_ikon.png\" alt=\"\" width=\"60\" height=\"55\" \/><\/a><em><span style=\"font-size: x-large;\">Spelet visade sig vara ett smidigt och lekfullt s\u00e4tt att f\u00e5 hela organisationen delaktiga i v\u00e5ra styrdokument.<\/span><\/em><\/p>\n<p><strong>Andres Muld, fd GD, Energimyndigheten<\/strong><\/p>\n<p>[\/et_pb_cta][et_pb_cta title=&#8221;Fler trygga medarbetare som tar bra beslut varje dag p\u00e5 arbetet?&#8221; button_url=&#8221;https:\/\/gooddecision.eu\/sv\/kontakt\/&#8221; button_text=&#8221;Mejla oss&#8221; admin_label=&#8221;Uppmaning till handling&#8221; _builder_version=&#8221;4.27.5&#8243; background_enable_image=&#8221;off&#8221; background_size=&#8221;initial&#8221; background_position=&#8221;top_left&#8221; background_repeat=&#8221;repeat&#8221; text_orientation=&#8221;left&#8221; custom_padding=&#8221;||75px|&#8221; hover_enabled=&#8221;0&#8243; global_colors_info=&#8221;{}&#8221; button_text_size__hover_enabled=&#8221;off&#8221; button_one_text_size__hover_enabled=&#8221;off&#8221; button_two_text_size__hover_enabled=&#8221;off&#8221; button_text_color__hover_enabled=&#8221;off&#8221; button_one_text_color__hover_enabled=&#8221;off&#8221; button_two_text_color__hover_enabled=&#8221;off&#8221; button_border_width__hover_enabled=&#8221;off&#8221; button_one_border_width__hover_enabled=&#8221;off&#8221; button_two_border_width__hover_enabled=&#8221;off&#8221; button_border_color__hover_enabled=&#8221;off&#8221; button_one_border_color__hover_enabled=&#8221;off&#8221; button_two_border_color__hover_enabled=&#8221;off&#8221; button_border_radius__hover_enabled=&#8221;off&#8221; button_one_border_radius__hover_enabled=&#8221;off&#8221; button_two_border_radius__hover_enabled=&#8221;off&#8221; button_letter_spacing__hover_enabled=&#8221;off&#8221; button_one_letter_spacing__hover_enabled=&#8221;off&#8221; button_two_letter_spacing__hover_enabled=&#8221;off&#8221; button_bg_color__hover_enabled=&#8221;off&#8221; button_one_bg_color__hover_enabled=&#8221;off&#8221; button_two_bg_color__hover_enabled=&#8221;off&#8221; border_radii=&#8221;on|5px|5px|5px|5px&#8221; sticky_enabled=&#8221;0&#8243;]<\/p>\n<p><b>H\u00f6r g\u00e4rna av dig f\u00f6r ett givande samtal.<\/b><\/p>\n<p>[\/et_pb_cta][\/et_pb_column][\/et_pb_row][\/et_pb_section][et_pb_section fb_built=&#8221;1&#8243; admin_label=&#8221;section&#8221; module_id=&#8221;arbete&#8221; _builder_version=&#8221;4.22.2&#8243; background_color=&#8221;#d7e7f2&#8243; custom_padding=&#8221;20px|||&#8221; global_colors_info=&#8221;{}&#8221;][et_pb_row admin_label=&#8221;row&#8221; _builder_version=&#8221;4.16&#8243; background_size=&#8221;initial&#8221; background_position=&#8221;top_left&#8221; background_repeat=&#8221;repeat&#8221; global_colors_info=&#8221;{}&#8221;][et_pb_column type=&#8221;4_4&#8243; _builder_version=&#8221;4.16&#8243; custom_padding=&#8221;|||&#8221; global_colors_info=&#8221;{}&#8221; custom_padding__hover=&#8221;|||&#8221;][et_pb_text admin_label=&#8221;Text&#8221; _builder_version=&#8221;4.21.0&#8243; background_size=&#8221;initial&#8221; background_position=&#8221;top_left&#8221; background_repeat=&#8221;repeat&#8221; global_colors_info=&#8221;{}&#8221;]<\/p>\n<h1><span style=\"color: #113060; font-size: xx-large;\"><strong>Tv\u00e5 exempel p\u00e5 utmaningar<\/strong><\/span><\/h1>\n<p>[\/et_pb_text][\/et_pb_column][\/et_pb_row][et_pb_row column_structure=&#8221;1_2,1_2&#8243; admin_label=&#8221;row&#8221; _builder_version=&#8221;4.16&#8243; background_size=&#8221;initial&#8221; background_position=&#8221;top_left&#8221; background_repeat=&#8221;repeat&#8221; global_colors_info=&#8221;{}&#8221;][et_pb_column type=&#8221;1_2&#8243; _builder_version=&#8221;4.16&#8243; custom_padding=&#8221;|||&#8221; global_colors_info=&#8221;{}&#8221; custom_padding__hover=&#8221;|||&#8221;][et_pb_text admin_label=&#8221;Text&#8221; _builder_version=&#8221;4.21.0&#8243; global_colors_info=&#8221;{}&#8221;]<\/p>\n<h6>Spel som redskap f\u00f6r att f\u00f6rankra varum\u00e4rke och strategi<\/h6>\n<p>Tillsammans med Loomis internationellt har vi arbetat med Good Decision Game f\u00f6r att i f\u00f6rsta hand tydligg\u00f6ra varum\u00e4rket genom den grafiska profilen, deras v\u00e4rderingar och uppf\u00f6rande kod.<br \/>\u00a0 \u00a0 Uppdraget omfattade alla 20.000 medarbetare i 20 l\u00e4nder. Resultatet av detta arbete blev s\u00e5 framg\u00e5ngsrikt och positivt att vi tillsammans med Loomis skapade ytterligare ett spel, \u201dVi tillsammans\u201d. <br \/>\u00a0 \u00a0 Syftet med det andra spelet var att f\u00f6rdjupa arbetet med v\u00e4rdeorden och de \u00f6vriga styrande direktiven. Detta arbete har st\u00e4rkt Loomis varum\u00e4rke vilket framg\u00e5r i Loomis \u00e5rsber\u00e4ttelse.<\/p>\n<p>[\/et_pb_text][\/et_pb_column][et_pb_column type=&#8221;1_2&#8243; _builder_version=&#8221;4.16&#8243; custom_padding=&#8221;|||&#8221; global_colors_info=&#8221;{}&#8221; custom_padding__hover=&#8221;|||&#8221;][et_pb_text admin_label=&#8221;Text&#8221; _builder_version=&#8221;4.21.0&#8243; global_colors_info=&#8221;{}&#8221;]<\/p>\n<h6>Ett gemensamt dokumenterat ledarskap<\/h6>\n<p>Hos L\u00e4nsf\u00f6rs\u00e4kringar J\u00e4mtland har vi tillsammans med deras aff\u00e4rs- och gruppchefer format en gemensam bild \u00f6ver hur vi ser p\u00e5 ledarskapet. Arbetet str\u00e4ckte sig \u00f6ver tv\u00e5 \u00e5r och omfattade bland annat konkreta redskap som vi anv\u00e4nde i teoretiska situationer. <br \/>\u00a0 \u00a0 I tiden mellan processtr\u00e4ffarna formade gruppcheferna egna initiativ och f\u00f6rslag, d\u00e4r de styrande direktiven (s\u00e5 som k\u00e4rnv\u00e4rden och n\u00e4rhetsprinciper) anv\u00e4ndes som grund f\u00f6r hur de valde att agera.<br \/>\u00a0 \u00a0 Arbetet formades slutligen till ett Good Decision Game som alla medarbetare spelade och d\u00e4r resultatet gav insikter och f\u00f6rslag till \u00e5tg\u00e4rder.<\/p>\n<p>[\/et_pb_text][\/et_pb_column][\/et_pb_row][\/et_pb_section]<\/p>\n","protected":false},"excerpt":{"rendered":"<p>\n\t\t\t\t<p class=\"rs-p-wp-fix\"><\/p>\n\t\t\t\t<sr7-module data-alias=\"game\" data-id=\"4\" id=\"SR7_4_2\" data-version=\"6.7.54\">\n\t\t\t\t\t<sr7-adjuster><\/sr7-adjuster>\n\t\t\t\t\t<sr7-content>\n\t\t\t\t\t\t<sr7-slide id=\"SR7_4_2-7\" data-key=\"7\">\n\t\t\t\t\t\t\t<sr7-bg id=\"SR7_4_2-7-slidebg\" class=\"sr7-layer\"><noscript><img decoding=\"async\" src=\"https:\/\/gooddecision.eu\/wp-content\/uploads\/2025\/01\/anpassat-spel_top_1600x450.jpg\" alt=\"\" title=\"anpassat spel_top_1600x450\"><\/noscript><\/sr7-bg>\n\t\t\t\t\t\t<\/sr7-slide>\n\t\t\t\t\t\t<sr7-slide id=\"SR7_4_2-33\" data-key=\"33\">\n\t\t\t\t\t\t<\/sr7-slide>\n\t\t\t\t\t<\/sr7-content>\n\t\t\t\t<\/sr7-module>\n\t\t\t\t<script>\n\t\t\t\t\twindow.SR7 ??={};SR7.PMH ??={}; SR7.PMH[\"SR7_4_2\"] = {cn:100,state:false,fn: function() { if (window._tpt!==undefined && window._tpt.prepareModuleHeight !== undefined) {  _tpt.prepareModuleHeight({id:\"SR7_4_2\",el:[500],type:'hero',shdw:'0',gh:[500],gw:[1240],vpt:['-200px'],size:{fullWidth:true, fullHeight:false},mh:'0',onh:0,onw:0,bg:{color:'transparent'},plType:'0',plColor:'#FFFFFF'});   SR7.PMH[\"SR7_4_2\"].state=true;} else if(SR7.PMH[\"SR7_4_2\"].cn-->0)\tsetTimeout( SR7.PMH[\"SR7_4_2\"].fn,19);}};SR7.PMH[\"SR7_4_2\" ].fn();\n\t\t\t\t<\/script>\nEtt anpassat Good Decision Game I \u00f6ver 30 \u00e5r har vi arbetat med organisationsutveckling och f\u00f6r\u00e4ndringsledning. I n\u00e4stan lika m\u00e5nga \u00e5r har vi designat l\u00e4rande till f\u00f6retag och myndigheter, det vill s\u00e4ga vi anpassar helt efter behovet och verksamhetens styrande direktiv. Spelform f\u00f6r olika syften Implementering av styrande direktiv, visioner och v\u00e4rdeord\/v\u00e4rdegrund F\u00f6rankra och\/eller [&hellip;]<\/p>\n","protected":false},"author":2,"featured_media":0,"parent":574,"menu_order":0,"comment_status":"closed","ping_status":"closed","template":"","meta":{"_et_pb_use_builder":"on","_et_pb_old_content":"","_et_gb_content_width":"","footnotes":""},"class_list":["post-578","page","type-page","status-publish","hentry"],"yoast_head":"<!-- This site is optimized with the Yoast SEO plugin v27.4 - https:\/\/yoast.com\/product\/yoast-seo-wordpress\/ -->\n<title>Anpassat Good Decision game - Good Decision<\/title>\n<meta name=\"robots\" content=\"index, follow, max-snippet:-1, max-image-preview:large, max-video-preview:-1\" \/>\n<link rel=\"canonical\" href=\"https:\/\/gooddecision.eu\/sv\/pedagogiska-redskap\/anpassat-good-decision-game\/\" \/>\n<meta property=\"og:locale\" content=\"sv_SE\" \/>\n<meta property=\"og:type\" content=\"article\" \/>\n<meta property=\"og:title\" content=\"Anpassat Good Decision game - Good Decision\" \/>\n<meta property=\"og:description\" content=\"Ett anpassat Good Decision Game I \u00f6ver 30 \u00e5r har vi arbetat med organisationsutveckling och f\u00f6r\u00e4ndringsledning. I n\u00e4stan lika m\u00e5nga \u00e5r har vi designat l\u00e4rande till f\u00f6retag och myndigheter, det vill s\u00e4ga vi anpassar helt efter behovet och verksamhetens styrande direktiv. Spelform f\u00f6r olika syften Implementering av styrande direktiv, visioner och v\u00e4rdeord\/v\u00e4rdegrund F\u00f6rankra och\/eller [&hellip;]\" \/>\n<meta property=\"og:url\" content=\"https:\/\/gooddecision.eu\/sv\/pedagogiska-redskap\/anpassat-good-decision-game\/\" \/>\n<meta property=\"og:site_name\" content=\"Good Decision\" \/>\n<meta property=\"article:modified_time\" content=\"2026-01-16T08:36:25+00:00\" \/>\n<meta property=\"og:image\" content=\"https:\/\/gooddecision.eu\/wp-content\/uploads\/2017\/05\/referens_ikon.png\" \/>\n\t<meta property=\"og:image:width\" content=\"60\" \/>\n\t<meta property=\"og:image:height\" content=\"55\" \/>\n\t<meta property=\"og:image:type\" content=\"image\/png\" \/>\n<meta name=\"twitter:card\" content=\"summary_large_image\" \/>\n<meta name=\"twitter:label1\" content=\"Ber\u00e4knad l\u00e4stid\" \/>\n\t<meta name=\"twitter:data1\" content=\"6 minuter\" \/>\n<script type=\"application\/ld+json\" class=\"yoast-schema-graph\">{\"@context\":\"https:\\\/\\\/schema.org\",\"@graph\":[{\"@type\":\"WebPage\",\"@id\":\"https:\\\/\\\/gooddecision.eu\\\/sv\\\/pedagogiska-redskap\\\/anpassat-good-decision-game\\\/\",\"url\":\"https:\\\/\\\/gooddecision.eu\\\/sv\\\/pedagogiska-redskap\\\/anpassat-good-decision-game\\\/\",\"name\":\"Anpassat Good Decision game - Good Decision\",\"isPartOf\":{\"@id\":\"https:\\\/\\\/gooddecision.eu\\\/sv\\\/#website\"},\"primaryImageOfPage\":{\"@id\":\"https:\\\/\\\/gooddecision.eu\\\/sv\\\/pedagogiska-redskap\\\/anpassat-good-decision-game\\\/#primaryimage\"},\"image\":{\"@id\":\"https:\\\/\\\/gooddecision.eu\\\/sv\\\/pedagogiska-redskap\\\/anpassat-good-decision-game\\\/#primaryimage\"},\"thumbnailUrl\":\"https:\\\/\\\/gooddecision.eu\\\/wp-content\\\/uploads\\\/2017\\\/05\\\/referens_ikon.png\",\"datePublished\":\"2017-05-18T11:33:54+00:00\",\"dateModified\":\"2026-01-16T08:36:25+00:00\",\"breadcrumb\":{\"@id\":\"https:\\\/\\\/gooddecision.eu\\\/sv\\\/pedagogiska-redskap\\\/anpassat-good-decision-game\\\/#breadcrumb\"},\"inLanguage\":\"sv-SE\",\"potentialAction\":[{\"@type\":\"ReadAction\",\"target\":[\"https:\\\/\\\/gooddecision.eu\\\/sv\\\/pedagogiska-redskap\\\/anpassat-good-decision-game\\\/\"]}]},{\"@type\":\"ImageObject\",\"inLanguage\":\"sv-SE\",\"@id\":\"https:\\\/\\\/gooddecision.eu\\\/sv\\\/pedagogiska-redskap\\\/anpassat-good-decision-game\\\/#primaryimage\",\"url\":\"https:\\\/\\\/gooddecision.eu\\\/wp-content\\\/uploads\\\/2017\\\/05\\\/referens_ikon.png\",\"contentUrl\":\"https:\\\/\\\/gooddecision.eu\\\/wp-content\\\/uploads\\\/2017\\\/05\\\/referens_ikon.png\"},{\"@type\":\"BreadcrumbList\",\"@id\":\"https:\\\/\\\/gooddecision.eu\\\/sv\\\/pedagogiska-redskap\\\/anpassat-good-decision-game\\\/#breadcrumb\",\"itemListElement\":[{\"@type\":\"ListItem\",\"position\":1,\"name\":\"Hem\",\"item\":\"https:\\\/\\\/gooddecision.eu\\\/sv\\\/\"},{\"@type\":\"ListItem\",\"position\":2,\"name\":\"Pedagogiska redskap\",\"item\":\"https:\\\/\\\/gooddecision.eu\\\/sv\\\/pedagogiska-redskap\\\/\"},{\"@type\":\"ListItem\",\"position\":3,\"name\":\"Anpassat Good Decision game\"}]},{\"@type\":\"WebSite\",\"@id\":\"https:\\\/\\\/gooddecision.eu\\\/sv\\\/#website\",\"url\":\"https:\\\/\\\/gooddecision.eu\\\/sv\\\/\",\"name\":\"Good Decision\",\"description\":\"Utvecklar organisationer med synliga positiva effekter!\",\"publisher\":{\"@id\":\"https:\\\/\\\/gooddecision.eu\\\/sv\\\/#organization\"},\"potentialAction\":[{\"@type\":\"SearchAction\",\"target\":{\"@type\":\"EntryPoint\",\"urlTemplate\":\"https:\\\/\\\/gooddecision.eu\\\/sv\\\/?s={search_term_string}\"},\"query-input\":{\"@type\":\"PropertyValueSpecification\",\"valueRequired\":true,\"valueName\":\"search_term_string\"}}],\"inLanguage\":\"sv-SE\"},{\"@type\":\"Organization\",\"@id\":\"https:\\\/\\\/gooddecision.eu\\\/sv\\\/#organization\",\"name\":\"Good Decision\",\"url\":\"https:\\\/\\\/gooddecision.eu\\\/sv\\\/\",\"logo\":{\"@type\":\"ImageObject\",\"inLanguage\":\"sv-SE\",\"@id\":\"https:\\\/\\\/gooddecision.eu\\\/sv\\\/#\\\/schema\\\/logo\\\/image\\\/\",\"url\":\"https:\\\/\\\/gooddecision.eu\\\/wp-content\\\/uploads\\\/2015\\\/09\\\/logo.png\",\"contentUrl\":\"https:\\\/\\\/gooddecision.eu\\\/wp-content\\\/uploads\\\/2015\\\/09\\\/logo.png\",\"width\":350,\"height\":31,\"caption\":\"Good Decision\"},\"image\":{\"@id\":\"https:\\\/\\\/gooddecision.eu\\\/sv\\\/#\\\/schema\\\/logo\\\/image\\\/\"}}]}<\/script>\n<!-- \/ Yoast SEO plugin. -->","yoast_head_json":{"title":"Anpassat Good Decision game - Good Decision","robots":{"index":"index","follow":"follow","max-snippet":"max-snippet:-1","max-image-preview":"max-image-preview:large","max-video-preview":"max-video-preview:-1"},"canonical":"https:\/\/gooddecision.eu\/sv\/pedagogiska-redskap\/anpassat-good-decision-game\/","og_locale":"sv_SE","og_type":"article","og_title":"Anpassat Good Decision game - Good Decision","og_description":"Ett anpassat Good Decision Game I \u00f6ver 30 \u00e5r har vi arbetat med organisationsutveckling och f\u00f6r\u00e4ndringsledning. I n\u00e4stan lika m\u00e5nga \u00e5r har vi designat l\u00e4rande till f\u00f6retag och myndigheter, det vill s\u00e4ga vi anpassar helt efter behovet och verksamhetens styrande direktiv. Spelform f\u00f6r olika syften Implementering av styrande direktiv, visioner och v\u00e4rdeord\/v\u00e4rdegrund F\u00f6rankra och\/eller [&hellip;]","og_url":"https:\/\/gooddecision.eu\/sv\/pedagogiska-redskap\/anpassat-good-decision-game\/","og_site_name":"Good Decision","article_modified_time":"2026-01-16T08:36:25+00:00","og_image":[{"width":60,"height":55,"url":"https:\/\/gooddecision.eu\/wp-content\/uploads\/2017\/05\/referens_ikon.png","type":"image\/png"}],"twitter_card":"summary_large_image","twitter_misc":{"Ber\u00e4knad l\u00e4stid":"6 minuter"},"schema":{"@context":"https:\/\/schema.org","@graph":[{"@type":"WebPage","@id":"https:\/\/gooddecision.eu\/sv\/pedagogiska-redskap\/anpassat-good-decision-game\/","url":"https:\/\/gooddecision.eu\/sv\/pedagogiska-redskap\/anpassat-good-decision-game\/","name":"Anpassat Good Decision game - Good Decision","isPartOf":{"@id":"https:\/\/gooddecision.eu\/sv\/#website"},"primaryImageOfPage":{"@id":"https:\/\/gooddecision.eu\/sv\/pedagogiska-redskap\/anpassat-good-decision-game\/#primaryimage"},"image":{"@id":"https:\/\/gooddecision.eu\/sv\/pedagogiska-redskap\/anpassat-good-decision-game\/#primaryimage"},"thumbnailUrl":"https:\/\/gooddecision.eu\/wp-content\/uploads\/2017\/05\/referens_ikon.png","datePublished":"2017-05-18T11:33:54+00:00","dateModified":"2026-01-16T08:36:25+00:00","breadcrumb":{"@id":"https:\/\/gooddecision.eu\/sv\/pedagogiska-redskap\/anpassat-good-decision-game\/#breadcrumb"},"inLanguage":"sv-SE","potentialAction":[{"@type":"ReadAction","target":["https:\/\/gooddecision.eu\/sv\/pedagogiska-redskap\/anpassat-good-decision-game\/"]}]},{"@type":"ImageObject","inLanguage":"sv-SE","@id":"https:\/\/gooddecision.eu\/sv\/pedagogiska-redskap\/anpassat-good-decision-game\/#primaryimage","url":"https:\/\/gooddecision.eu\/wp-content\/uploads\/2017\/05\/referens_ikon.png","contentUrl":"https:\/\/gooddecision.eu\/wp-content\/uploads\/2017\/05\/referens_ikon.png"},{"@type":"BreadcrumbList","@id":"https:\/\/gooddecision.eu\/sv\/pedagogiska-redskap\/anpassat-good-decision-game\/#breadcrumb","itemListElement":[{"@type":"ListItem","position":1,"name":"Hem","item":"https:\/\/gooddecision.eu\/sv\/"},{"@type":"ListItem","position":2,"name":"Pedagogiska redskap","item":"https:\/\/gooddecision.eu\/sv\/pedagogiska-redskap\/"},{"@type":"ListItem","position":3,"name":"Anpassat Good Decision game"}]},{"@type":"WebSite","@id":"https:\/\/gooddecision.eu\/sv\/#website","url":"https:\/\/gooddecision.eu\/sv\/","name":"Good Decision","description":"Utvecklar organisationer med synliga positiva effekter!","publisher":{"@id":"https:\/\/gooddecision.eu\/sv\/#organization"},"potentialAction":[{"@type":"SearchAction","target":{"@type":"EntryPoint","urlTemplate":"https:\/\/gooddecision.eu\/sv\/?s={search_term_string}"},"query-input":{"@type":"PropertyValueSpecification","valueRequired":true,"valueName":"search_term_string"}}],"inLanguage":"sv-SE"},{"@type":"Organization","@id":"https:\/\/gooddecision.eu\/sv\/#organization","name":"Good Decision","url":"https:\/\/gooddecision.eu\/sv\/","logo":{"@type":"ImageObject","inLanguage":"sv-SE","@id":"https:\/\/gooddecision.eu\/sv\/#\/schema\/logo\/image\/","url":"https:\/\/gooddecision.eu\/wp-content\/uploads\/2015\/09\/logo.png","contentUrl":"https:\/\/gooddecision.eu\/wp-content\/uploads\/2015\/09\/logo.png","width":350,"height":31,"caption":"Good Decision"},"image":{"@id":"https:\/\/gooddecision.eu\/sv\/#\/schema\/logo\/image\/"}}]}},"_links":{"self":[{"href":"https:\/\/gooddecision.eu\/sv\/wp-json\/wp\/v2\/pages\/578","targetHints":{"allow":["GET"]}}],"collection":[{"href":"https:\/\/gooddecision.eu\/sv\/wp-json\/wp\/v2\/pages"}],"about":[{"href":"https:\/\/gooddecision.eu\/sv\/wp-json\/wp\/v2\/types\/page"}],"author":[{"embeddable":true,"href":"https:\/\/gooddecision.eu\/sv\/wp-json\/wp\/v2\/users\/2"}],"replies":[{"embeddable":true,"href":"https:\/\/gooddecision.eu\/sv\/wp-json\/wp\/v2\/comments?post=578"}],"version-history":[{"count":13,"href":"https:\/\/gooddecision.eu\/sv\/wp-json\/wp\/v2\/pages\/578\/revisions"}],"predecessor-version":[{"id":2861,"href":"https:\/\/gooddecision.eu\/sv\/wp-json\/wp\/v2\/pages\/578\/revisions\/2861"}],"up":[{"embeddable":true,"href":"https:\/\/gooddecision.eu\/sv\/wp-json\/wp\/v2\/pages\/574"}],"wp:attachment":[{"href":"https:\/\/gooddecision.eu\/sv\/wp-json\/wp\/v2\/media?parent=578"}],"curies":[{"name":"wp","href":"https:\/\/api.w.org\/{rel}","templated":true}]}}