{"id":576,"date":"2017-05-18T13:33:25","date_gmt":"2017-05-18T11:33:25","guid":{"rendered":"http:\/\/gooddecision.eu\/?page_id=576\/"},"modified":"2026-02-06T14:49:05","modified_gmt":"2026-02-06T13:49:05","slug":"feedback-game","status":"publish","type":"page","link":"https:\/\/gooddecision.eu\/sv\/pedagogiska-redskap\/feedback-game\/","title":{"rendered":"Feedback game"},"content":{"rendered":"<p>[et_pb_section fb_built=&#8221;1&#8243; fullwidth=&#8221;on&#8221; _builder_version=&#8221;4.16&#8243; global_colors_info=&#8221;{}&#8221;][et_pb_fullwidth_code _builder_version=&#8221;4.16&#8243; global_colors_info=&#8221;{}&#8221;]\n\t\t\t\t<p class=\"rs-p-wp-fix\"><\/p>\n\t\t\t\t<sr7-module data-alias=\"feedback\" data-id=\"3\" id=\"SR7_3_1\" class=\"rs-ov-hidden\" data-version=\"6.7.53\">\n\t\t\t\t\t<sr7-adjuster><\/sr7-adjuster>\n\t\t\t\t\t<sr7-content>\n\t\t\t\t\t\t<sr7-slide id=\"SR7_3_1-6\" data-key=\"6\">\n\t\t\t\t\t\t\t<sr7-bg id=\"SR7_3_1-6-1\" class=\"sr7-layer\"><noscript><img decoding=\"async\" src=\"http:\/\/gooddecision.eu\/wp-content\/uploads\/2017\/05\/feedback_topp.jpg\" alt=\"\" title=\"feedback_topp\"><\/noscript><\/sr7-bg>\n\t\t\t\t\t\t<\/sr7-slide>\n\t\t\t\t\t<\/sr7-content>\n\t\t\t\t\t<image_lists style=\"display:none\">\n\t\t\t\t\t\t<img data-src=\"\/\/gooddecision.eu\/wp-content\/uploads\/2017\/05\/feedback_topp.jpg\" width=\"0\" height=\"0\" data-dbsrc=\"Ly9nb29kZGVjaXNpb24uZXUvd3AtY29udGVudC91cGxvYWRzLzIwMTcvMDUvZmVlZGJhY2tfdG9wcC5qcGc=\"\/>\n\t\t\t\t\t<\/image_lists>\n\t\t\t\t<\/sr7-module>\n\t\t\t\t<script>\n\t\t\t\t\twindow.SR7 ??={};SR7.PMH ??={}; SR7.PMH[\"SR7_3_1\"] = {cn:100,state:false,fn: function() { if (window._tpt!==undefined && window._tpt.prepareModuleHeight !== undefined) {  _tpt.prepareModuleHeight({id:\"SR7_3_1\",type:'hero',shdw:'0',gh:[500,500,413,314,194],gw:[1240,1240,1024,778,480],vpt:['-200px'],size:{fullWidth:true, fullHeight:false},mh:'0',onh:0,onw:0,bg:{color:'{\"orig\":\"transparent\",\"type\":\"solid\",\"string\":\"transparent\"}'},plType:'0',plColor:'#FFFFFF'});   SR7.PMH[\"SR7_3_1\"].state=true;} else if(SR7.PMH[\"SR7_3_1\"].cn-->0)\tsetTimeout( SR7.PMH[\"SR7_3_1\"].fn,19);}};SR7.PMH[\"SR7_3_1\" ].fn();\n\t\t\t\t<\/script>\n[\/et_pb_fullwidth_code][\/et_pb_section][et_pb_section fb_built=&#8221;1&#8243; admin_label=&#8221;section&#8221; _builder_version=&#8221;4.16&#8243; global_colors_info=&#8221;{}&#8221;][et_pb_row column_structure=&#8221;2_3,1_3&#8243; admin_label=&#8221;row&#8221; _builder_version=&#8221;4.16&#8243; background_size=&#8221;initial&#8221; background_position=&#8221;top_left&#8221; background_repeat=&#8221;repeat&#8221; global_colors_info=&#8221;{}&#8221;][et_pb_column type=&#8221;2_3&#8243; _builder_version=&#8221;4.16&#8243; custom_padding=&#8221;|||&#8221; global_colors_info=&#8221;{}&#8221; custom_padding__hover=&#8221;|||&#8221;][et_pb_text _builder_version=&#8221;4.23&#8243; header_text_color=&#8221;#ad0076&#8243; background_size=&#8221;initial&#8221; background_position=&#8221;top_left&#8221; background_repeat=&#8221;repeat&#8221; global_colors_info=&#8221;{}&#8221;]<\/p>\n<h1>Tr\u00e4na feedback i en trygg milj\u00f6<\/h1>\n<h6><span style=\"font-size: large; color: #000000;\"><strong>Forskningsstudier visar att en av de viktigaste faktorerna f\u00f6r att medarbetare ska k\u00e4nna sig bekr\u00e4ftade \u00e4r just \u00e5terkoppling och feedback.<\/strong><\/span><\/h6>\n<p>Vi p\u00e5 Good Decision har jobbat med feedback i \u00f6ver 30 \u00e5r och \u00e4r eniga med forskare om att feedback \u00e4r n\u00e5gonting som kr\u00e4ver st\u00e4ndig tr\u00e4ning \u2013 b\u00e5de n\u00e4r det g\u00e4ller att ge feedback och ta emot feedback.<\/p>\n<h6><span style=\"color: #000000;\"><\/span><\/h6>\n<h6><span style=\"color: #000000;\">Feedback Game st\u00e4rker individer att kommunicera med varandra<\/span><\/h6>\n<p>Som en del av v\u00e5rt arbete inom organisationsutveckling och f\u00f6r att st\u00e4rka individer i att kommunicera med varandra, har vi skapat detta spelverktyg \u2013 Feedback Game. Vi tr\u00e4nar m\u00e4nniskor i att b\u00e5de ge och ta emot feedback p\u00e5 ett positivt och tryggt s\u00e4tt.<\/p>\n<p>Genom v\u00e5rt l\u00e4rspel skapas positiv energi och f\u00f6rst\u00e5else f\u00f6r att feedback \u00e4r v\u00e4rdefullt i alla typer av utvecklande arbete. Exempelvis n\u00e4r vi ska organisera verksamheten mer effektivt, utveckla kunddialogen internt\/externt eller lyfta fram medarbetarskapet.<\/p>\n<h6><span style=\"color: #000000;\">Spelformen inneb\u00e4r:<\/span><\/h6>\n<ul>\n<li>Tydliga kopplingar till er organisation\/f\u00f6retag\/arbetslag<\/li>\n<li>Tr\u00e4na p\u00e5 att ge och ta emot feedback<\/li>\n<li>Aktiviteter kopplade till b\u00e5de arbete och fritid<\/li>\n<li>Konkreta tankes\u00e4tt och metoder<\/li>\n<li>Ett roligt s\u00e4tt att tr\u00e4na feedback med dina kollegor!<\/li>\n<\/ul>\n<h6><span style=\"color: #000000;\">Uppl\u00e4ggning av aktivitet<\/span><\/h6>\n<ul>\n<li>Tiden f\u00f6r aktiviteten \u00e4r mellan 2\u20136 timmar, helt beroende p\u00e5 behov och nytta.<\/li>\n<li>Grupper om 3\u20135 personer per spelbr\u00e4de, s\u00e5 att alla kommer till tals. Deltagarantal fr\u00e5n 8 personer och upp\u00e5t.<\/li>\n<li>Man t\u00e4vlar individuellt i sin grupp. Tillsammans utvecklar gruppen f\u00f6rm\u00e5gan att ta emot och ge feedback.<\/li>\n<\/ul>\n<h6><span style=\"color: #000000;\">Feedback Game kan anpassas kundspecifikt<\/span><\/h6>\n<p>L\u00e4rspelet om feedback \u00e4r en del av ett koncept d\u00e4r det ing\u00e5r en f\u00f6rel\u00e4sning och en sammanfattning\/reflektion. \u00d6nskas en anpassning av l\u00e4rspelet till er verksamhet utifr\u00e5n era styrdokument \u00e4r detta m\u00f6jligt. (Anpassning offereras som till\u00e4gg.)<\/p>\n<h6><span style=\"color: #000000;\">Prisexempel<\/span><\/h6>\n<p>Aktivitet med Feedback Game med 80 deltagare. Pris fr\u00e5n 770:-\/person.<br \/>Tillkommer g\u00f6r ev. reskostnad, restid och logi. Priser exkl moms.<\/p>\n<p>[\/et_pb_text][et_pb_button button_url=&#8221;https:\/\/gooddecision.eu\/sv\/kontakt&#8221; button_text=&#8221;Skapa en b\u00e4ttre feedback-kultur! Skicka oss din f\u00f6rfr\u00e5gan&#8221; _builder_version=&#8221;4.27.5&#8243; _module_preset=&#8221;default&#8221; global_colors_info=&#8221;{}&#8221;][\/et_pb_button][\/et_pb_column][et_pb_column type=&#8221;1_3&#8243; _builder_version=&#8221;4.16&#8243; custom_padding=&#8221;|||&#8221; global_colors_info=&#8221;{}&#8221; custom_padding__hover=&#8221;|||&#8221;][et_pb_cta button_url=&#8221;https:\/\/gooddecision.eu\/sv\/kontakt\/&#8221; button_text=&#8221;V\u00e4lkommen att kontakta oss f\u00f6r ett kostandsfritt uppl\u00e4ggningsf\u00f6rslag av aktivitet&#8221; _builder_version=&#8221;4.27.5&#8243; background_color=&#8221;#AD0076&#8243; background_size=&#8221;initial&#8221; background_position=&#8221;top_left&#8221; background_repeat=&#8221;repeat&#8221; text_orientation=&#8221;left&#8221; border_radii=&#8221;on|5px|5px|5px|5px&#8221; global_colors_info=&#8221;{}&#8221; button_text_size__hover_enabled=&#8221;off&#8221; button_one_text_size__hover_enabled=&#8221;off&#8221; button_two_text_size__hover_enabled=&#8221;off&#8221; button_text_color__hover_enabled=&#8221;off&#8221; button_one_text_color__hover_enabled=&#8221;off&#8221; button_two_text_color__hover_enabled=&#8221;off&#8221; button_border_width__hover_enabled=&#8221;off&#8221; button_one_border_width__hover_enabled=&#8221;off&#8221; button_two_border_width__hover_enabled=&#8221;off&#8221; button_border_color__hover_enabled=&#8221;off&#8221; button_one_border_color__hover_enabled=&#8221;off&#8221; button_two_border_color__hover_enabled=&#8221;off&#8221; button_border_radius__hover_enabled=&#8221;off&#8221; button_one_border_radius__hover_enabled=&#8221;off&#8221; button_two_border_radius__hover_enabled=&#8221;off&#8221; button_letter_spacing__hover_enabled=&#8221;off&#8221; button_one_letter_spacing__hover_enabled=&#8221;off&#8221; button_two_letter_spacing__hover_enabled=&#8221;off&#8221; button_bg_color__hover_enabled=&#8221;off&#8221; button_one_bg_color__hover_enabled=&#8221;off&#8221; button_two_bg_color__hover_enabled=&#8221;off&#8221;]<\/p>\n<h1><span style=\"font-size: large;\"><span style=\"font-size: x-large;\">Aktivitet med Feedback Game<\/span><\/span><\/h1>\n<p><span style=\"font-size: medium;\">Prisexempel: <\/span><\/p>\n<p><span style=\"font-size: large;\"><span style=\"font-size: x-large;\">80 deltgare \u2013 fr\u00e5n 770:-\/person exkl moms.<\/span><\/span><strong><span style=\"font-size: large;\"><br \/><\/span><\/strong><\/p>\n<p>[\/et_pb_cta][et_pb_cta button_url=&#8221;https:\/\/gooddecision.eu\/sv\/vara-referenser\/&#8221; button_text=&#8221;V\u00e5ra kunder ber\u00e4ttar mer h\u00e4r&#8221; _builder_version=&#8221;4.27.5&#8243; background_color=&#8221;#EBAF10&#8243; background_size=&#8221;initial&#8221; background_position=&#8221;top_left&#8221; background_repeat=&#8221;repeat&#8221; text_orientation=&#8221;left&#8221; border_radii=&#8221;on|5px|5px|5px|5px&#8221; global_colors_info=&#8221;{}&#8221; button_text_size__hover_enabled=&#8221;off&#8221; button_one_text_size__hover_enabled=&#8221;off&#8221; button_two_text_size__hover_enabled=&#8221;off&#8221; button_text_color__hover_enabled=&#8221;off&#8221; button_one_text_color__hover_enabled=&#8221;off&#8221; button_two_text_color__hover_enabled=&#8221;off&#8221; button_border_width__hover_enabled=&#8221;off&#8221; button_one_border_width__hover_enabled=&#8221;off&#8221; button_two_border_width__hover_enabled=&#8221;off&#8221; button_border_color__hover_enabled=&#8221;off&#8221; button_one_border_color__hover_enabled=&#8221;off&#8221; button_two_border_color__hover_enabled=&#8221;off&#8221; button_border_radius__hover_enabled=&#8221;off&#8221; button_one_border_radius__hover_enabled=&#8221;off&#8221; button_two_border_radius__hover_enabled=&#8221;off&#8221; button_letter_spacing__hover_enabled=&#8221;off&#8221; button_one_letter_spacing__hover_enabled=&#8221;off&#8221; button_two_letter_spacing__hover_enabled=&#8221;off&#8221; button_bg_color__hover_enabled=&#8221;off&#8221; button_one_bg_color__hover_enabled=&#8221;off&#8221; button_two_bg_color__hover_enabled=&#8221;off&#8221;]<\/p>\n<p><a href=\"https:\/\/gooddecision.eu\/wp-content\/uploads\/2017\/05\/referens_ikon.png\"><img loading=\"lazy\" decoding=\"async\" class=\"wp-image-615 size-full alignleft\" src=\"https:\/\/gooddecision.eu\/wp-content\/uploads\/2017\/05\/referens_ikon.png\" alt=\"\" width=\"60\" height=\"55\" \/><\/a><span style=\"font-size: large;\"><span style=\"font-size: x-large;\"><em>Feedbackspelet var b\u00e5de l\u00e4rorikt och roligt! Mycket skratt och verkligen tankev\u00e4ckande.<\/em><\/span><\/span><strong><span style=\"font-size: large;\"><br \/><\/span><\/strong><\/p>\n<p>[\/et_pb_cta][et_pb_cta title=&#8221;Beh\u00f6ver ditt team eller dina medarbetare bli b\u00e4ttre p\u00e5 feedback?&#8221; button_url=&#8221;https:\/\/gooddecision.eu\/sv\/kontakt\/&#8221; button_text=&#8221;Till bollplanket&#8221; _builder_version=&#8221;4.27.5&#8243; background_color=&#8221;#113060&#8243; background_enable_image=&#8221;off&#8221; background_size=&#8221;initial&#8221; background_position=&#8221;top_left&#8221; background_repeat=&#8221;repeat&#8221; text_orientation=&#8221;left&#8221; border_radii=&#8221;on|5px|5px|5px|5px&#8221; global_colors_info=&#8221;{}&#8221; button_text_size__hover_enabled=&#8221;off&#8221; button_one_text_size__hover_enabled=&#8221;off&#8221; button_two_text_size__hover_enabled=&#8221;off&#8221; button_text_color__hover_enabled=&#8221;off&#8221; button_one_text_color__hover_enabled=&#8221;off&#8221; button_two_text_color__hover_enabled=&#8221;off&#8221; button_border_width__hover_enabled=&#8221;off&#8221; button_one_border_width__hover_enabled=&#8221;off&#8221; button_two_border_width__hover_enabled=&#8221;off&#8221; button_border_color__hover_enabled=&#8221;off&#8221; button_one_border_color__hover_enabled=&#8221;off&#8221; button_two_border_color__hover_enabled=&#8221;off&#8221; button_border_radius__hover_enabled=&#8221;off&#8221; button_one_border_radius__hover_enabled=&#8221;off&#8221; button_two_border_radius__hover_enabled=&#8221;off&#8221; button_letter_spacing__hover_enabled=&#8221;off&#8221; button_one_letter_spacing__hover_enabled=&#8221;off&#8221; button_two_letter_spacing__hover_enabled=&#8221;off&#8221; button_bg_color__hover_enabled=&#8221;off&#8221; button_one_bg_color__hover_enabled=&#8221;off&#8221; button_two_bg_color__hover_enabled=&#8221;off&#8221;]<\/p>\n<p><strong> Skicka oss ett mejl och ber\u00e4tta mer om era utmaningar.<\/strong><\/p>\n<p>[\/et_pb_cta][\/et_pb_column][\/et_pb_row][\/et_pb_section]<\/p>\n","protected":false},"excerpt":{"rendered":"<p>\n\t\t\t\t<p class=\"rs-p-wp-fix\"><\/p>\n\t\t\t\t<sr7-module data-alias=\"feedback\" data-id=\"3\" id=\"SR7_3_2\" class=\"rs-ov-hidden\" data-version=\"6.7.53\">\n\t\t\t\t\t<sr7-adjuster><\/sr7-adjuster>\n\t\t\t\t\t<sr7-content>\n\t\t\t\t\t\t<sr7-slide id=\"SR7_3_2-6\" data-key=\"6\">\n\t\t\t\t\t\t\t<sr7-bg id=\"SR7_3_2-6-1\" class=\"sr7-layer\"><noscript><img decoding=\"async\" src=\"http:\/\/gooddecision.eu\/wp-content\/uploads\/2017\/05\/feedback_topp.jpg\" alt=\"\" title=\"feedback_topp\"><\/noscript><\/sr7-bg>\n\t\t\t\t\t\t<\/sr7-slide>\n\t\t\t\t\t<\/sr7-content>\n\t\t\t\t\t<image_lists style=\"display:none\">\n\t\t\t\t\t\t<img data-src=\"\/\/gooddecision.eu\/wp-content\/uploads\/2017\/05\/feedback_topp.jpg\" width=\"0\" height=\"0\" data-dbsrc=\"Ly9nb29kZGVjaXNpb24uZXUvd3AtY29udGVudC91cGxvYWRzLzIwMTcvMDUvZmVlZGJhY2tfdG9wcC5qcGc=\"\/>\n\t\t\t\t\t<\/image_lists>\n\t\t\t\t<\/sr7-module>\n\t\t\t\t<script>\n\t\t\t\t\twindow.SR7 ??={};SR7.PMH ??={}; SR7.PMH[\"SR7_3_2\"] = {cn:100,state:false,fn: function() { if (window._tpt!==undefined && window._tpt.prepareModuleHeight !== undefined) {  _tpt.prepareModuleHeight({id:\"SR7_3_2\",type:'hero',shdw:'0',gh:[500,500,413,314,194],gw:[1240,1240,1024,778,480],vpt:['-200px'],size:{fullWidth:true, fullHeight:false},mh:'0',onh:0,onw:0,bg:{color:'{\"orig\":\"transparent\",\"type\":\"solid\",\"string\":\"transparent\"}'},plType:'0',plColor:'#FFFFFF'});   SR7.PMH[\"SR7_3_2\"].state=true;} else if(SR7.PMH[\"SR7_3_2\"].cn-->0)\tsetTimeout( SR7.PMH[\"SR7_3_2\"].fn,19);}};SR7.PMH[\"SR7_3_2\" ].fn();\n\t\t\t\t<\/script>\nTr\u00e4na feedback i en trygg milj\u00f6 Forskningsstudier visar att en av de viktigaste faktorerna f\u00f6r att medarbetare ska k\u00e4nna sig bekr\u00e4ftade \u00e4r just \u00e5terkoppling och feedback. Vi p\u00e5 Good Decision har jobbat med feedback i \u00f6ver 30 \u00e5r och \u00e4r eniga med forskare om att feedback \u00e4r n\u00e5gonting som kr\u00e4ver st\u00e4ndig tr\u00e4ning \u2013 b\u00e5de [&hellip;]<\/p>\n","protected":false},"author":2,"featured_media":0,"parent":574,"menu_order":0,"comment_status":"closed","ping_status":"closed","template":"","meta":{"_et_pb_use_builder":"on","_et_pb_old_content":"","_et_gb_content_width":"","footnotes":""},"class_list":["post-576","page","type-page","status-publish","hentry"],"yoast_head":"<!-- This site is optimized with the Yoast SEO plugin v27.4 - https:\/\/yoast.com\/product\/yoast-seo-wordpress\/ -->\n<title>Feedback game - Good Decision<\/title>\n<meta name=\"robots\" content=\"index, follow, max-snippet:-1, max-image-preview:large, max-video-preview:-1\" \/>\n<link rel=\"canonical\" href=\"https:\/\/gooddecision.eu\/sv\/pedagogiska-redskap\/feedback-game\/\" \/>\n<meta property=\"og:locale\" content=\"sv_SE\" \/>\n<meta property=\"og:type\" content=\"article\" \/>\n<meta property=\"og:title\" content=\"Feedback game - Good Decision\" \/>\n<meta property=\"og:description\" content=\"Tr\u00e4na feedback i en trygg milj\u00f6 Forskningsstudier visar att en av de viktigaste faktorerna f\u00f6r att medarbetare ska k\u00e4nna sig bekr\u00e4ftade \u00e4r just \u00e5terkoppling och feedback. Vi p\u00e5 Good Decision har jobbat med feedback i \u00f6ver 30 \u00e5r och \u00e4r eniga med forskare om att feedback \u00e4r n\u00e5gonting som kr\u00e4ver st\u00e4ndig tr\u00e4ning \u2013 b\u00e5de [&hellip;]\" \/>\n<meta property=\"og:url\" content=\"https:\/\/gooddecision.eu\/sv\/pedagogiska-redskap\/feedback-game\/\" \/>\n<meta property=\"og:site_name\" content=\"Good Decision\" \/>\n<meta property=\"article:modified_time\" content=\"2026-02-06T13:49:05+00:00\" \/>\n<meta property=\"og:image\" content=\"https:\/\/gooddecision.eu\/wp-content\/uploads\/2017\/05\/referens_ikon.png\" \/>\n\t<meta property=\"og:image:width\" content=\"60\" \/>\n\t<meta property=\"og:image:height\" content=\"55\" \/>\n\t<meta property=\"og:image:type\" content=\"image\/png\" \/>\n<meta name=\"twitter:card\" content=\"summary_large_image\" \/>\n<meta name=\"twitter:label1\" content=\"Ber\u00e4knad l\u00e4stid\" \/>\n\t<meta name=\"twitter:data1\" content=\"6 minuter\" \/>\n<script type=\"application\/ld+json\" class=\"yoast-schema-graph\">{\"@context\":\"https:\\\/\\\/schema.org\",\"@graph\":[{\"@type\":\"WebPage\",\"@id\":\"https:\\\/\\\/gooddecision.eu\\\/sv\\\/pedagogiska-redskap\\\/feedback-game\\\/\",\"url\":\"https:\\\/\\\/gooddecision.eu\\\/sv\\\/pedagogiska-redskap\\\/feedback-game\\\/\",\"name\":\"Feedback game - Good Decision\",\"isPartOf\":{\"@id\":\"https:\\\/\\\/gooddecision.eu\\\/sv\\\/#website\"},\"primaryImageOfPage\":{\"@id\":\"https:\\\/\\\/gooddecision.eu\\\/sv\\\/pedagogiska-redskap\\\/feedback-game\\\/#primaryimage\"},\"image\":{\"@id\":\"https:\\\/\\\/gooddecision.eu\\\/sv\\\/pedagogiska-redskap\\\/feedback-game\\\/#primaryimage\"},\"thumbnailUrl\":\"https:\\\/\\\/gooddecision.eu\\\/wp-content\\\/uploads\\\/2017\\\/05\\\/referens_ikon.png\",\"datePublished\":\"2017-05-18T11:33:25+00:00\",\"dateModified\":\"2026-02-06T13:49:05+00:00\",\"breadcrumb\":{\"@id\":\"https:\\\/\\\/gooddecision.eu\\\/sv\\\/pedagogiska-redskap\\\/feedback-game\\\/#breadcrumb\"},\"inLanguage\":\"sv-SE\",\"potentialAction\":[{\"@type\":\"ReadAction\",\"target\":[\"https:\\\/\\\/gooddecision.eu\\\/sv\\\/pedagogiska-redskap\\\/feedback-game\\\/\"]}]},{\"@type\":\"ImageObject\",\"inLanguage\":\"sv-SE\",\"@id\":\"https:\\\/\\\/gooddecision.eu\\\/sv\\\/pedagogiska-redskap\\\/feedback-game\\\/#primaryimage\",\"url\":\"https:\\\/\\\/gooddecision.eu\\\/wp-content\\\/uploads\\\/2017\\\/05\\\/referens_ikon.png\",\"contentUrl\":\"https:\\\/\\\/gooddecision.eu\\\/wp-content\\\/uploads\\\/2017\\\/05\\\/referens_ikon.png\"},{\"@type\":\"BreadcrumbList\",\"@id\":\"https:\\\/\\\/gooddecision.eu\\\/sv\\\/pedagogiska-redskap\\\/feedback-game\\\/#breadcrumb\",\"itemListElement\":[{\"@type\":\"ListItem\",\"position\":1,\"name\":\"Hem\",\"item\":\"https:\\\/\\\/gooddecision.eu\\\/sv\\\/\"},{\"@type\":\"ListItem\",\"position\":2,\"name\":\"Pedagogiska redskap\",\"item\":\"https:\\\/\\\/gooddecision.eu\\\/sv\\\/pedagogiska-redskap\\\/\"},{\"@type\":\"ListItem\",\"position\":3,\"name\":\"Feedback game\"}]},{\"@type\":\"WebSite\",\"@id\":\"https:\\\/\\\/gooddecision.eu\\\/sv\\\/#website\",\"url\":\"https:\\\/\\\/gooddecision.eu\\\/sv\\\/\",\"name\":\"Good Decision\",\"description\":\"Utvecklar organisationer med synliga positiva effekter!\",\"publisher\":{\"@id\":\"https:\\\/\\\/gooddecision.eu\\\/sv\\\/#organization\"},\"potentialAction\":[{\"@type\":\"SearchAction\",\"target\":{\"@type\":\"EntryPoint\",\"urlTemplate\":\"https:\\\/\\\/gooddecision.eu\\\/sv\\\/?s={search_term_string}\"},\"query-input\":{\"@type\":\"PropertyValueSpecification\",\"valueRequired\":true,\"valueName\":\"search_term_string\"}}],\"inLanguage\":\"sv-SE\"},{\"@type\":\"Organization\",\"@id\":\"https:\\\/\\\/gooddecision.eu\\\/sv\\\/#organization\",\"name\":\"Good Decision\",\"url\":\"https:\\\/\\\/gooddecision.eu\\\/sv\\\/\",\"logo\":{\"@type\":\"ImageObject\",\"inLanguage\":\"sv-SE\",\"@id\":\"https:\\\/\\\/gooddecision.eu\\\/sv\\\/#\\\/schema\\\/logo\\\/image\\\/\",\"url\":\"https:\\\/\\\/gooddecision.eu\\\/wp-content\\\/uploads\\\/2015\\\/09\\\/logo.png\",\"contentUrl\":\"https:\\\/\\\/gooddecision.eu\\\/wp-content\\\/uploads\\\/2015\\\/09\\\/logo.png\",\"width\":350,\"height\":31,\"caption\":\"Good Decision\"},\"image\":{\"@id\":\"https:\\\/\\\/gooddecision.eu\\\/sv\\\/#\\\/schema\\\/logo\\\/image\\\/\"}}]}<\/script>\n<!-- \/ Yoast SEO plugin. -->","yoast_head_json":{"title":"Feedback game - Good Decision","robots":{"index":"index","follow":"follow","max-snippet":"max-snippet:-1","max-image-preview":"max-image-preview:large","max-video-preview":"max-video-preview:-1"},"canonical":"https:\/\/gooddecision.eu\/sv\/pedagogiska-redskap\/feedback-game\/","og_locale":"sv_SE","og_type":"article","og_title":"Feedback game - Good Decision","og_description":"Tr\u00e4na feedback i en trygg milj\u00f6 Forskningsstudier visar att en av de viktigaste faktorerna f\u00f6r att medarbetare ska k\u00e4nna sig bekr\u00e4ftade \u00e4r just \u00e5terkoppling och feedback. Vi p\u00e5 Good Decision har jobbat med feedback i \u00f6ver 30 \u00e5r och \u00e4r eniga med forskare om att feedback \u00e4r n\u00e5gonting som kr\u00e4ver st\u00e4ndig tr\u00e4ning \u2013 b\u00e5de [&hellip;]","og_url":"https:\/\/gooddecision.eu\/sv\/pedagogiska-redskap\/feedback-game\/","og_site_name":"Good Decision","article_modified_time":"2026-02-06T13:49:05+00:00","og_image":[{"width":60,"height":55,"url":"https:\/\/gooddecision.eu\/wp-content\/uploads\/2017\/05\/referens_ikon.png","type":"image\/png"}],"twitter_card":"summary_large_image","twitter_misc":{"Ber\u00e4knad l\u00e4stid":"6 minuter"},"schema":{"@context":"https:\/\/schema.org","@graph":[{"@type":"WebPage","@id":"https:\/\/gooddecision.eu\/sv\/pedagogiska-redskap\/feedback-game\/","url":"https:\/\/gooddecision.eu\/sv\/pedagogiska-redskap\/feedback-game\/","name":"Feedback game - Good Decision","isPartOf":{"@id":"https:\/\/gooddecision.eu\/sv\/#website"},"primaryImageOfPage":{"@id":"https:\/\/gooddecision.eu\/sv\/pedagogiska-redskap\/feedback-game\/#primaryimage"},"image":{"@id":"https:\/\/gooddecision.eu\/sv\/pedagogiska-redskap\/feedback-game\/#primaryimage"},"thumbnailUrl":"https:\/\/gooddecision.eu\/wp-content\/uploads\/2017\/05\/referens_ikon.png","datePublished":"2017-05-18T11:33:25+00:00","dateModified":"2026-02-06T13:49:05+00:00","breadcrumb":{"@id":"https:\/\/gooddecision.eu\/sv\/pedagogiska-redskap\/feedback-game\/#breadcrumb"},"inLanguage":"sv-SE","potentialAction":[{"@type":"ReadAction","target":["https:\/\/gooddecision.eu\/sv\/pedagogiska-redskap\/feedback-game\/"]}]},{"@type":"ImageObject","inLanguage":"sv-SE","@id":"https:\/\/gooddecision.eu\/sv\/pedagogiska-redskap\/feedback-game\/#primaryimage","url":"https:\/\/gooddecision.eu\/wp-content\/uploads\/2017\/05\/referens_ikon.png","contentUrl":"https:\/\/gooddecision.eu\/wp-content\/uploads\/2017\/05\/referens_ikon.png"},{"@type":"BreadcrumbList","@id":"https:\/\/gooddecision.eu\/sv\/pedagogiska-redskap\/feedback-game\/#breadcrumb","itemListElement":[{"@type":"ListItem","position":1,"name":"Hem","item":"https:\/\/gooddecision.eu\/sv\/"},{"@type":"ListItem","position":2,"name":"Pedagogiska redskap","item":"https:\/\/gooddecision.eu\/sv\/pedagogiska-redskap\/"},{"@type":"ListItem","position":3,"name":"Feedback game"}]},{"@type":"WebSite","@id":"https:\/\/gooddecision.eu\/sv\/#website","url":"https:\/\/gooddecision.eu\/sv\/","name":"Good Decision","description":"Utvecklar organisationer med synliga positiva effekter!","publisher":{"@id":"https:\/\/gooddecision.eu\/sv\/#organization"},"potentialAction":[{"@type":"SearchAction","target":{"@type":"EntryPoint","urlTemplate":"https:\/\/gooddecision.eu\/sv\/?s={search_term_string}"},"query-input":{"@type":"PropertyValueSpecification","valueRequired":true,"valueName":"search_term_string"}}],"inLanguage":"sv-SE"},{"@type":"Organization","@id":"https:\/\/gooddecision.eu\/sv\/#organization","name":"Good Decision","url":"https:\/\/gooddecision.eu\/sv\/","logo":{"@type":"ImageObject","inLanguage":"sv-SE","@id":"https:\/\/gooddecision.eu\/sv\/#\/schema\/logo\/image\/","url":"https:\/\/gooddecision.eu\/wp-content\/uploads\/2015\/09\/logo.png","contentUrl":"https:\/\/gooddecision.eu\/wp-content\/uploads\/2015\/09\/logo.png","width":350,"height":31,"caption":"Good Decision"},"image":{"@id":"https:\/\/gooddecision.eu\/sv\/#\/schema\/logo\/image\/"}}]}},"_links":{"self":[{"href":"https:\/\/gooddecision.eu\/sv\/wp-json\/wp\/v2\/pages\/576","targetHints":{"allow":["GET"]}}],"collection":[{"href":"https:\/\/gooddecision.eu\/sv\/wp-json\/wp\/v2\/pages"}],"about":[{"href":"https:\/\/gooddecision.eu\/sv\/wp-json\/wp\/v2\/types\/page"}],"author":[{"embeddable":true,"href":"https:\/\/gooddecision.eu\/sv\/wp-json\/wp\/v2\/users\/2"}],"replies":[{"embeddable":true,"href":"https:\/\/gooddecision.eu\/sv\/wp-json\/wp\/v2\/comments?post=576"}],"version-history":[{"count":31,"href":"https:\/\/gooddecision.eu\/sv\/wp-json\/wp\/v2\/pages\/576\/revisions"}],"predecessor-version":[{"id":2950,"href":"https:\/\/gooddecision.eu\/sv\/wp-json\/wp\/v2\/pages\/576\/revisions\/2950"}],"up":[{"embeddable":true,"href":"https:\/\/gooddecision.eu\/sv\/wp-json\/wp\/v2\/pages\/574"}],"wp:attachment":[{"href":"https:\/\/gooddecision.eu\/sv\/wp-json\/wp\/v2\/media?parent=576"}],"curies":[{"name":"wp","href":"https:\/\/api.w.org\/{rel}","templated":true}]}}