{"id":569,"date":"2017-05-18T13:30:01","date_gmt":"2017-05-18T11:30:01","guid":{"rendered":"http:\/\/gooddecision.eu\/?page_id=569\/"},"modified":"2026-02-23T15:21:09","modified_gmt":"2026-02-23T14:21:09","slug":"organisatorisk-social-arbetsmiljo","status":"publish","type":"page","link":"https:\/\/gooddecision.eu\/sv\/pedagogiska-redskap\/organisatorisk-social-arbetsmiljo\/","title":{"rendered":"Organisatorisk &#038; social arbetsmilj\u00f6"},"content":{"rendered":"<p>[et_pb_section fb_built=&#8221;1&#8243; fullwidth=&#8221;on&#8221; _builder_version=&#8221;4.16&#8243; global_colors_info=&#8221;{}&#8221;][et_pb_fullwidth_code _builder_version=&#8221;4.27.5&#8243; global_colors_info=&#8221;{}&#8221;]\n\t\t\t\t<p class=\"rs-p-wp-fix\"><\/p>\n\t\t\t\t<sr7-module data-alias=\"undersida\" data-id=\"2\" id=\"SR7_2_1\" data-version=\"6.7.53\">\n\t\t\t\t\t<sr7-adjuster><\/sr7-adjuster>\n\t\t\t\t\t<sr7-content>\n\t\t\t\t\t\t<sr7-slide id=\"SR7_2_1-5\" data-key=\"5\">\n\t\t\t\t\t\t\t<sr7-bg id=\"SR7_2_1-5-slidebg\" class=\"sr7-layer\"><noscript><img decoding=\"async\" src=\"https:\/\/gooddecision.eu\/wp-content\/uploads\/2017\/05\/osa.jpg\" alt=\"\" title=\"Organisatorisk &#038; social arbetsmilj\u00f6\"><\/noscript><\/sr7-bg>\n\t\t\t\t\t\t<\/sr7-slide>\n\t\t\t\t\t\t<sr7-slide id=\"SR7_2_1-30\" data-key=\"30\">\n\t\t\t\t\t\t<\/sr7-slide>\n\t\t\t\t\t<\/sr7-content>\n\t\t\t\t<\/sr7-module>\n\t\t\t\t<script>\n\t\t\t\t\twindow.SR7 ??={};SR7.PMH ??={}; SR7.PMH[\"SR7_2_1\"] = {cn:100,state:false,fn: function() { if (window._tpt!==undefined && window._tpt.prepareModuleHeight !== undefined) {  _tpt.prepareModuleHeight({id:\"SR7_2_1\",el:[],type:'hero',shdw:'0',gh:[500],gw:[1240],vpt:['-200px'],size:{fullWidth:true, fullHeight:false},mh:'0',onh:0,onw:0,bg:{color:'transparent'},plType:'0',plColor:'#FFFFFF'});   SR7.PMH[\"SR7_2_1\"].state=true;} else if(SR7.PMH[\"SR7_2_1\"].cn-->0)\tsetTimeout( SR7.PMH[\"SR7_2_1\"].fn,19);}};SR7.PMH[\"SR7_2_1\" ].fn();\n\t\t\t\t<\/script>\n[\/et_pb_fullwidth_code][\/et_pb_section][et_pb_section fb_built=&#8221;1&#8243; admin_label=&#8221;section&#8221; _builder_version=&#8221;4.16&#8243; global_colors_info=&#8221;{}&#8221;][et_pb_row column_structure=&#8221;2_3,1_3&#8243; admin_label=&#8221;row&#8221; _builder_version=&#8221;4.16&#8243; global_colors_info=&#8221;{}&#8221;][et_pb_column type=&#8221;2_3&#8243; _builder_version=&#8221;4.16&#8243; custom_padding=&#8221;|||&#8221; global_colors_info=&#8221;{}&#8221; custom_padding__hover=&#8221;|||&#8221;][et_pb_text _builder_version=&#8221;4.23&#8243; _module_preset=&#8221;default&#8221; global_colors_info=&#8221;{}&#8221;]<\/p>\n<h1>Minska risken f\u00f6r oh\u00e4lsa och kr\u00e4nkningar<\/h1>\n<h6><span style=\"color: rgba(0, 0, 0, 0.9);\">Ett av v\u00e5ra st\u00f6rsta och sv\u00e5raste utmaningar i samh\u00e4llet \u00e4r de \u00f6kade sjukskrivningstalen b\u00e5de inom offentlig och privat sektor. I spelet om organisatorisk och social arbetsmilj\u00f6 utg\u00e5r vi fr\u00e5n Arbetsmilj\u00f6verkets riktlinjer f\u00f6r att f\u00f6rebygga och hantera oh\u00e4lsa, arbetsbelastning och kr\u00e4nkande s\u00e4rbehandling.<\/span><\/h6>\n<p><span style=\"color: rgba(0, 0, 0, 0.9);\">V\u00e5rt s\u00e4tt att arbeta med detta har visat sig vara mycket framg\u00e5ngsrikt. P\u00e5 extremt kort tid ger spelformen \u00f6kad kunskap hos b\u00e5de chefer, skyddsombud, tj\u00e4nstem\u00e4n och medarbetare. Dessutom har vi roligt i ett annars ganska faktabaserat och k\u00e4nsligt \u00e4mne.<\/span><\/p>\n<h6><span style=\"color: #000000;\">Ett praktiskt och konkret arbetsmaterial<\/span><\/h6>\n<p><span style=\"color: rgba(0, 0, 0, 0.9);\">F\u00f6rutom genomg\u00e5ng och spel ing\u00e5r ett praktiskt arbetsmaterial i form av en plansch med tillh\u00f6rande PostIt-lappar f\u00f6r \u00e5tg\u00e4rd, aktiviteter och risker, som du eller ni i arbetsgruppen formar till konkreta \u00e5tg\u00e4rder p\u00e5 ett tydligt s\u00e4tt. Helt i linje med Arbetsmilj\u00f6verkets f\u00f6reskrifter.<\/span><\/p>\n<h6><span style=\"color: #000000;\">F\u00f6rdelar med spelet:<\/span><\/h6>\n<ul>\n<li><span style=\"color: rgba(0, 0, 0, 0.9);\">Leder till konkreta aktiviteter och \u00e5tg\u00e4rder<\/span><\/li>\n<li><span style=\"color: rgba(0, 0, 0, 0.9);\">Synligg\u00f6r och \u00e5tg\u00e4rdar risker f\u00f6r oh\u00e4lsa<\/span><\/li>\n<li><span style=\"color: rgba(0, 0, 0, 0.9);\">G\u00f6r det enkelt och roligt att arbeta efter reglerna<\/span><\/li>\n<li><span style=\"color: rgba(0, 0, 0, 0.9);\">Bidrar till samarbete, dialog och delaktighet<\/span><\/li>\n<li><span style=\"color: rgba(0, 0, 0, 0.9);\">Ger st\u00f6d f\u00f6r m\u00e5l, uppf\u00f6ljning och dokumentation<\/span><\/li>\n<\/ul>\n<p><span style=\"color: rgba(0, 0, 0, 0.9);\"><span>Konceptet uppfyller Arbetsmilj\u00f6verkets AFS 2023:2 om planering och organisering av arbetsmilj\u00f6arbete.<\/span><\/span><\/p>\n<h6><span style=\"color: #000000;\">Arbetsmilj\u00f6verkets f\u00f6reskrift om organisatorisk och social arbetsmilj\u00f6 har tv\u00e5 huvudomr\u00e5den:<\/span><\/h6>\n<ul>\n<li><span style=\"color: rgba(0, 0, 0, 0.9);\">Hur man f\u00f6rebygger och hanterar oh\u00e4lsosam arbetsbelastning<\/span><\/li>\n<li><span style=\"color: rgba(0, 0, 0, 0.9);\">Hur man f\u00f6rebygger och hanterar kr\u00e4nkande s\u00e4rbehandling<\/span><\/li>\n<\/ul>\n<p><span style=\"color: rgba(0, 0, 0, 0.9);\">F\u00f6reskriften inkluderar bland annat regler om systematiskt arbetsmilj\u00f6arbete, arbetsbelastning, arbetstid och kr\u00e4nkande s\u00e4rbehandling.\u00a0Good Decision \u00e4r av AFA godk\u00e4nd utbildare.<\/span><\/p>\n<p>[\/et_pb_text][\/et_pb_column][et_pb_column type=&#8221;1_3&#8243; _builder_version=&#8221;4.16&#8243; custom_padding=&#8221;|||&#8221; global_colors_info=&#8221;{}&#8221; custom_padding__hover=&#8221;|||&#8221;][et_pb_cta button_url=&#8221;https:\/\/gooddecision.eu\/sv\/vara-referenser\/&#8221; button_text=&#8221;L\u00e4s mer om vad v\u00e5ra kunder tycker om spelkonceptet.&#8221; _builder_version=&#8221;4.27.5&#8243; background_color=&#8221;#ebaf10&#8243; background_size=&#8221;initial&#8221; background_position=&#8221;top_left&#8221; background_repeat=&#8221;repeat&#8221; text_orientation=&#8221;left&#8221; border_radii=&#8221;on|4px|4px|4px|4px&#8221; global_colors_info=&#8221;{}&#8221; button_text_size__hover_enabled=&#8221;off&#8221; button_one_text_size__hover_enabled=&#8221;off&#8221; button_two_text_size__hover_enabled=&#8221;off&#8221; button_text_color__hover_enabled=&#8221;off&#8221; button_one_text_color__hover_enabled=&#8221;off&#8221; button_two_text_color__hover_enabled=&#8221;off&#8221; button_border_width__hover_enabled=&#8221;off&#8221; button_one_border_width__hover_enabled=&#8221;off&#8221; button_two_border_width__hover_enabled=&#8221;off&#8221; button_border_color__hover_enabled=&#8221;off&#8221; button_one_border_color__hover_enabled=&#8221;off&#8221; button_two_border_color__hover_enabled=&#8221;off&#8221; button_border_radius__hover_enabled=&#8221;off&#8221; button_one_border_radius__hover_enabled=&#8221;off&#8221; button_two_border_radius__hover_enabled=&#8221;off&#8221; button_letter_spacing__hover_enabled=&#8221;off&#8221; button_one_letter_spacing__hover_enabled=&#8221;off&#8221; button_two_letter_spacing__hover_enabled=&#8221;off&#8221; button_bg_color__hover_enabled=&#8221;off&#8221; button_one_bg_color__hover_enabled=&#8221;off&#8221; button_two_bg_color__hover_enabled=&#8221;off&#8221;]<\/p>\n<p><a href=\"https:\/\/gooddecision.eu\/wp-content\/uploads\/2017\/05\/referens_ikon.png\"><img loading=\"lazy\" decoding=\"async\" class=\"wp-image-615 size-full alignleft\" src=\"https:\/\/gooddecision.eu\/wp-content\/uploads\/2017\/05\/referens_ikon.png\" alt=\"\" width=\"60\" height=\"55\" \/><span style=\"font-size: x-large;\"><em><span style=\"color: #ffffff;\">Spelet var ett roligt och l\u00e4ttsamt s\u00e4tt att angripa sv\u00e5ra fr\u00e5gor.<\/span><\/em><\/span><br \/><\/a><\/p>\n<p>[\/et_pb_cta][et_pb_cta title=&#8221;M\u00e5nga av v\u00e5ra kunder ser stora positiva effekter efter genomf\u00f6rd utbildningsinsats.&#8221; button_url=&#8221;https:\/\/gooddecision.eu\/sv\/kontakt\/&#8221; button_text=&#8221;Ta mig till kontaktformul\u00e4ret.&#8221; _builder_version=&#8221;4.27.5&#8243; background_color=&#8221;#ad0076&#8243; background_enable_image=&#8221;off&#8221; background_size=&#8221;initial&#8221; background_position=&#8221;top_left&#8221; background_repeat=&#8221;repeat&#8221; text_orientation=&#8221;left&#8221; border_radii=&#8221;on|4px|4px|4px|4px&#8221; global_colors_info=&#8221;{}&#8221; button_text_size__hover_enabled=&#8221;off&#8221; button_one_text_size__hover_enabled=&#8221;off&#8221; button_two_text_size__hover_enabled=&#8221;off&#8221; button_text_color__hover_enabled=&#8221;off&#8221; button_one_text_color__hover_enabled=&#8221;off&#8221; button_two_text_color__hover_enabled=&#8221;off&#8221; button_border_width__hover_enabled=&#8221;off&#8221; button_one_border_width__hover_enabled=&#8221;off&#8221; button_two_border_width__hover_enabled=&#8221;off&#8221; button_border_color__hover_enabled=&#8221;off&#8221; button_one_border_color__hover_enabled=&#8221;off&#8221; button_two_border_color__hover_enabled=&#8221;off&#8221; button_border_radius__hover_enabled=&#8221;off&#8221; button_one_border_radius__hover_enabled=&#8221;off&#8221; button_two_border_radius__hover_enabled=&#8221;off&#8221; button_letter_spacing__hover_enabled=&#8221;off&#8221; button_one_letter_spacing__hover_enabled=&#8221;off&#8221; button_two_letter_spacing__hover_enabled=&#8221;off&#8221; button_bg_color__hover_enabled=&#8221;off&#8221; button_one_bg_color__hover_enabled=&#8221;off&#8221; button_two_bg_color__hover_enabled=&#8221;off&#8221;]<\/p>\n<p><strong>Vi delar g\u00e4rna med oss av referenser.<br \/><\/strong><\/p>\n<p>[\/et_pb_cta][\/et_pb_column][\/et_pb_row][\/et_pb_section]<\/p>\n","protected":false},"excerpt":{"rendered":"<p>\n\t\t\t\t<p class=\"rs-p-wp-fix\"><\/p>\n\t\t\t\t<sr7-module data-alias=\"undersida\" data-id=\"2\" id=\"SR7_2_2\" data-version=\"6.7.53\">\n\t\t\t\t\t<sr7-adjuster><\/sr7-adjuster>\n\t\t\t\t\t<sr7-content>\n\t\t\t\t\t\t<sr7-slide id=\"SR7_2_2-5\" data-key=\"5\">\n\t\t\t\t\t\t\t<sr7-bg id=\"SR7_2_2-5-slidebg\" class=\"sr7-layer\"><noscript><img decoding=\"async\" src=\"https:\/\/gooddecision.eu\/wp-content\/uploads\/2017\/05\/osa.jpg\" alt=\"\" title=\"Organisatorisk &#038; social arbetsmilj\u00f6\"><\/noscript><\/sr7-bg>\n\t\t\t\t\t\t<\/sr7-slide>\n\t\t\t\t\t\t<sr7-slide id=\"SR7_2_2-30\" data-key=\"30\">\n\t\t\t\t\t\t<\/sr7-slide>\n\t\t\t\t\t<\/sr7-content>\n\t\t\t\t<\/sr7-module>\n\t\t\t\t<script>\n\t\t\t\t\twindow.SR7 ??={};SR7.PMH ??={}; SR7.PMH[\"SR7_2_2\"] = {cn:100,state:false,fn: function() { if (window._tpt!==undefined && window._tpt.prepareModuleHeight !== undefined) {  _tpt.prepareModuleHeight({id:\"SR7_2_2\",el:[],type:'hero',shdw:'0',gh:[500],gw:[1240],vpt:['-200px'],size:{fullWidth:true, fullHeight:false},mh:'0',onh:0,onw:0,bg:{color:'transparent'},plType:'0',plColor:'#FFFFFF'});   SR7.PMH[\"SR7_2_2\"].state=true;} else if(SR7.PMH[\"SR7_2_2\"].cn-->0)\tsetTimeout( SR7.PMH[\"SR7_2_2\"].fn,19);}};SR7.PMH[\"SR7_2_2\" ].fn();\n\t\t\t\t<\/script>\nMinska risken f\u00f6r oh\u00e4lsa och kr\u00e4nkningar Ett av v\u00e5ra st\u00f6rsta och sv\u00e5raste utmaningar i samh\u00e4llet \u00e4r de \u00f6kade sjukskrivningstalen b\u00e5de inom offentlig och privat sektor. I spelet om organisatorisk och social arbetsmilj\u00f6 utg\u00e5r vi fr\u00e5n Arbetsmilj\u00f6verkets riktlinjer f\u00f6r att f\u00f6rebygga och hantera oh\u00e4lsa, arbetsbelastning och kr\u00e4nkande s\u00e4rbehandling. V\u00e5rt s\u00e4tt att arbeta med detta har [&hellip;]<\/p>\n","protected":false},"author":2,"featured_media":0,"parent":574,"menu_order":0,"comment_status":"closed","ping_status":"closed","template":"","meta":{"_et_pb_use_builder":"on","_et_pb_old_content":"","_et_gb_content_width":"","footnotes":""},"class_list":["post-569","page","type-page","status-publish","hentry"],"yoast_head":"<!-- This site is optimized with the Yoast SEO plugin v27.4 - https:\/\/yoast.com\/product\/yoast-seo-wordpress\/ -->\n<title>Organisatorisk &amp; social arbetsmilj\u00f6 - Good Decision<\/title>\n<meta name=\"robots\" content=\"index, follow, max-snippet:-1, max-image-preview:large, max-video-preview:-1\" \/>\n<link rel=\"canonical\" href=\"https:\/\/gooddecision.eu\/sv\/pedagogiska-redskap\/organisatorisk-social-arbetsmiljo\/\" \/>\n<meta property=\"og:locale\" content=\"sv_SE\" \/>\n<meta property=\"og:type\" content=\"article\" \/>\n<meta property=\"og:title\" content=\"Organisatorisk &amp; social arbetsmilj\u00f6 - Good Decision\" \/>\n<meta property=\"og:description\" content=\"Minska risken f\u00f6r oh\u00e4lsa och kr\u00e4nkningar Ett av v\u00e5ra st\u00f6rsta och sv\u00e5raste utmaningar i samh\u00e4llet \u00e4r de \u00f6kade sjukskrivningstalen b\u00e5de inom offentlig och privat sektor. I spelet om organisatorisk och social arbetsmilj\u00f6 utg\u00e5r vi fr\u00e5n Arbetsmilj\u00f6verkets riktlinjer f\u00f6r att f\u00f6rebygga och hantera oh\u00e4lsa, arbetsbelastning och kr\u00e4nkande s\u00e4rbehandling. V\u00e5rt s\u00e4tt att arbeta med detta har [&hellip;]\" \/>\n<meta property=\"og:url\" content=\"https:\/\/gooddecision.eu\/sv\/pedagogiska-redskap\/organisatorisk-social-arbetsmiljo\/\" \/>\n<meta property=\"og:site_name\" content=\"Good Decision\" \/>\n<meta property=\"article:modified_time\" content=\"2026-02-23T14:21:09+00:00\" \/>\n<meta property=\"og:image\" content=\"https:\/\/gooddecision.eu\/wp-content\/uploads\/2017\/05\/referens_ikon.png\" \/>\n\t<meta property=\"og:image:width\" content=\"60\" \/>\n\t<meta property=\"og:image:height\" content=\"55\" \/>\n\t<meta property=\"og:image:type\" content=\"image\/png\" \/>\n<meta name=\"twitter:card\" content=\"summary_large_image\" \/>\n<meta name=\"twitter:label1\" content=\"Ber\u00e4knad l\u00e4stid\" \/>\n\t<meta name=\"twitter:data1\" content=\"4 minuter\" \/>\n<script type=\"application\/ld+json\" class=\"yoast-schema-graph\">{\"@context\":\"https:\\\/\\\/schema.org\",\"@graph\":[{\"@type\":\"WebPage\",\"@id\":\"https:\\\/\\\/gooddecision.eu\\\/sv\\\/pedagogiska-redskap\\\/organisatorisk-social-arbetsmiljo\\\/\",\"url\":\"https:\\\/\\\/gooddecision.eu\\\/sv\\\/pedagogiska-redskap\\\/organisatorisk-social-arbetsmiljo\\\/\",\"name\":\"Organisatorisk & social arbetsmilj\u00f6 - Good Decision\",\"isPartOf\":{\"@id\":\"https:\\\/\\\/gooddecision.eu\\\/sv\\\/#website\"},\"primaryImageOfPage\":{\"@id\":\"https:\\\/\\\/gooddecision.eu\\\/sv\\\/pedagogiska-redskap\\\/organisatorisk-social-arbetsmiljo\\\/#primaryimage\"},\"image\":{\"@id\":\"https:\\\/\\\/gooddecision.eu\\\/sv\\\/pedagogiska-redskap\\\/organisatorisk-social-arbetsmiljo\\\/#primaryimage\"},\"thumbnailUrl\":\"https:\\\/\\\/gooddecision.eu\\\/wp-content\\\/uploads\\\/2017\\\/05\\\/referens_ikon.png\",\"datePublished\":\"2017-05-18T11:30:01+00:00\",\"dateModified\":\"2026-02-23T14:21:09+00:00\",\"breadcrumb\":{\"@id\":\"https:\\\/\\\/gooddecision.eu\\\/sv\\\/pedagogiska-redskap\\\/organisatorisk-social-arbetsmiljo\\\/#breadcrumb\"},\"inLanguage\":\"sv-SE\",\"potentialAction\":[{\"@type\":\"ReadAction\",\"target\":[\"https:\\\/\\\/gooddecision.eu\\\/sv\\\/pedagogiska-redskap\\\/organisatorisk-social-arbetsmiljo\\\/\"]}]},{\"@type\":\"ImageObject\",\"inLanguage\":\"sv-SE\",\"@id\":\"https:\\\/\\\/gooddecision.eu\\\/sv\\\/pedagogiska-redskap\\\/organisatorisk-social-arbetsmiljo\\\/#primaryimage\",\"url\":\"https:\\\/\\\/gooddecision.eu\\\/wp-content\\\/uploads\\\/2017\\\/05\\\/referens_ikon.png\",\"contentUrl\":\"https:\\\/\\\/gooddecision.eu\\\/wp-content\\\/uploads\\\/2017\\\/05\\\/referens_ikon.png\"},{\"@type\":\"BreadcrumbList\",\"@id\":\"https:\\\/\\\/gooddecision.eu\\\/sv\\\/pedagogiska-redskap\\\/organisatorisk-social-arbetsmiljo\\\/#breadcrumb\",\"itemListElement\":[{\"@type\":\"ListItem\",\"position\":1,\"name\":\"Hem\",\"item\":\"https:\\\/\\\/gooddecision.eu\\\/sv\\\/\"},{\"@type\":\"ListItem\",\"position\":2,\"name\":\"Pedagogiska redskap\",\"item\":\"https:\\\/\\\/gooddecision.eu\\\/sv\\\/pedagogiska-redskap\\\/\"},{\"@type\":\"ListItem\",\"position\":3,\"name\":\"Organisatorisk &#038; social arbetsmilj\u00f6\"}]},{\"@type\":\"WebSite\",\"@id\":\"https:\\\/\\\/gooddecision.eu\\\/sv\\\/#website\",\"url\":\"https:\\\/\\\/gooddecision.eu\\\/sv\\\/\",\"name\":\"Good Decision\",\"description\":\"Utvecklar organisationer med synliga positiva effekter!\",\"publisher\":{\"@id\":\"https:\\\/\\\/gooddecision.eu\\\/sv\\\/#organization\"},\"potentialAction\":[{\"@type\":\"SearchAction\",\"target\":{\"@type\":\"EntryPoint\",\"urlTemplate\":\"https:\\\/\\\/gooddecision.eu\\\/sv\\\/?s={search_term_string}\"},\"query-input\":{\"@type\":\"PropertyValueSpecification\",\"valueRequired\":true,\"valueName\":\"search_term_string\"}}],\"inLanguage\":\"sv-SE\"},{\"@type\":\"Organization\",\"@id\":\"https:\\\/\\\/gooddecision.eu\\\/sv\\\/#organization\",\"name\":\"Good Decision\",\"url\":\"https:\\\/\\\/gooddecision.eu\\\/sv\\\/\",\"logo\":{\"@type\":\"ImageObject\",\"inLanguage\":\"sv-SE\",\"@id\":\"https:\\\/\\\/gooddecision.eu\\\/sv\\\/#\\\/schema\\\/logo\\\/image\\\/\",\"url\":\"https:\\\/\\\/gooddecision.eu\\\/wp-content\\\/uploads\\\/2015\\\/09\\\/logo.png\",\"contentUrl\":\"https:\\\/\\\/gooddecision.eu\\\/wp-content\\\/uploads\\\/2015\\\/09\\\/logo.png\",\"width\":350,\"height\":31,\"caption\":\"Good Decision\"},\"image\":{\"@id\":\"https:\\\/\\\/gooddecision.eu\\\/sv\\\/#\\\/schema\\\/logo\\\/image\\\/\"}}]}<\/script>\n<!-- \/ Yoast SEO plugin. -->","yoast_head_json":{"title":"Organisatorisk & social arbetsmilj\u00f6 - Good Decision","robots":{"index":"index","follow":"follow","max-snippet":"max-snippet:-1","max-image-preview":"max-image-preview:large","max-video-preview":"max-video-preview:-1"},"canonical":"https:\/\/gooddecision.eu\/sv\/pedagogiska-redskap\/organisatorisk-social-arbetsmiljo\/","og_locale":"sv_SE","og_type":"article","og_title":"Organisatorisk & social arbetsmilj\u00f6 - Good Decision","og_description":"Minska risken f\u00f6r oh\u00e4lsa och kr\u00e4nkningar Ett av v\u00e5ra st\u00f6rsta och sv\u00e5raste utmaningar i samh\u00e4llet \u00e4r de \u00f6kade sjukskrivningstalen b\u00e5de inom offentlig och privat sektor. I spelet om organisatorisk och social arbetsmilj\u00f6 utg\u00e5r vi fr\u00e5n Arbetsmilj\u00f6verkets riktlinjer f\u00f6r att f\u00f6rebygga och hantera oh\u00e4lsa, arbetsbelastning och kr\u00e4nkande s\u00e4rbehandling. V\u00e5rt s\u00e4tt att arbeta med detta har [&hellip;]","og_url":"https:\/\/gooddecision.eu\/sv\/pedagogiska-redskap\/organisatorisk-social-arbetsmiljo\/","og_site_name":"Good Decision","article_modified_time":"2026-02-23T14:21:09+00:00","og_image":[{"width":60,"height":55,"url":"https:\/\/gooddecision.eu\/wp-content\/uploads\/2017\/05\/referens_ikon.png","type":"image\/png"}],"twitter_card":"summary_large_image","twitter_misc":{"Ber\u00e4knad l\u00e4stid":"4 minuter"},"schema":{"@context":"https:\/\/schema.org","@graph":[{"@type":"WebPage","@id":"https:\/\/gooddecision.eu\/sv\/pedagogiska-redskap\/organisatorisk-social-arbetsmiljo\/","url":"https:\/\/gooddecision.eu\/sv\/pedagogiska-redskap\/organisatorisk-social-arbetsmiljo\/","name":"Organisatorisk & social arbetsmilj\u00f6 - Good Decision","isPartOf":{"@id":"https:\/\/gooddecision.eu\/sv\/#website"},"primaryImageOfPage":{"@id":"https:\/\/gooddecision.eu\/sv\/pedagogiska-redskap\/organisatorisk-social-arbetsmiljo\/#primaryimage"},"image":{"@id":"https:\/\/gooddecision.eu\/sv\/pedagogiska-redskap\/organisatorisk-social-arbetsmiljo\/#primaryimage"},"thumbnailUrl":"https:\/\/gooddecision.eu\/wp-content\/uploads\/2017\/05\/referens_ikon.png","datePublished":"2017-05-18T11:30:01+00:00","dateModified":"2026-02-23T14:21:09+00:00","breadcrumb":{"@id":"https:\/\/gooddecision.eu\/sv\/pedagogiska-redskap\/organisatorisk-social-arbetsmiljo\/#breadcrumb"},"inLanguage":"sv-SE","potentialAction":[{"@type":"ReadAction","target":["https:\/\/gooddecision.eu\/sv\/pedagogiska-redskap\/organisatorisk-social-arbetsmiljo\/"]}]},{"@type":"ImageObject","inLanguage":"sv-SE","@id":"https:\/\/gooddecision.eu\/sv\/pedagogiska-redskap\/organisatorisk-social-arbetsmiljo\/#primaryimage","url":"https:\/\/gooddecision.eu\/wp-content\/uploads\/2017\/05\/referens_ikon.png","contentUrl":"https:\/\/gooddecision.eu\/wp-content\/uploads\/2017\/05\/referens_ikon.png"},{"@type":"BreadcrumbList","@id":"https:\/\/gooddecision.eu\/sv\/pedagogiska-redskap\/organisatorisk-social-arbetsmiljo\/#breadcrumb","itemListElement":[{"@type":"ListItem","position":1,"name":"Hem","item":"https:\/\/gooddecision.eu\/sv\/"},{"@type":"ListItem","position":2,"name":"Pedagogiska redskap","item":"https:\/\/gooddecision.eu\/sv\/pedagogiska-redskap\/"},{"@type":"ListItem","position":3,"name":"Organisatorisk &#038; social arbetsmilj\u00f6"}]},{"@type":"WebSite","@id":"https:\/\/gooddecision.eu\/sv\/#website","url":"https:\/\/gooddecision.eu\/sv\/","name":"Good Decision","description":"Utvecklar organisationer med synliga positiva effekter!","publisher":{"@id":"https:\/\/gooddecision.eu\/sv\/#organization"},"potentialAction":[{"@type":"SearchAction","target":{"@type":"EntryPoint","urlTemplate":"https:\/\/gooddecision.eu\/sv\/?s={search_term_string}"},"query-input":{"@type":"PropertyValueSpecification","valueRequired":true,"valueName":"search_term_string"}}],"inLanguage":"sv-SE"},{"@type":"Organization","@id":"https:\/\/gooddecision.eu\/sv\/#organization","name":"Good Decision","url":"https:\/\/gooddecision.eu\/sv\/","logo":{"@type":"ImageObject","inLanguage":"sv-SE","@id":"https:\/\/gooddecision.eu\/sv\/#\/schema\/logo\/image\/","url":"https:\/\/gooddecision.eu\/wp-content\/uploads\/2015\/09\/logo.png","contentUrl":"https:\/\/gooddecision.eu\/wp-content\/uploads\/2015\/09\/logo.png","width":350,"height":31,"caption":"Good Decision"},"image":{"@id":"https:\/\/gooddecision.eu\/sv\/#\/schema\/logo\/image\/"}}]}},"_links":{"self":[{"href":"https:\/\/gooddecision.eu\/sv\/wp-json\/wp\/v2\/pages\/569","targetHints":{"allow":["GET"]}}],"collection":[{"href":"https:\/\/gooddecision.eu\/sv\/wp-json\/wp\/v2\/pages"}],"about":[{"href":"https:\/\/gooddecision.eu\/sv\/wp-json\/wp\/v2\/types\/page"}],"author":[{"embeddable":true,"href":"https:\/\/gooddecision.eu\/sv\/wp-json\/wp\/v2\/users\/2"}],"replies":[{"embeddable":true,"href":"https:\/\/gooddecision.eu\/sv\/wp-json\/wp\/v2\/comments?post=569"}],"version-history":[{"count":10,"href":"https:\/\/gooddecision.eu\/sv\/wp-json\/wp\/v2\/pages\/569\/revisions"}],"predecessor-version":[{"id":2952,"href":"https:\/\/gooddecision.eu\/sv\/wp-json\/wp\/v2\/pages\/569\/revisions\/2952"}],"up":[{"embeddable":true,"href":"https:\/\/gooddecision.eu\/sv\/wp-json\/wp\/v2\/pages\/574"}],"wp:attachment":[{"href":"https:\/\/gooddecision.eu\/sv\/wp-json\/wp\/v2\/media?parent=569"}],"curies":[{"name":"wp","href":"https:\/\/api.w.org\/{rel}","templated":true}]}}