{"id":41,"date":"2015-09-02T10:08:26","date_gmt":"2015-09-02T08:08:26","guid":{"rendered":"http:\/\/gooddecision.eu\/?page_id=41"},"modified":"2026-01-13T17:08:28","modified_gmt":"2026-01-13T16:08:28","slug":"om-oss","status":"publish","type":"page","link":"https:\/\/gooddecision.eu\/sv\/om-oss\/","title":{"rendered":"OM OSS"},"content":{"rendered":"<p>[et_pb_section fb_built=&#8221;1&#8243; fullwidth=&#8221;on&#8221; admin_label=&#8221;section&#8221; _builder_version=&#8221;4.27.4&#8243; custom_margin=&#8221;||||false|false&#8221; custom_margin_tablet=&#8221;-1px||0px||false|false&#8221; custom_margin_phone=&#8221;-2px||0px||false|false&#8221; custom_margin_last_edited=&#8221;on|tablet&#8221; locked=&#8221;off&#8221; global_colors_info=&#8221;{}&#8221;][et_pb_fullwidth_image src=&#8221;https:\/\/gooddecision.eu\/wp-content\/uploads\/2015\/09\/bord1.jpg&#8221; _builder_version=&#8221;4.27.4&#8243; custom_margin=&#8221;0px||0px||false|false&#8221; custom_padding=&#8221;0px||0px||false|false&#8221; animation_style=&#8221;slide&#8221; animation_direction=&#8221;left&#8221; animation_duration=&#8221;500ms&#8221; animation_intensity_slide=&#8221;10%&#8221; global_colors_info=&#8221;{}&#8221;][\/et_pb_fullwidth_image][\/et_pb_section][et_pb_section fb_built=&#8221;1&#8243; _builder_version=&#8221;4.21.0&#8243; _module_preset=&#8221;default&#8221; custom_padding=&#8221;54px|||||&#8221; global_colors_info=&#8221;{}&#8221;][et_pb_row column_structure=&#8221;1_2,1_2&#8243; _builder_version=&#8221;4.21.0&#8243; _module_preset=&#8221;default&#8221; global_colors_info=&#8221;{}&#8221;][et_pb_column type=&#8221;1_2&#8243; _builder_version=&#8221;4.21.0&#8243; _module_preset=&#8221;default&#8221; global_colors_info=&#8221;{}&#8221;][et_pb_image src=&#8221;https:\/\/gooddecision.eu\/wp-content\/uploads\/2023\/05\/shape-and-share_the-game2.jpg&#8221; _builder_version=&#8221;4.21.0&#8243; _module_preset=&#8221;default&#8221; global_colors_info=&#8221;{}&#8221;][\/et_pb_image][et_pb_text _builder_version=&#8221;4.23&#8243; background_size=&#8221;initial&#8221; background_position=&#8221;top_left&#8221; background_repeat=&#8221;repeat&#8221; global_colors_info=&#8221;{}&#8221;]<\/p>\n<h1>Bred kunskap och l\u00e5ng erfarenhet<\/h1>\n<p><span style=\"color: #000000; font-size: 18px; font-family: 'Open Sans', Helvetica, Arial, Lucida, sans-serif; font-weight: bold;\">Vi som arbetar p\u00e5 Good Decision har en bred kunskap och l\u00e5ng erfarenhet i utvecklingsarbete fr\u00e5n individniv\u00e5 till att st\u00f6dja st\u00f6rre organisationer p\u00e5 ett internationellt plan.<\/span><\/p>\n<p>Som exempel formar vi arbetss\u00e4tt och projektmodeller, d\u00e4r r\u00e4tt m\u00e4ngd metodik till uppgiften skapar framg\u00e5ng. Vi hj\u00e4lper organisationer att skapa kunskap och f\u00f6rst\u00e5else f\u00f6r v\u00e4rdeord och uppf\u00f6randekod genom att tillsammans forma spelifiering som \u00f6kar engagemang och tydlighet.<\/p>\n<p>Med andra ord har vi modet att prova nytt och bryta i invanda tankem\u00f6nster. V\u00e5ra kompetenser \u00e4r retorik, pedagogik, sociologi, psykologi och strategi. Genom v\u00e5rt s\u00e4tt att arbeta frig\u00f6rs positiv energi i vardagliga situationer.<\/p>\n<p>&nbsp;<\/p>\n<p>[\/et_pb_text][\/et_pb_column][et_pb_column type=&#8221;1_2&#8243; _builder_version=&#8221;4.21.0&#8243; _module_preset=&#8221;default&#8221; global_colors_info=&#8221;{}&#8221;][et_pb_text _builder_version=&#8221;4.23&#8243; _module_preset=&#8221;default&#8221; global_colors_info=&#8221;{}&#8221;]<\/p>\n<h2><span style=\"color: #ad0076;\">Historien om oss<\/span><\/h2>\n<h6><span style=\"color: #000000;\">I ett utvecklingsarbete med en ledningsgrupp p\u00e5 en tillverkande industri, fick Good Decisions grundare Jens S\u00e5ngberg m\u00f6jlighet att genomf\u00f6ra avst\u00e4mningsm\u00f6ten med j\u00e4mna mellanrum tillsammans med \u00e4garen\/f\u00f6retagsledaren.<\/span><\/h6>\n<p>Under ett av dessa m\u00f6ten framgick det tydligt att \u00e4garen inte var n\u00f6jd med hur b\u00e5de ledare och medarbetare i f\u00f6retaget hade agerat i n\u00e5gra nyligen uppkomna situationer. Efter det att \u00e4garen, i ett n\u00e5got frustrerat tillst\u00e5nd, f\u00f6rklarat vad som skett och varf\u00f6r och vem hade gjort vilket fel, fr\u00e5gade Jens \u00e4garen:<\/p>\n<blockquote>\n<p><strong>\u201dVad vill du d\u00e5 att dina medarbetare och chefer ska g\u00f6ra?\u201d<\/strong><\/p>\n<\/blockquote>\n<p>Efter en kort bet\u00e4nketid svarade han:<\/p>\n<blockquote>\n<p>\u00a0<strong>\u201dJag vill att de ska fatta bra beslut!!\u201d<\/strong><\/p>\n<\/blockquote>\n<h6><span style=\"color: #000000;\">Styrande direktiv<\/span><\/h6>\n<p>Det vill nog alla, ta bra beslut. F\u00f6r att vi ska lyckas med det beh\u00f6ver vi f\u00f6rst\u00e5 vad som f\u00e5r oss och organisationen att m\u00e5 bra. I en verksamhet kallas det styrande direktiv. V\u00e5rt jobb \u00e4r att g\u00f6ra dessa synliga f\u00f6r alla i vardagen. I de styrande direktiven hittar vi argumenten till vad vi ska prioritera och hur vi ska agera som medarbetare och ledare.<\/p>\n<p>Vi tagit fasta p\u00e5 detta och utvecklat ett arbetss\u00e4tt d\u00e4r alla kommer till tals. De styrande direktiven \u00e4r i centrum f\u00f6r alla beslut som fattas och d\u00e4r vi l\u00f6ser organisationens utmaningar. Samtidigt formas en metod, ett arbetss\u00e4tt, f\u00f6r hur medarbetare och chefer i framtiden kan sj\u00e4lva arbeta f\u00f6r att \u00f6ka effektivitet och l\u00f6nsamhet.<\/p>\n<p>[\/et_pb_text][\/et_pb_column][\/et_pb_row][\/et_pb_section]<\/p>\n","protected":false},"excerpt":{"rendered":"<p>Bred kunskap och l\u00e5ng erfarenhet Vi som arbetar p\u00e5 Good Decision har en bred kunskap och l\u00e5ng erfarenhet i utvecklingsarbete fr\u00e5n individniv\u00e5 till att st\u00f6dja st\u00f6rre organisationer p\u00e5 ett internationellt plan. Som exempel formar vi arbetss\u00e4tt och projektmodeller, d\u00e4r r\u00e4tt m\u00e4ngd metodik till uppgiften skapar framg\u00e5ng. Vi hj\u00e4lper organisationer att skapa kunskap och f\u00f6rst\u00e5else f\u00f6r [&hellip;]<\/p>\n","protected":false},"author":2,"featured_media":464,"parent":0,"menu_order":0,"comment_status":"closed","ping_status":"closed","template":"","meta":{"_et_pb_use_builder":"on","_et_pb_old_content":"","_et_gb_content_width":"","footnotes":""},"class_list":["post-41","page","type-page","status-publish","has-post-thumbnail","hentry"],"yoast_head":"<!-- This site is optimized with the Yoast SEO plugin v27.4 - https:\/\/yoast.com\/product\/yoast-seo-wordpress\/ -->\n<title>Utvecklingsarbete fr\u00e5n individniv\u00e5 till att st\u00f6dja st\u00f6rre organisationer<\/title>\n<meta name=\"description\" content=\"Utvecklingsarbete fr\u00e5n individniv\u00e5 till att st\u00f6dja st\u00f6rre organisationer p\u00e5 ett internationellt plan. Som exempel formar vi arbetss\u00e4tt och projektmodeller,\" \/>\n<meta name=\"robots\" content=\"index, follow, max-snippet:-1, max-image-preview:large, max-video-preview:-1\" \/>\n<link rel=\"canonical\" href=\"https:\/\/gooddecision.eu\/sv\/om-oss\/\" \/>\n<meta property=\"og:locale\" content=\"sv_SE\" \/>\n<meta property=\"og:type\" content=\"article\" \/>\n<meta property=\"og:title\" content=\"Utvecklingsarbete fr\u00e5n individniv\u00e5 till att st\u00f6dja st\u00f6rre organisationer\" \/>\n<meta property=\"og:description\" content=\"Utvecklingsarbete fr\u00e5n individniv\u00e5 till att st\u00f6dja st\u00f6rre organisationer p\u00e5 ett internationellt plan. Som exempel formar vi arbetss\u00e4tt och projektmodeller,\" \/>\n<meta property=\"og:url\" content=\"https:\/\/gooddecision.eu\/sv\/om-oss\/\" \/>\n<meta property=\"og:site_name\" content=\"Good Decision\" \/>\n<meta property=\"article:modified_time\" content=\"2026-01-13T16:08:28+00:00\" \/>\n<meta property=\"og:image\" content=\"https:\/\/gooddecision.eu\/wp-content\/uploads\/2016\/06\/pajdiagram.gif\" \/>\n\t<meta property=\"og:image:width\" content=\"620\" \/>\n\t<meta property=\"og:image:height\" content=\"277\" \/>\n\t<meta property=\"og:image:type\" content=\"image\/gif\" \/>\n<meta name=\"twitter:card\" content=\"summary_large_image\" \/>\n<meta name=\"twitter:label1\" content=\"Ber\u00e4knad l\u00e4stid\" \/>\n\t<meta name=\"twitter:data1\" content=\"3 minuter\" \/>\n<script type=\"application\/ld+json\" class=\"yoast-schema-graph\">{\"@context\":\"https:\\\/\\\/schema.org\",\"@graph\":[{\"@type\":\"WebPage\",\"@id\":\"https:\\\/\\\/gooddecision.eu\\\/sv\\\/om-oss\\\/\",\"url\":\"https:\\\/\\\/gooddecision.eu\\\/sv\\\/om-oss\\\/\",\"name\":\"Utvecklingsarbete fr\u00e5n individniv\u00e5 till att st\u00f6dja st\u00f6rre organisationer\",\"isPartOf\":{\"@id\":\"https:\\\/\\\/gooddecision.eu\\\/sv\\\/#website\"},\"primaryImageOfPage\":{\"@id\":\"https:\\\/\\\/gooddecision.eu\\\/sv\\\/om-oss\\\/#primaryimage\"},\"image\":{\"@id\":\"https:\\\/\\\/gooddecision.eu\\\/sv\\\/om-oss\\\/#primaryimage\"},\"thumbnailUrl\":\"https:\\\/\\\/gooddecision.eu\\\/wp-content\\\/uploads\\\/2016\\\/06\\\/pajdiagram.gif\",\"datePublished\":\"2015-09-02T08:08:26+00:00\",\"dateModified\":\"2026-01-13T16:08:28+00:00\",\"description\":\"Utvecklingsarbete fr\u00e5n individniv\u00e5 till att st\u00f6dja st\u00f6rre organisationer p\u00e5 ett internationellt plan. Som exempel formar vi arbetss\u00e4tt och projektmodeller,\",\"breadcrumb\":{\"@id\":\"https:\\\/\\\/gooddecision.eu\\\/sv\\\/om-oss\\\/#breadcrumb\"},\"inLanguage\":\"sv-SE\",\"potentialAction\":[{\"@type\":\"ReadAction\",\"target\":[\"https:\\\/\\\/gooddecision.eu\\\/sv\\\/om-oss\\\/\"]}]},{\"@type\":\"ImageObject\",\"inLanguage\":\"sv-SE\",\"@id\":\"https:\\\/\\\/gooddecision.eu\\\/sv\\\/om-oss\\\/#primaryimage\",\"url\":\"https:\\\/\\\/gooddecision.eu\\\/wp-content\\\/uploads\\\/2016\\\/06\\\/pajdiagram.gif\",\"contentUrl\":\"https:\\\/\\\/gooddecision.eu\\\/wp-content\\\/uploads\\\/2016\\\/06\\\/pajdiagram.gif\",\"width\":620,\"height\":277,\"caption\":\"Utvecklingsarbete\"},{\"@type\":\"BreadcrumbList\",\"@id\":\"https:\\\/\\\/gooddecision.eu\\\/sv\\\/om-oss\\\/#breadcrumb\",\"itemListElement\":[{\"@type\":\"ListItem\",\"position\":1,\"name\":\"Hem\",\"item\":\"https:\\\/\\\/gooddecision.eu\\\/sv\\\/\"},{\"@type\":\"ListItem\",\"position\":2,\"name\":\"OM OSS\"}]},{\"@type\":\"WebSite\",\"@id\":\"https:\\\/\\\/gooddecision.eu\\\/sv\\\/#website\",\"url\":\"https:\\\/\\\/gooddecision.eu\\\/sv\\\/\",\"name\":\"Good Decision\",\"description\":\"Utvecklar organisationer med synliga positiva effekter!\",\"publisher\":{\"@id\":\"https:\\\/\\\/gooddecision.eu\\\/sv\\\/#organization\"},\"potentialAction\":[{\"@type\":\"SearchAction\",\"target\":{\"@type\":\"EntryPoint\",\"urlTemplate\":\"https:\\\/\\\/gooddecision.eu\\\/sv\\\/?s={search_term_string}\"},\"query-input\":{\"@type\":\"PropertyValueSpecification\",\"valueRequired\":true,\"valueName\":\"search_term_string\"}}],\"inLanguage\":\"sv-SE\"},{\"@type\":\"Organization\",\"@id\":\"https:\\\/\\\/gooddecision.eu\\\/sv\\\/#organization\",\"name\":\"Good Decision\",\"url\":\"https:\\\/\\\/gooddecision.eu\\\/sv\\\/\",\"logo\":{\"@type\":\"ImageObject\",\"inLanguage\":\"sv-SE\",\"@id\":\"https:\\\/\\\/gooddecision.eu\\\/sv\\\/#\\\/schema\\\/logo\\\/image\\\/\",\"url\":\"https:\\\/\\\/gooddecision.eu\\\/wp-content\\\/uploads\\\/2015\\\/09\\\/logo.png\",\"contentUrl\":\"https:\\\/\\\/gooddecision.eu\\\/wp-content\\\/uploads\\\/2015\\\/09\\\/logo.png\",\"width\":350,\"height\":31,\"caption\":\"Good Decision\"},\"image\":{\"@id\":\"https:\\\/\\\/gooddecision.eu\\\/sv\\\/#\\\/schema\\\/logo\\\/image\\\/\"}}]}<\/script>\n<!-- \/ Yoast SEO plugin. -->","yoast_head_json":{"title":"Utvecklingsarbete fr\u00e5n individniv\u00e5 till att st\u00f6dja st\u00f6rre organisationer","description":"Utvecklingsarbete fr\u00e5n individniv\u00e5 till att st\u00f6dja st\u00f6rre organisationer p\u00e5 ett internationellt plan. Som exempel formar vi arbetss\u00e4tt och projektmodeller,","robots":{"index":"index","follow":"follow","max-snippet":"max-snippet:-1","max-image-preview":"max-image-preview:large","max-video-preview":"max-video-preview:-1"},"canonical":"https:\/\/gooddecision.eu\/sv\/om-oss\/","og_locale":"sv_SE","og_type":"article","og_title":"Utvecklingsarbete fr\u00e5n individniv\u00e5 till att st\u00f6dja st\u00f6rre organisationer","og_description":"Utvecklingsarbete fr\u00e5n individniv\u00e5 till att st\u00f6dja st\u00f6rre organisationer p\u00e5 ett internationellt plan. Som exempel formar vi arbetss\u00e4tt och projektmodeller,","og_url":"https:\/\/gooddecision.eu\/sv\/om-oss\/","og_site_name":"Good Decision","article_modified_time":"2026-01-13T16:08:28+00:00","og_image":[{"width":620,"height":277,"url":"https:\/\/gooddecision.eu\/wp-content\/uploads\/2016\/06\/pajdiagram.gif","type":"image\/gif"}],"twitter_card":"summary_large_image","twitter_misc":{"Ber\u00e4knad l\u00e4stid":"3 minuter"},"schema":{"@context":"https:\/\/schema.org","@graph":[{"@type":"WebPage","@id":"https:\/\/gooddecision.eu\/sv\/om-oss\/","url":"https:\/\/gooddecision.eu\/sv\/om-oss\/","name":"Utvecklingsarbete fr\u00e5n individniv\u00e5 till att st\u00f6dja st\u00f6rre organisationer","isPartOf":{"@id":"https:\/\/gooddecision.eu\/sv\/#website"},"primaryImageOfPage":{"@id":"https:\/\/gooddecision.eu\/sv\/om-oss\/#primaryimage"},"image":{"@id":"https:\/\/gooddecision.eu\/sv\/om-oss\/#primaryimage"},"thumbnailUrl":"https:\/\/gooddecision.eu\/wp-content\/uploads\/2016\/06\/pajdiagram.gif","datePublished":"2015-09-02T08:08:26+00:00","dateModified":"2026-01-13T16:08:28+00:00","description":"Utvecklingsarbete fr\u00e5n individniv\u00e5 till att st\u00f6dja st\u00f6rre organisationer p\u00e5 ett internationellt plan. Som exempel formar vi arbetss\u00e4tt och projektmodeller,","breadcrumb":{"@id":"https:\/\/gooddecision.eu\/sv\/om-oss\/#breadcrumb"},"inLanguage":"sv-SE","potentialAction":[{"@type":"ReadAction","target":["https:\/\/gooddecision.eu\/sv\/om-oss\/"]}]},{"@type":"ImageObject","inLanguage":"sv-SE","@id":"https:\/\/gooddecision.eu\/sv\/om-oss\/#primaryimage","url":"https:\/\/gooddecision.eu\/wp-content\/uploads\/2016\/06\/pajdiagram.gif","contentUrl":"https:\/\/gooddecision.eu\/wp-content\/uploads\/2016\/06\/pajdiagram.gif","width":620,"height":277,"caption":"Utvecklingsarbete"},{"@type":"BreadcrumbList","@id":"https:\/\/gooddecision.eu\/sv\/om-oss\/#breadcrumb","itemListElement":[{"@type":"ListItem","position":1,"name":"Hem","item":"https:\/\/gooddecision.eu\/sv\/"},{"@type":"ListItem","position":2,"name":"OM OSS"}]},{"@type":"WebSite","@id":"https:\/\/gooddecision.eu\/sv\/#website","url":"https:\/\/gooddecision.eu\/sv\/","name":"Good Decision","description":"Utvecklar organisationer med synliga positiva effekter!","publisher":{"@id":"https:\/\/gooddecision.eu\/sv\/#organization"},"potentialAction":[{"@type":"SearchAction","target":{"@type":"EntryPoint","urlTemplate":"https:\/\/gooddecision.eu\/sv\/?s={search_term_string}"},"query-input":{"@type":"PropertyValueSpecification","valueRequired":true,"valueName":"search_term_string"}}],"inLanguage":"sv-SE"},{"@type":"Organization","@id":"https:\/\/gooddecision.eu\/sv\/#organization","name":"Good Decision","url":"https:\/\/gooddecision.eu\/sv\/","logo":{"@type":"ImageObject","inLanguage":"sv-SE","@id":"https:\/\/gooddecision.eu\/sv\/#\/schema\/logo\/image\/","url":"https:\/\/gooddecision.eu\/wp-content\/uploads\/2015\/09\/logo.png","contentUrl":"https:\/\/gooddecision.eu\/wp-content\/uploads\/2015\/09\/logo.png","width":350,"height":31,"caption":"Good Decision"},"image":{"@id":"https:\/\/gooddecision.eu\/sv\/#\/schema\/logo\/image\/"}}]}},"_links":{"self":[{"href":"https:\/\/gooddecision.eu\/sv\/wp-json\/wp\/v2\/pages\/41","targetHints":{"allow":["GET"]}}],"collection":[{"href":"https:\/\/gooddecision.eu\/sv\/wp-json\/wp\/v2\/pages"}],"about":[{"href":"https:\/\/gooddecision.eu\/sv\/wp-json\/wp\/v2\/types\/page"}],"author":[{"embeddable":true,"href":"https:\/\/gooddecision.eu\/sv\/wp-json\/wp\/v2\/users\/2"}],"replies":[{"embeddable":true,"href":"https:\/\/gooddecision.eu\/sv\/wp-json\/wp\/v2\/comments?post=41"}],"version-history":[{"count":12,"href":"https:\/\/gooddecision.eu\/sv\/wp-json\/wp\/v2\/pages\/41\/revisions"}],"predecessor-version":[{"id":2648,"href":"https:\/\/gooddecision.eu\/sv\/wp-json\/wp\/v2\/pages\/41\/revisions\/2648"}],"wp:featuredmedia":[{"embeddable":true,"href":"https:\/\/gooddecision.eu\/sv\/wp-json\/wp\/v2\/media\/464"}],"wp:attachment":[{"href":"https:\/\/gooddecision.eu\/sv\/wp-json\/wp\/v2\/media?parent=41"}],"curies":[{"name":"wp","href":"https:\/\/api.w.org\/{rel}","templated":true}]}}