{"id":1615,"date":"2018-03-29T13:29:48","date_gmt":"2018-03-29T11:29:48","guid":{"rendered":"http:\/\/gooddecision.eu\/?page_id=1615"},"modified":"2026-01-18T22:40:06","modified_gmt":"2026-01-18T21:40:06","slug":"lat-oss-prata-om-det-spelet","status":"publish","type":"page","link":"https:\/\/gooddecision.eu\/sv\/pedagogiska-redskap\/lat-oss-prata-om-det-spelet\/","title":{"rendered":"L\u00e5t oss prata om det-spelet"},"content":{"rendered":"<p>[et_pb_section fb_built=&#8221;1&#8243; fullwidth=&#8221;on&#8221; _builder_version=&#8221;4.16&#8243; global_colors_info=&#8221;{}&#8221;][et_pb_fullwidth_code _builder_version=&#8221;4.16&#8243; global_colors_info=&#8221;{}&#8221;]\n\t\t\t\t<p class=\"rs-p-wp-fix\"><\/p>\n\t\t\t\t<sr7-module data-alias=\"spelet\" data-id=\"6\" id=\"SR7_6_1\" data-version=\"6.7.54\">\n\t\t\t\t\t<sr7-adjuster><\/sr7-adjuster>\n\t\t\t\t\t<sr7-content>\n\t\t\t\t\t\t<sr7-slide id=\"SR7_6_1-12\" data-key=\"12\">\n\t\t\t\t\t\t\t<sr7-bg id=\"SR7_6_1-12-slidebg\" class=\"sr7-layer\"><noscript><img decoding=\"async\" src=\"https:\/\/gooddecision.eu\/wp-content\/uploads\/2018\/03\/spelet.jpg\" alt=\"\" title=\"L\u00e5t oss prata om det-spelet\"><\/noscript><\/sr7-bg>\n\t\t\t\t\t\t<\/sr7-slide>\n\t\t\t\t\t\t<sr7-slide id=\"SR7_6_1-31\" data-key=\"31\">\n\t\t\t\t\t\t<\/sr7-slide>\n\t\t\t\t\t<\/sr7-content>\n\t\t\t\t<\/sr7-module>\n\t\t\t\t<script>\n\t\t\t\t\twindow.SR7 ??={};SR7.PMH ??={}; SR7.PMH[\"SR7_6_1\"] = {cn:100,state:false,fn: function() { if (window._tpt!==undefined && window._tpt.prepareModuleHeight !== undefined) {  _tpt.prepareModuleHeight({id:\"SR7_6_1\",el:[],type:'hero',shdw:'0',gh:[500],gw:[1240],vpt:['-200px'],size:{fullWidth:true, fullHeight:false},mh:'0',onh:0,onw:0,bg:{color:'transparent'},plType:'0',plColor:'#FFFFFF'});   SR7.PMH[\"SR7_6_1\"].state=true;} else if(SR7.PMH[\"SR7_6_1\"].cn-->0)\tsetTimeout( SR7.PMH[\"SR7_6_1\"].fn,19);}};SR7.PMH[\"SR7_6_1\" ].fn();\n\t\t\t\t<\/script>\n[\/et_pb_fullwidth_code][\/et_pb_section][et_pb_section fb_built=&#8221;1&#8243; admin_label=&#8221;section&#8221; _builder_version=&#8221;4.16&#8243; global_colors_info=&#8221;{}&#8221;][et_pb_row column_structure=&#8221;2_3,1_3&#8243; admin_label=&#8221;row&#8221; _builder_version=&#8221;4.16&#8243; background_size=&#8221;initial&#8221; background_position=&#8221;top_left&#8221; background_repeat=&#8221;repeat&#8221; global_colors_info=&#8221;{}&#8221;][et_pb_column type=&#8221;2_3&#8243; _builder_version=&#8221;4.16&#8243; custom_padding=&#8221;|||&#8221; global_colors_info=&#8221;{}&#8221; custom_padding__hover=&#8221;|||&#8221;][et_pb_text _builder_version=&#8221;4.21.0&#8243; global_colors_info=&#8221;{}&#8221;]<\/p>\n<h1>L\u00e5t oss prata om det-spelet<\/h1>\n<p><span style=\"font-size: large;\"><strong>L\u00e5t oss hj\u00e4lpa dig med ett verktyg som effektiviserar arbetet mot risken f\u00f6r kr\u00e4nkningar, hot och trakasserier p\u00e5 din arbetsplats. Vi vet sedan tidigare att v\u00e5rt verktyg har effekt. Vi har m\u00e5ng\u00e5rig erfarenhet av att arbeta med de sv\u00e5raste fr\u00e5gorna som antikorruption, etiska dilemman och f\u00f6r\u00e4ndringsproblematik. L\u00e5t oss prata om det-spelet \u00f6ppnar f\u00f6r samtal, reflektion och \u00f6kad kunskap.<\/strong><\/span><\/p>\n<p>Trycket kommer att \u00f6ka fr\u00e5n medarbetare och omv\u00e4rld att du som arbetsgivare hanterar besv\u00e4rliga situationer. Hur har vi det hos oss egentligen? Hur ska vi s\u00e4kerst\u00e4lla att m\u00e4nniskor inte uts\u00e4tts f\u00f6r kr\u00e4nkningar, trakasserier och hot? Det \u00e4r uppenbart att lagstiftning och policydokument inte r\u00e4ckt till f\u00f6r att garantera en j\u00e4mst\u00e4lld och fredad arbetsmilj\u00f6.<\/p>\n<p>Samtidigt upplevs samtalsklimatet av m\u00e5nga som uppr\u00f6rt, uppskruvat och polariserat. Hur n\u00e4rmar man sig k\u00e4nsliga \u00e4mnen? Och vad kan g\u00f6ras som inte pr\u00f6vats redan tidigare?<\/p>\n<p><span style=\"font-size: medium; color: #000000;\"><strong>Vi har ett konkret f\u00f6rslag<\/strong><br \/><\/span>L\u00e5t oss prata om det-spelet \u00e4r en katalysator till nya insikter och n\u00f6dv\u00e4ndiga beteendef\u00f6r\u00e4ndringar i en organisation. H\u00e4r f\u00e5r samtalet och diskussionen en ram som ger utrymme till alla individer, \u00e5sikter och tankar. Diskussionerna utg\u00e5r fr\u00e5n fiktiva situationer som kan uppkomma p\u00e5 vilken arbetsplats som helst. Under spelets g\u00e5ng f\u00e5r deltagarna \u00f6kad kunskap om vad som g\u00e4ller enligt lag och enligt organisations \u00f6vriga styrande dokument.<\/p>\n<p>Resultatet blir medarbetare som k\u00e4nner en \u00f6kad trygghet att prata om \u00e4mnet och att stoppa o\u00f6nskade beteenden. Resultatet ger ocks\u00e5 dig som arbetsgivare viktig kunskap om hur det st\u00e5r till p\u00e5 din arbetsplats just nu. P\u00e5 l\u00e4ngre sikt hindrar vi nya kr\u00e4nkningar, trakasserier och oh\u00e4lsa p\u00e5 arbetsplatsen.<\/p>\n<p><span style=\"color: #000000;\"><strong>De olika delarna i spelet g\u00f6r att deltagarna:<\/strong><\/span><\/p>\n<ul>\n<li>Tr\u00e4nar sig i att lyssna p\u00e5 signaler och utveckla en feedback-kultur<\/li>\n<li>F\u00e5r faktakunskap, bl a fr\u00e5n AFS 2015:4<\/li>\n<li>F\u00e5r ta st\u00e4llning i olika situationer<\/li>\n<li>Skapar diskussioner om \u00e4mnet och konkreta f\u00f6rb\u00e4ttrings\u00e5tg\u00e4rder<\/li>\n<\/ul>\n<p>[\/et_pb_text][\/et_pb_column][et_pb_column type=&#8221;1_3&#8243; _builder_version=&#8221;4.16&#8243; custom_padding=&#8221;|||&#8221; global_colors_info=&#8221;{}&#8221; custom_padding__hover=&#8221;|||&#8221;][et_pb_cta button_url=&#8221;https:\/\/gooddecision.eu\/sv\/vara-referenser\/&#8221; button_text=&#8221;H\u00e4r hittar du fler referenser.&#8221; _builder_version=&#8221;4.27.5&#8243; background_color=&#8221;#AD0076&#8243; background_size=&#8221;initial&#8221; background_position=&#8221;top_left&#8221; background_repeat=&#8221;repeat&#8221; text_orientation=&#8221;left&#8221; hover_enabled=&#8221;0&#8243; global_colors_info=&#8221;{}&#8221; button_text_size__hover_enabled=&#8221;off&#8221; button_one_text_size__hover_enabled=&#8221;off&#8221; button_two_text_size__hover_enabled=&#8221;off&#8221; button_text_color__hover_enabled=&#8221;off&#8221; button_one_text_color__hover_enabled=&#8221;off&#8221; button_two_text_color__hover_enabled=&#8221;off&#8221; button_border_width__hover_enabled=&#8221;off&#8221; button_one_border_width__hover_enabled=&#8221;off&#8221; button_two_border_width__hover_enabled=&#8221;off&#8221; button_border_color__hover_enabled=&#8221;off&#8221; button_one_border_color__hover_enabled=&#8221;off&#8221; button_two_border_color__hover_enabled=&#8221;off&#8221; button_border_radius__hover_enabled=&#8221;off&#8221; button_one_border_radius__hover_enabled=&#8221;off&#8221; button_two_border_radius__hover_enabled=&#8221;off&#8221; button_letter_spacing__hover_enabled=&#8221;off&#8221; button_one_letter_spacing__hover_enabled=&#8221;off&#8221; button_two_letter_spacing__hover_enabled=&#8221;off&#8221; button_bg_color__hover_enabled=&#8221;off&#8221; button_one_bg_color__hover_enabled=&#8221;off&#8221; button_two_bg_color__hover_enabled=&#8221;off&#8221; sticky_enabled=&#8221;0&#8243; border_radii=&#8221;on|4px|4px|4px|4px&#8221;]<\/p>\n<p><a href=\"https:\/\/gooddecision.eu\/wp-content\/uploads\/2017\/05\/referens_ikon.png\" rel=\"nofollow\"><img loading=\"lazy\" decoding=\"async\" class=\"wp-image-615 size-full alignleft\" src=\"https:\/\/gooddecision.eu\/wp-content\/uploads\/2017\/05\/referens_ikon.png\" alt=\"\" width=\"60\" height=\"55\" \/><span style=\"font-size: x-large;\"><em><span style=\"color: #ffffff;\">Spelet var ett roligt och l\u00e4ttsamt s\u00e4tt att angripa sv\u00e5ra fr\u00e5gor.<\/span><\/em><\/span><br \/><\/a><\/p>\n<p>[\/et_pb_cta][et_pb_cta button_url=&#8221;https:\/\/gooddecision.eu\/kontakt\/&#8221; button_text=&#8221;Kontakta oss f\u00f6r effektiva insatser.&#8221; _builder_version=&#8221;4.27.5&#8243; background_color=&#8221;#ebaf10&#8243; background_enable_image=&#8221;off&#8221; background_size=&#8221;initial&#8221; background_position=&#8221;top_left&#8221; background_repeat=&#8221;repeat&#8221; text_orientation=&#8221;left&#8221; hover_enabled=&#8221;0&#8243; global_colors_info=&#8221;{}&#8221; button_text_size__hover_enabled=&#8221;off&#8221; button_one_text_size__hover_enabled=&#8221;off&#8221; button_two_text_size__hover_enabled=&#8221;off&#8221; button_text_color__hover_enabled=&#8221;off&#8221; button_one_text_color__hover_enabled=&#8221;off&#8221; button_two_text_color__hover_enabled=&#8221;off&#8221; button_border_width__hover_enabled=&#8221;off&#8221; button_one_border_width__hover_enabled=&#8221;off&#8221; button_two_border_width__hover_enabled=&#8221;off&#8221; button_border_color__hover_enabled=&#8221;off&#8221; button_one_border_color__hover_enabled=&#8221;off&#8221; button_two_border_color__hover_enabled=&#8221;off&#8221; button_border_radius__hover_enabled=&#8221;off&#8221; button_one_border_radius__hover_enabled=&#8221;off&#8221; button_two_border_radius__hover_enabled=&#8221;off&#8221; button_letter_spacing__hover_enabled=&#8221;off&#8221; button_one_letter_spacing__hover_enabled=&#8221;off&#8221; button_two_letter_spacing__hover_enabled=&#8221;off&#8221; button_bg_color__hover_enabled=&#8221;off&#8221; button_one_bg_color__hover_enabled=&#8221;off&#8221; button_two_bg_color__hover_enabled=&#8221;off&#8221; border_radii=&#8221;on|4px|4px|4px|4px&#8221; sticky_enabled=&#8221;0&#8243;]<\/p>\n<h2><span style=\"font-size: x-large; color: #ffffff;\"><strong>Har du som chef utmaningar med stress och oh\u00e4lsa p\u00e5 arbetsplatsen?<\/strong><\/span><\/h2>\n<h2><\/h2>\n<p>[\/et_pb_cta][\/et_pb_column][\/et_pb_row][\/et_pb_section]<\/p>\n","protected":false},"excerpt":{"rendered":"<p>\n\t\t\t\t<p class=\"rs-p-wp-fix\"><\/p>\n\t\t\t\t<sr7-module data-alias=\"spelet\" data-id=\"6\" id=\"SR7_6_2\" data-version=\"6.7.54\">\n\t\t\t\t\t<sr7-adjuster><\/sr7-adjuster>\n\t\t\t\t\t<sr7-content>\n\t\t\t\t\t\t<sr7-slide id=\"SR7_6_2-12\" data-key=\"12\">\n\t\t\t\t\t\t\t<sr7-bg id=\"SR7_6_2-12-slidebg\" class=\"sr7-layer\"><noscript><img decoding=\"async\" src=\"https:\/\/gooddecision.eu\/wp-content\/uploads\/2018\/03\/spelet.jpg\" alt=\"\" title=\"L\u00e5t oss prata om det-spelet\"><\/noscript><\/sr7-bg>\n\t\t\t\t\t\t<\/sr7-slide>\n\t\t\t\t\t\t<sr7-slide id=\"SR7_6_2-31\" data-key=\"31\">\n\t\t\t\t\t\t<\/sr7-slide>\n\t\t\t\t\t<\/sr7-content>\n\t\t\t\t<\/sr7-module>\n\t\t\t\t<script>\n\t\t\t\t\twindow.SR7 ??={};SR7.PMH ??={}; SR7.PMH[\"SR7_6_2\"] = {cn:100,state:false,fn: function() { if (window._tpt!==undefined && window._tpt.prepareModuleHeight !== undefined) {  _tpt.prepareModuleHeight({id:\"SR7_6_2\",el:[],type:'hero',shdw:'0',gh:[500],gw:[1240],vpt:['-200px'],size:{fullWidth:true, fullHeight:false},mh:'0',onh:0,onw:0,bg:{color:'transparent'},plType:'0',plColor:'#FFFFFF'});   SR7.PMH[\"SR7_6_2\"].state=true;} else if(SR7.PMH[\"SR7_6_2\"].cn-->0)\tsetTimeout( SR7.PMH[\"SR7_6_2\"].fn,19);}};SR7.PMH[\"SR7_6_2\" ].fn();\n\t\t\t\t<\/script>\nL\u00e5t oss prata om det-spelet L\u00e5t oss hj\u00e4lpa dig med ett verktyg som effektiviserar arbetet mot risken f\u00f6r kr\u00e4nkningar, hot och trakasserier p\u00e5 din arbetsplats. Vi vet sedan tidigare att v\u00e5rt verktyg har effekt. Vi har m\u00e5ng\u00e5rig erfarenhet av att arbeta med de sv\u00e5raste fr\u00e5gorna som antikorruption, etiska dilemman och f\u00f6r\u00e4ndringsproblematik. L\u00e5t oss prata [&hellip;]<\/p>\n","protected":false},"author":2,"featured_media":0,"parent":574,"menu_order":0,"comment_status":"closed","ping_status":"closed","template":"","meta":{"_et_pb_use_builder":"on","_et_pb_old_content":"","_et_gb_content_width":"","footnotes":""},"class_list":["post-1615","page","type-page","status-publish","hentry"],"yoast_head":"<!-- This site is optimized with the Yoast SEO plugin v27.4 - https:\/\/yoast.com\/product\/yoast-seo-wordpress\/ -->\n<title>L\u00e5t oss prata om det-spelet - Good Decision<\/title>\n<meta name=\"robots\" content=\"index, follow, max-snippet:-1, max-image-preview:large, max-video-preview:-1\" \/>\n<link rel=\"canonical\" href=\"https:\/\/gooddecision.eu\/sv\/pedagogiska-redskap\/lat-oss-prata-om-det-spelet\/\" \/>\n<meta property=\"og:locale\" content=\"sv_SE\" \/>\n<meta property=\"og:type\" content=\"article\" \/>\n<meta property=\"og:title\" content=\"L\u00e5t oss prata om det-spelet - Good Decision\" \/>\n<meta property=\"og:description\" content=\"L\u00e5t oss prata om det-spelet L\u00e5t oss hj\u00e4lpa dig med ett verktyg som effektiviserar arbetet mot risken f\u00f6r kr\u00e4nkningar, hot och trakasserier p\u00e5 din arbetsplats. Vi vet sedan tidigare att v\u00e5rt verktyg har effekt. Vi har m\u00e5ng\u00e5rig erfarenhet av att arbeta med de sv\u00e5raste fr\u00e5gorna som antikorruption, etiska dilemman och f\u00f6r\u00e4ndringsproblematik. L\u00e5t oss prata [&hellip;]\" \/>\n<meta property=\"og:url\" content=\"https:\/\/gooddecision.eu\/sv\/pedagogiska-redskap\/lat-oss-prata-om-det-spelet\/\" \/>\n<meta property=\"og:site_name\" content=\"Good Decision\" \/>\n<meta property=\"article:modified_time\" content=\"2026-01-18T21:40:06+00:00\" \/>\n<meta property=\"og:image\" content=\"https:\/\/gooddecision.eu\/wp-content\/uploads\/2017\/05\/referens_ikon.png\" \/>\n\t<meta property=\"og:image:width\" content=\"60\" \/>\n\t<meta property=\"og:image:height\" content=\"55\" \/>\n\t<meta property=\"og:image:type\" content=\"image\/png\" \/>\n<meta name=\"twitter:card\" content=\"summary_large_image\" \/>\n<meta name=\"twitter:label1\" content=\"Ber\u00e4knad l\u00e4stid\" \/>\n\t<meta name=\"twitter:data1\" content=\"4 minuter\" \/>\n<script type=\"application\/ld+json\" class=\"yoast-schema-graph\">{\"@context\":\"https:\\\/\\\/schema.org\",\"@graph\":[{\"@type\":\"WebPage\",\"@id\":\"https:\\\/\\\/gooddecision.eu\\\/sv\\\/pedagogiska-redskap\\\/lat-oss-prata-om-det-spelet\\\/\",\"url\":\"https:\\\/\\\/gooddecision.eu\\\/sv\\\/pedagogiska-redskap\\\/lat-oss-prata-om-det-spelet\\\/\",\"name\":\"L\u00e5t oss prata om det-spelet - Good Decision\",\"isPartOf\":{\"@id\":\"https:\\\/\\\/gooddecision.eu\\\/sv\\\/#website\"},\"primaryImageOfPage\":{\"@id\":\"https:\\\/\\\/gooddecision.eu\\\/sv\\\/pedagogiska-redskap\\\/lat-oss-prata-om-det-spelet\\\/#primaryimage\"},\"image\":{\"@id\":\"https:\\\/\\\/gooddecision.eu\\\/sv\\\/pedagogiska-redskap\\\/lat-oss-prata-om-det-spelet\\\/#primaryimage\"},\"thumbnailUrl\":\"https:\\\/\\\/gooddecision.eu\\\/wp-content\\\/uploads\\\/2017\\\/05\\\/referens_ikon.png\",\"datePublished\":\"2018-03-29T11:29:48+00:00\",\"dateModified\":\"2026-01-18T21:40:06+00:00\",\"breadcrumb\":{\"@id\":\"https:\\\/\\\/gooddecision.eu\\\/sv\\\/pedagogiska-redskap\\\/lat-oss-prata-om-det-spelet\\\/#breadcrumb\"},\"inLanguage\":\"sv-SE\",\"potentialAction\":[{\"@type\":\"ReadAction\",\"target\":[\"https:\\\/\\\/gooddecision.eu\\\/sv\\\/pedagogiska-redskap\\\/lat-oss-prata-om-det-spelet\\\/\"]}]},{\"@type\":\"ImageObject\",\"inLanguage\":\"sv-SE\",\"@id\":\"https:\\\/\\\/gooddecision.eu\\\/sv\\\/pedagogiska-redskap\\\/lat-oss-prata-om-det-spelet\\\/#primaryimage\",\"url\":\"https:\\\/\\\/gooddecision.eu\\\/wp-content\\\/uploads\\\/2017\\\/05\\\/referens_ikon.png\",\"contentUrl\":\"https:\\\/\\\/gooddecision.eu\\\/wp-content\\\/uploads\\\/2017\\\/05\\\/referens_ikon.png\"},{\"@type\":\"BreadcrumbList\",\"@id\":\"https:\\\/\\\/gooddecision.eu\\\/sv\\\/pedagogiska-redskap\\\/lat-oss-prata-om-det-spelet\\\/#breadcrumb\",\"itemListElement\":[{\"@type\":\"ListItem\",\"position\":1,\"name\":\"Hem\",\"item\":\"https:\\\/\\\/gooddecision.eu\\\/sv\\\/\"},{\"@type\":\"ListItem\",\"position\":2,\"name\":\"Pedagogiska redskap\",\"item\":\"https:\\\/\\\/gooddecision.eu\\\/sv\\\/pedagogiska-redskap\\\/\"},{\"@type\":\"ListItem\",\"position\":3,\"name\":\"L\u00e5t oss prata om det-spelet\"}]},{\"@type\":\"WebSite\",\"@id\":\"https:\\\/\\\/gooddecision.eu\\\/sv\\\/#website\",\"url\":\"https:\\\/\\\/gooddecision.eu\\\/sv\\\/\",\"name\":\"Good Decision\",\"description\":\"Utvecklar organisationer med synliga positiva effekter!\",\"publisher\":{\"@id\":\"https:\\\/\\\/gooddecision.eu\\\/sv\\\/#organization\"},\"potentialAction\":[{\"@type\":\"SearchAction\",\"target\":{\"@type\":\"EntryPoint\",\"urlTemplate\":\"https:\\\/\\\/gooddecision.eu\\\/sv\\\/?s={search_term_string}\"},\"query-input\":{\"@type\":\"PropertyValueSpecification\",\"valueRequired\":true,\"valueName\":\"search_term_string\"}}],\"inLanguage\":\"sv-SE\"},{\"@type\":\"Organization\",\"@id\":\"https:\\\/\\\/gooddecision.eu\\\/sv\\\/#organization\",\"name\":\"Good Decision\",\"url\":\"https:\\\/\\\/gooddecision.eu\\\/sv\\\/\",\"logo\":{\"@type\":\"ImageObject\",\"inLanguage\":\"sv-SE\",\"@id\":\"https:\\\/\\\/gooddecision.eu\\\/sv\\\/#\\\/schema\\\/logo\\\/image\\\/\",\"url\":\"https:\\\/\\\/gooddecision.eu\\\/wp-content\\\/uploads\\\/2015\\\/09\\\/logo.png\",\"contentUrl\":\"https:\\\/\\\/gooddecision.eu\\\/wp-content\\\/uploads\\\/2015\\\/09\\\/logo.png\",\"width\":350,\"height\":31,\"caption\":\"Good Decision\"},\"image\":{\"@id\":\"https:\\\/\\\/gooddecision.eu\\\/sv\\\/#\\\/schema\\\/logo\\\/image\\\/\"}}]}<\/script>\n<!-- \/ Yoast SEO plugin. -->","yoast_head_json":{"title":"L\u00e5t oss prata om det-spelet - Good Decision","robots":{"index":"index","follow":"follow","max-snippet":"max-snippet:-1","max-image-preview":"max-image-preview:large","max-video-preview":"max-video-preview:-1"},"canonical":"https:\/\/gooddecision.eu\/sv\/pedagogiska-redskap\/lat-oss-prata-om-det-spelet\/","og_locale":"sv_SE","og_type":"article","og_title":"L\u00e5t oss prata om det-spelet - Good Decision","og_description":"L\u00e5t oss prata om det-spelet L\u00e5t oss hj\u00e4lpa dig med ett verktyg som effektiviserar arbetet mot risken f\u00f6r kr\u00e4nkningar, hot och trakasserier p\u00e5 din arbetsplats. Vi vet sedan tidigare att v\u00e5rt verktyg har effekt. Vi har m\u00e5ng\u00e5rig erfarenhet av att arbeta med de sv\u00e5raste fr\u00e5gorna som antikorruption, etiska dilemman och f\u00f6r\u00e4ndringsproblematik. L\u00e5t oss prata [&hellip;]","og_url":"https:\/\/gooddecision.eu\/sv\/pedagogiska-redskap\/lat-oss-prata-om-det-spelet\/","og_site_name":"Good Decision","article_modified_time":"2026-01-18T21:40:06+00:00","og_image":[{"width":60,"height":55,"url":"https:\/\/gooddecision.eu\/wp-content\/uploads\/2017\/05\/referens_ikon.png","type":"image\/png"}],"twitter_card":"summary_large_image","twitter_misc":{"Ber\u00e4knad l\u00e4stid":"4 minuter"},"schema":{"@context":"https:\/\/schema.org","@graph":[{"@type":"WebPage","@id":"https:\/\/gooddecision.eu\/sv\/pedagogiska-redskap\/lat-oss-prata-om-det-spelet\/","url":"https:\/\/gooddecision.eu\/sv\/pedagogiska-redskap\/lat-oss-prata-om-det-spelet\/","name":"L\u00e5t oss prata om det-spelet - Good Decision","isPartOf":{"@id":"https:\/\/gooddecision.eu\/sv\/#website"},"primaryImageOfPage":{"@id":"https:\/\/gooddecision.eu\/sv\/pedagogiska-redskap\/lat-oss-prata-om-det-spelet\/#primaryimage"},"image":{"@id":"https:\/\/gooddecision.eu\/sv\/pedagogiska-redskap\/lat-oss-prata-om-det-spelet\/#primaryimage"},"thumbnailUrl":"https:\/\/gooddecision.eu\/wp-content\/uploads\/2017\/05\/referens_ikon.png","datePublished":"2018-03-29T11:29:48+00:00","dateModified":"2026-01-18T21:40:06+00:00","breadcrumb":{"@id":"https:\/\/gooddecision.eu\/sv\/pedagogiska-redskap\/lat-oss-prata-om-det-spelet\/#breadcrumb"},"inLanguage":"sv-SE","potentialAction":[{"@type":"ReadAction","target":["https:\/\/gooddecision.eu\/sv\/pedagogiska-redskap\/lat-oss-prata-om-det-spelet\/"]}]},{"@type":"ImageObject","inLanguage":"sv-SE","@id":"https:\/\/gooddecision.eu\/sv\/pedagogiska-redskap\/lat-oss-prata-om-det-spelet\/#primaryimage","url":"https:\/\/gooddecision.eu\/wp-content\/uploads\/2017\/05\/referens_ikon.png","contentUrl":"https:\/\/gooddecision.eu\/wp-content\/uploads\/2017\/05\/referens_ikon.png"},{"@type":"BreadcrumbList","@id":"https:\/\/gooddecision.eu\/sv\/pedagogiska-redskap\/lat-oss-prata-om-det-spelet\/#breadcrumb","itemListElement":[{"@type":"ListItem","position":1,"name":"Hem","item":"https:\/\/gooddecision.eu\/sv\/"},{"@type":"ListItem","position":2,"name":"Pedagogiska redskap","item":"https:\/\/gooddecision.eu\/sv\/pedagogiska-redskap\/"},{"@type":"ListItem","position":3,"name":"L\u00e5t oss prata om det-spelet"}]},{"@type":"WebSite","@id":"https:\/\/gooddecision.eu\/sv\/#website","url":"https:\/\/gooddecision.eu\/sv\/","name":"Good Decision","description":"Utvecklar organisationer med synliga positiva effekter!","publisher":{"@id":"https:\/\/gooddecision.eu\/sv\/#organization"},"potentialAction":[{"@type":"SearchAction","target":{"@type":"EntryPoint","urlTemplate":"https:\/\/gooddecision.eu\/sv\/?s={search_term_string}"},"query-input":{"@type":"PropertyValueSpecification","valueRequired":true,"valueName":"search_term_string"}}],"inLanguage":"sv-SE"},{"@type":"Organization","@id":"https:\/\/gooddecision.eu\/sv\/#organization","name":"Good Decision","url":"https:\/\/gooddecision.eu\/sv\/","logo":{"@type":"ImageObject","inLanguage":"sv-SE","@id":"https:\/\/gooddecision.eu\/sv\/#\/schema\/logo\/image\/","url":"https:\/\/gooddecision.eu\/wp-content\/uploads\/2015\/09\/logo.png","contentUrl":"https:\/\/gooddecision.eu\/wp-content\/uploads\/2015\/09\/logo.png","width":350,"height":31,"caption":"Good Decision"},"image":{"@id":"https:\/\/gooddecision.eu\/sv\/#\/schema\/logo\/image\/"}}]}},"_links":{"self":[{"href":"https:\/\/gooddecision.eu\/sv\/wp-json\/wp\/v2\/pages\/1615","targetHints":{"allow":["GET"]}}],"collection":[{"href":"https:\/\/gooddecision.eu\/sv\/wp-json\/wp\/v2\/pages"}],"about":[{"href":"https:\/\/gooddecision.eu\/sv\/wp-json\/wp\/v2\/types\/page"}],"author":[{"embeddable":true,"href":"https:\/\/gooddecision.eu\/sv\/wp-json\/wp\/v2\/users\/2"}],"replies":[{"embeddable":true,"href":"https:\/\/gooddecision.eu\/sv\/wp-json\/wp\/v2\/comments?post=1615"}],"version-history":[{"count":8,"href":"https:\/\/gooddecision.eu\/sv\/wp-json\/wp\/v2\/pages\/1615\/revisions"}],"predecessor-version":[{"id":2882,"href":"https:\/\/gooddecision.eu\/sv\/wp-json\/wp\/v2\/pages\/1615\/revisions\/2882"}],"up":[{"embeddable":true,"href":"https:\/\/gooddecision.eu\/sv\/wp-json\/wp\/v2\/pages\/574"}],"wp:attachment":[{"href":"https:\/\/gooddecision.eu\/sv\/wp-json\/wp\/v2\/media?parent=1615"}],"curies":[{"name":"wp","href":"https:\/\/api.w.org\/{rel}","templated":true}]}}