{"id":1548,"date":"2017-11-22T15:02:11","date_gmt":"2017-11-22T14:02:11","guid":{"rendered":"http:\/\/gooddecision.eu\/?page_id=1548"},"modified":"2018-04-20T14:36:21","modified_gmt":"2018-04-20T12:36:21","slug":"krankande-sarbehandling-pa-jobbet-och-arbetsplatsen","status":"publish","type":"page","link":"https:\/\/gooddecision.eu\/sv\/krankande-sarbehandling-pa-jobbet-och-arbetsplatsen\/","title":{"rendered":"Kr\u00e4nkande s\u00e4rbehandling p\u00e5 jobbet och arbetsplatsen"},"content":{"rendered":"<p>[et_pb_section fb_built=&#8221;1&#8243; fullwidth=&#8221;on&#8221; _builder_version=&#8221;3.0.47&#8243;][et_pb_fullwidth_code _builder_version=&#8221;3.0.47&#8243;]<script>console.log(\": Slider with alias &quot;undersida&quot; not found.\")<\/script>\n[\/et_pb_fullwidth_code][\/et_pb_section][et_pb_section fb_built=&#8221;1&#8243; admin_label=&#8221;section&#8221; _builder_version=&#8221;3.0.47&#8243;][et_pb_row admin_label=&#8221;row&#8221; _builder_version=&#8221;3.0.47&#8243; background_size=&#8221;initial&#8221; background_position=&#8221;top_left&#8221; background_repeat=&#8221;repeat&#8221;][et_pb_column type=&#8221;2_3&#8243; _builder_version=&#8221;3.0.47&#8243; parallax=&#8221;off&#8221; parallax_method=&#8221;on&#8221;][et_pb_text _builder_version=&#8221;3.0.89&#8243; text_line_height=&#8221;1.9em&#8221; header_text_color=&#8221;#ebaf10&#8243; background_size=&#8221;initial&#8221; background_position=&#8221;top_left&#8221; background_repeat=&#8221;repeat&#8221;]<\/p>\n<h1>Kr\u00e4nkande s\u00e4rbehandling p\u00e5 arbetsplatsen<\/h1>\n<p>Kr\u00e4nkande s\u00e4rbehandling p\u00e5 arbetsplatsen \u00e4r ett allvarligt problem som kan f\u00e5 stora konsekvenser \u2013 f\u00f6r individen i f\u00f6rsta hand, men \u00e4ven f\u00f6r organisationen p\u00e5 sikt.<\/p>\n<p>Kr\u00e4nkande s\u00e4rbehandling f\u00e5r aldrig ska accepteras p\u00e5 arbetsplatsen. De som blir utsatta p\u00e5 jobbet kan drabbas med problem som stress, depression, \u00e5ngest och sjukskrivning. Det \u00e4r viktigt att det b\u00e5de f\u00f6rhindras och hanteras p\u00e5 r\u00e4tt s\u00e4tt i de fall det f\u00f6rekommer.<\/p>\n<h2><span style=\"font-size: medium;\">Aktivt arbete mot kr\u00e4nkande s\u00e4rbehandling p\u00e5 jobbet<\/span><\/h2>\n<p>Kr\u00e4nkande s\u00e4rbehandling \u00e4r ett samlingsbegrepp och exempel p\u00e5 beteenden \u00e4r:<\/p>\n<ul>\n<li>Mobbning<\/li>\n<li>Trakasserier<\/li>\n<li>Utfrysning<\/li>\n<li>Att medvetet undanh\u00e5lla information som f\u00f6rsv\u00e5rar arbetet f\u00f6r n\u00e5gon<\/li>\n<li>F\u00f6rtal<\/li>\n<li>F\u00f6rol\u00e4mpning och kritik inf\u00f6r andra<\/li>\n<li>F\u00f6rf\u00f6ljelse<\/li>\n<\/ul>\n<p>Det \u00e4r viktigt att aktivt arbeta med att f\u00f6rhindra kr\u00e4nkningarna p\u00e5 jobbet innan situationen g\u00e5r f\u00f6r l\u00e5ngt.<\/p>\n<p>Arbetsmilj\u00f6verket kom med en ny f\u00f6reskrift som b\u00f6rjade g\u00e4lla i mars 2016, vilken bland annat s\u00e4ger att det \u00e4r varje arbetsgivares ansvar att uppr\u00e4tta rutiner kring hur man ska handskas med kr\u00e4nkande s\u00e4rbehandling p\u00e5 jobbet \u2013 hur den ska se ut \u00e4r individuellt f\u00f6r varje arbetsplats eftersom alla organisationer ser olika ut.<\/p>\n<h2 style=\"text-align: left;\"><span style=\"font-size: medium;\">S\u00e5 kan ni arbeta mot kr\u00e4nkande s\u00e4rbehandling p\u00e5 arbetsplatsen<\/span><\/h2>\n<p>H\u00e4r p\u00e5 Good Decision utvecklade vi ett pedagogiskt spel i samband med den nya f\u00f6reskriften. Spelet syftar till att f\u00e5 anst\u00e4llda och arbetsgivare att arbeta tillsammans kring arbetsmilj\u00f6reglerna, och underl\u00e4tta beslutsfattande kopplat till f\u00f6retagets policy och v\u00e4rdegrund.<\/p>\n<p>Spelet ger f\u00f6rslag p\u00e5 konkreta \u00e5tg\u00e4rder och g\u00f6r det b\u00e5de enkelt och lustfyllt att arbeta kring fr\u00e5gor g\u00e4llande kr\u00e4nkande s\u00e4rbehandling.<\/p>\n<p>Tveka inte att kontakta oss p\u00e5 Good Decision om du vill veta mer om spelet, hur vi arbetar och vad vi kan g\u00f6ra f\u00f6r att f\u00e5 dig och dina medarbetare att m\u00e5 b\u00e4ttre p\u00e5 jobbet.<\/p>\n<p>[\/et_pb_text][\/et_pb_column][et_pb_column type=&#8221;1_3&#8243; _builder_version=&#8221;3.0.47&#8243; parallax=&#8221;off&#8221; parallax_method=&#8221;on&#8221;][et_pb_cta button_url=&#8221;https:\/\/gooddecision.eu\/vara-referenser\/&#8221; button_text=&#8221;L\u00e4s mer&#8221; background_color=&#8221;#ebaf10&#8243; _builder_version=&#8221;3.0.71&#8243; background_size=&#8221;initial&#8221; background_position=&#8221;top_left&#8221; background_repeat=&#8221;repeat&#8221; text_orientation=&#8221;left&#8221;]<a href=\"https:\/\/gooddecision.eu\/wp-content\/uploads\/2017\/05\/referens_ikon.png\" rel=\"nofollow\"><img loading=\"lazy\" decoding=\"async\" class=\"wp-image-615 size-full alignleft\" src=\"https:\/\/gooddecision.eu\/wp-content\/uploads\/2017\/05\/referens_ikon.png\" alt=\"\" width=\"60\" height=\"55\" \/><span style=\"font-size: large; color: #ffffff;\"><strong>Spelet var ett roligt och l\u00e4ttsamt s\u00e4tt att angripa sv\u00e5ra fr\u00e5gor.<\/strong><\/span><br \/>\n<\/a><br \/>\n[\/et_pb_cta][et_pb_cta button_url=&#8221;https:\/\/gooddecision.eu\/kontakt\/&#8221; button_text=&#8221;Till kontakt&#8221; background_color=&#8221;#ad0076&#8243; _builder_version=&#8221;3.0.71&#8243; background_image=&#8221;https:\/\/gooddecision.eu\/wp-content\/uploads\/2015\/09\/Oss.jpg&#8221; background_size=&#8221;initial&#8221; background_position=&#8221;top_left&#8221; background_repeat=&#8221;repeat&#8221; text_orientation=&#8221;left&#8221;]<span style=\"font-size: large; color: #ffffff;\"><strong>Beh\u00f6ver ni hj\u00e4lp att f\u00f6rebygga stress och oh\u00e4lsa p\u00e5 er arbetsplats?<\/strong><\/span><\/p>\n<p><span style=\"font-size: large; color: #ffffff;\"><strong>Kontakta oss!<\/strong><\/span><br \/>\n[\/et_pb_cta][\/et_pb_column][\/et_pb_row][\/et_pb_section]<\/p>\n","protected":false},"excerpt":{"rendered":"<p><script>console.log(\": Slider with alias &quot;undersida&quot; not found.\")<\/script>\nKr\u00e4nkande s\u00e4rbehandling p\u00e5 arbetsplatsen Kr\u00e4nkande s\u00e4rbehandling p\u00e5 arbetsplatsen \u00e4r ett allvarligt problem som kan f\u00e5 stora konsekvenser \u2013 f\u00f6r individen i f\u00f6rsta hand, men \u00e4ven f\u00f6r organisationen p\u00e5 sikt. Kr\u00e4nkande s\u00e4rbehandling f\u00e5r aldrig ska accepteras p\u00e5 arbetsplatsen. De som blir utsatta p\u00e5 jobbet kan drabbas med problem som stress, depression, \u00e5ngest och sjukskrivning. Det [&hellip;]<\/p>\n","protected":false},"author":3,"featured_media":0,"parent":0,"menu_order":100,"comment_status":"closed","ping_status":"closed","template":"","meta":{"_et_pb_use_builder":"on","_et_pb_old_content":"","_et_gb_content_width":"","footnotes":""},"class_list":["post-1548","page","type-page","status-publish","hentry"],"yoast_head":"<!-- This site is optimized with the Yoast SEO plugin v27.4 - https:\/\/yoast.com\/product\/yoast-seo-wordpress\/ -->\n<title>Kr\u00e4nkande s\u00e4rbehandling p\u00e5 jobbet - Good Decision<\/title>\n<meta name=\"description\" content=\"Kr\u00e4nkande s\u00e4rbehandling p\u00e5 arbetsplatsen och jobbet ska aldrig accepteras - vi vet hur man arbetar f\u00f6rebyggande - l\u00e4s mer p\u00e5 Good Decision.\" \/>\n<meta name=\"robots\" content=\"index, follow, max-snippet:-1, max-image-preview:large, max-video-preview:-1\" \/>\n<link rel=\"canonical\" href=\"https:\/\/gooddecision.eu\/sv\/krankande-sarbehandling-pa-jobbet-och-arbetsplatsen\/\" \/>\n<meta property=\"og:locale\" content=\"sv_SE\" \/>\n<meta property=\"og:type\" content=\"article\" \/>\n<meta property=\"og:title\" content=\"Kr\u00e4nkande s\u00e4rbehandling p\u00e5 jobbet - Good Decision\" \/>\n<meta property=\"og:description\" content=\"Kr\u00e4nkande s\u00e4rbehandling p\u00e5 arbetsplatsen och jobbet ska aldrig accepteras - vi vet hur man arbetar f\u00f6rebyggande - l\u00e4s mer p\u00e5 Good Decision.\" \/>\n<meta property=\"og:url\" content=\"https:\/\/gooddecision.eu\/sv\/krankande-sarbehandling-pa-jobbet-och-arbetsplatsen\/\" \/>\n<meta property=\"og:site_name\" content=\"Good Decision\" \/>\n<meta property=\"article:modified_time\" content=\"2018-04-20T12:36:21+00:00\" \/>\n<meta property=\"og:image\" content=\"https:\/\/gooddecision.eu\/wp-content\/uploads\/2017\/05\/referens_ikon.png\" \/>\n<meta name=\"twitter:card\" content=\"summary_large_image\" \/>\n<meta name=\"twitter:label1\" content=\"Ber\u00e4knad l\u00e4stid\" \/>\n\t<meta name=\"twitter:data1\" content=\"3 minuter\" \/>\n<script type=\"application\/ld+json\" class=\"yoast-schema-graph\">{\"@context\":\"https:\\\/\\\/schema.org\",\"@graph\":[{\"@type\":\"WebPage\",\"@id\":\"https:\\\/\\\/gooddecision.eu\\\/sv\\\/krankande-sarbehandling-pa-jobbet-och-arbetsplatsen\\\/\",\"url\":\"https:\\\/\\\/gooddecision.eu\\\/sv\\\/krankande-sarbehandling-pa-jobbet-och-arbetsplatsen\\\/\",\"name\":\"Kr\u00e4nkande s\u00e4rbehandling p\u00e5 jobbet - Good Decision\",\"isPartOf\":{\"@id\":\"https:\\\/\\\/gooddecision.eu\\\/sv\\\/#website\"},\"primaryImageOfPage\":{\"@id\":\"https:\\\/\\\/gooddecision.eu\\\/sv\\\/krankande-sarbehandling-pa-jobbet-och-arbetsplatsen\\\/#primaryimage\"},\"image\":{\"@id\":\"https:\\\/\\\/gooddecision.eu\\\/sv\\\/krankande-sarbehandling-pa-jobbet-och-arbetsplatsen\\\/#primaryimage\"},\"thumbnailUrl\":\"https:\\\/\\\/gooddecision.eu\\\/wp-content\\\/uploads\\\/2017\\\/05\\\/referens_ikon.png\",\"datePublished\":\"2017-11-22T14:02:11+00:00\",\"dateModified\":\"2018-04-20T12:36:21+00:00\",\"description\":\"Kr\u00e4nkande s\u00e4rbehandling p\u00e5 arbetsplatsen och jobbet ska aldrig accepteras - vi vet hur man arbetar f\u00f6rebyggande - l\u00e4s mer p\u00e5 Good Decision.\",\"breadcrumb\":{\"@id\":\"https:\\\/\\\/gooddecision.eu\\\/sv\\\/krankande-sarbehandling-pa-jobbet-och-arbetsplatsen\\\/#breadcrumb\"},\"inLanguage\":\"sv-SE\",\"potentialAction\":[{\"@type\":\"ReadAction\",\"target\":[\"https:\\\/\\\/gooddecision.eu\\\/sv\\\/krankande-sarbehandling-pa-jobbet-och-arbetsplatsen\\\/\"]}]},{\"@type\":\"ImageObject\",\"inLanguage\":\"sv-SE\",\"@id\":\"https:\\\/\\\/gooddecision.eu\\\/sv\\\/krankande-sarbehandling-pa-jobbet-och-arbetsplatsen\\\/#primaryimage\",\"url\":\"https:\\\/\\\/gooddecision.eu\\\/wp-content\\\/uploads\\\/2017\\\/05\\\/referens_ikon.png\",\"contentUrl\":\"https:\\\/\\\/gooddecision.eu\\\/wp-content\\\/uploads\\\/2017\\\/05\\\/referens_ikon.png\"},{\"@type\":\"BreadcrumbList\",\"@id\":\"https:\\\/\\\/gooddecision.eu\\\/sv\\\/krankande-sarbehandling-pa-jobbet-och-arbetsplatsen\\\/#breadcrumb\",\"itemListElement\":[{\"@type\":\"ListItem\",\"position\":1,\"name\":\"Hem\",\"item\":\"https:\\\/\\\/gooddecision.eu\\\/sv\\\/\"},{\"@type\":\"ListItem\",\"position\":2,\"name\":\"Kr\u00e4nkande s\u00e4rbehandling p\u00e5 jobbet och arbetsplatsen\"}]},{\"@type\":\"WebSite\",\"@id\":\"https:\\\/\\\/gooddecision.eu\\\/sv\\\/#website\",\"url\":\"https:\\\/\\\/gooddecision.eu\\\/sv\\\/\",\"name\":\"Good Decision\",\"description\":\"Utvecklar organisationer med synliga positiva effekter!\",\"publisher\":{\"@id\":\"https:\\\/\\\/gooddecision.eu\\\/sv\\\/#organization\"},\"potentialAction\":[{\"@type\":\"SearchAction\",\"target\":{\"@type\":\"EntryPoint\",\"urlTemplate\":\"https:\\\/\\\/gooddecision.eu\\\/sv\\\/?s={search_term_string}\"},\"query-input\":{\"@type\":\"PropertyValueSpecification\",\"valueRequired\":true,\"valueName\":\"search_term_string\"}}],\"inLanguage\":\"sv-SE\"},{\"@type\":\"Organization\",\"@id\":\"https:\\\/\\\/gooddecision.eu\\\/sv\\\/#organization\",\"name\":\"Good Decision\",\"url\":\"https:\\\/\\\/gooddecision.eu\\\/sv\\\/\",\"logo\":{\"@type\":\"ImageObject\",\"inLanguage\":\"sv-SE\",\"@id\":\"https:\\\/\\\/gooddecision.eu\\\/sv\\\/#\\\/schema\\\/logo\\\/image\\\/\",\"url\":\"https:\\\/\\\/gooddecision.eu\\\/wp-content\\\/uploads\\\/2015\\\/09\\\/logo.png\",\"contentUrl\":\"https:\\\/\\\/gooddecision.eu\\\/wp-content\\\/uploads\\\/2015\\\/09\\\/logo.png\",\"width\":350,\"height\":31,\"caption\":\"Good Decision\"},\"image\":{\"@id\":\"https:\\\/\\\/gooddecision.eu\\\/sv\\\/#\\\/schema\\\/logo\\\/image\\\/\"}}]}<\/script>\n<!-- \/ Yoast SEO plugin. -->","yoast_head_json":{"title":"Kr\u00e4nkande s\u00e4rbehandling p\u00e5 jobbet - Good Decision","description":"Kr\u00e4nkande s\u00e4rbehandling p\u00e5 arbetsplatsen och jobbet ska aldrig accepteras - vi vet hur man arbetar f\u00f6rebyggande - l\u00e4s mer p\u00e5 Good Decision.","robots":{"index":"index","follow":"follow","max-snippet":"max-snippet:-1","max-image-preview":"max-image-preview:large","max-video-preview":"max-video-preview:-1"},"canonical":"https:\/\/gooddecision.eu\/sv\/krankande-sarbehandling-pa-jobbet-och-arbetsplatsen\/","og_locale":"sv_SE","og_type":"article","og_title":"Kr\u00e4nkande s\u00e4rbehandling p\u00e5 jobbet - Good Decision","og_description":"Kr\u00e4nkande s\u00e4rbehandling p\u00e5 arbetsplatsen och jobbet ska aldrig accepteras - vi vet hur man arbetar f\u00f6rebyggande - l\u00e4s mer p\u00e5 Good Decision.","og_url":"https:\/\/gooddecision.eu\/sv\/krankande-sarbehandling-pa-jobbet-och-arbetsplatsen\/","og_site_name":"Good Decision","article_modified_time":"2018-04-20T12:36:21+00:00","og_image":[{"url":"https:\/\/gooddecision.eu\/wp-content\/uploads\/2017\/05\/referens_ikon.png","type":"","width":"","height":""}],"twitter_card":"summary_large_image","twitter_misc":{"Ber\u00e4knad l\u00e4stid":"3 minuter"},"schema":{"@context":"https:\/\/schema.org","@graph":[{"@type":"WebPage","@id":"https:\/\/gooddecision.eu\/sv\/krankande-sarbehandling-pa-jobbet-och-arbetsplatsen\/","url":"https:\/\/gooddecision.eu\/sv\/krankande-sarbehandling-pa-jobbet-och-arbetsplatsen\/","name":"Kr\u00e4nkande s\u00e4rbehandling p\u00e5 jobbet - Good Decision","isPartOf":{"@id":"https:\/\/gooddecision.eu\/sv\/#website"},"primaryImageOfPage":{"@id":"https:\/\/gooddecision.eu\/sv\/krankande-sarbehandling-pa-jobbet-och-arbetsplatsen\/#primaryimage"},"image":{"@id":"https:\/\/gooddecision.eu\/sv\/krankande-sarbehandling-pa-jobbet-och-arbetsplatsen\/#primaryimage"},"thumbnailUrl":"https:\/\/gooddecision.eu\/wp-content\/uploads\/2017\/05\/referens_ikon.png","datePublished":"2017-11-22T14:02:11+00:00","dateModified":"2018-04-20T12:36:21+00:00","description":"Kr\u00e4nkande s\u00e4rbehandling p\u00e5 arbetsplatsen och jobbet ska aldrig accepteras - vi vet hur man arbetar f\u00f6rebyggande - l\u00e4s mer p\u00e5 Good Decision.","breadcrumb":{"@id":"https:\/\/gooddecision.eu\/sv\/krankande-sarbehandling-pa-jobbet-och-arbetsplatsen\/#breadcrumb"},"inLanguage":"sv-SE","potentialAction":[{"@type":"ReadAction","target":["https:\/\/gooddecision.eu\/sv\/krankande-sarbehandling-pa-jobbet-och-arbetsplatsen\/"]}]},{"@type":"ImageObject","inLanguage":"sv-SE","@id":"https:\/\/gooddecision.eu\/sv\/krankande-sarbehandling-pa-jobbet-och-arbetsplatsen\/#primaryimage","url":"https:\/\/gooddecision.eu\/wp-content\/uploads\/2017\/05\/referens_ikon.png","contentUrl":"https:\/\/gooddecision.eu\/wp-content\/uploads\/2017\/05\/referens_ikon.png"},{"@type":"BreadcrumbList","@id":"https:\/\/gooddecision.eu\/sv\/krankande-sarbehandling-pa-jobbet-och-arbetsplatsen\/#breadcrumb","itemListElement":[{"@type":"ListItem","position":1,"name":"Hem","item":"https:\/\/gooddecision.eu\/sv\/"},{"@type":"ListItem","position":2,"name":"Kr\u00e4nkande s\u00e4rbehandling p\u00e5 jobbet och arbetsplatsen"}]},{"@type":"WebSite","@id":"https:\/\/gooddecision.eu\/sv\/#website","url":"https:\/\/gooddecision.eu\/sv\/","name":"Good Decision","description":"Utvecklar organisationer med synliga positiva effekter!","publisher":{"@id":"https:\/\/gooddecision.eu\/sv\/#organization"},"potentialAction":[{"@type":"SearchAction","target":{"@type":"EntryPoint","urlTemplate":"https:\/\/gooddecision.eu\/sv\/?s={search_term_string}"},"query-input":{"@type":"PropertyValueSpecification","valueRequired":true,"valueName":"search_term_string"}}],"inLanguage":"sv-SE"},{"@type":"Organization","@id":"https:\/\/gooddecision.eu\/sv\/#organization","name":"Good Decision","url":"https:\/\/gooddecision.eu\/sv\/","logo":{"@type":"ImageObject","inLanguage":"sv-SE","@id":"https:\/\/gooddecision.eu\/sv\/#\/schema\/logo\/image\/","url":"https:\/\/gooddecision.eu\/wp-content\/uploads\/2015\/09\/logo.png","contentUrl":"https:\/\/gooddecision.eu\/wp-content\/uploads\/2015\/09\/logo.png","width":350,"height":31,"caption":"Good Decision"},"image":{"@id":"https:\/\/gooddecision.eu\/sv\/#\/schema\/logo\/image\/"}}]}},"_links":{"self":[{"href":"https:\/\/gooddecision.eu\/sv\/wp-json\/wp\/v2\/pages\/1548","targetHints":{"allow":["GET"]}}],"collection":[{"href":"https:\/\/gooddecision.eu\/sv\/wp-json\/wp\/v2\/pages"}],"about":[{"href":"https:\/\/gooddecision.eu\/sv\/wp-json\/wp\/v2\/types\/page"}],"author":[{"embeddable":true,"href":"https:\/\/gooddecision.eu\/sv\/wp-json\/wp\/v2\/users\/3"}],"replies":[{"embeddable":true,"href":"https:\/\/gooddecision.eu\/sv\/wp-json\/wp\/v2\/comments?post=1548"}],"version-history":[{"count":5,"href":"https:\/\/gooddecision.eu\/sv\/wp-json\/wp\/v2\/pages\/1548\/revisions"}],"predecessor-version":[{"id":1652,"href":"https:\/\/gooddecision.eu\/sv\/wp-json\/wp\/v2\/pages\/1548\/revisions\/1652"}],"wp:attachment":[{"href":"https:\/\/gooddecision.eu\/sv\/wp-json\/wp\/v2\/media?parent=1548"}],"curies":[{"name":"wp","href":"https:\/\/api.w.org\/{rel}","templated":true}]}}