{"id":1540,"date":"2017-11-22T14:22:39","date_gmt":"2017-11-22T13:22:39","guid":{"rendered":"http:\/\/gooddecision.eu\/?page_id=1540"},"modified":"2018-08-20T16:11:39","modified_gmt":"2018-08-20T14:11:39","slug":"lag-krankande-sarbehandling","status":"publish","type":"page","link":"https:\/\/gooddecision.eu\/sv\/lag-krankande-sarbehandling\/","title":{"rendered":"Lag kr\u00e4nkande s\u00e4rbehandling"},"content":{"rendered":"<p>[et_pb_section bb_built=&#8221;1&#8243; fullwidth=&#8221;on&#8221; _builder_version=&#8221;3.0.47&#8243;][et_pb_fullwidth_code _builder_version=&#8221;3.0.47&#8243;]\n\t\t\t\t<p class=\"rs-p-wp-fix\"><\/p>\n\t\t\t\t<sr7-module data-alias=\"undersida\" data-id=\"2\" id=\"SR7_2_1\" data-version=\"6.7.54\">\n\t\t\t\t\t<sr7-adjuster><\/sr7-adjuster>\n\t\t\t\t\t<sr7-content>\n\t\t\t\t\t\t<sr7-slide id=\"SR7_2_1-5\" data-key=\"5\">\n\t\t\t\t\t\t\t<sr7-bg id=\"SR7_2_1-5-slidebg\" class=\"sr7-layer\"><noscript><img decoding=\"async\" src=\"https:\/\/gooddecision.eu\/wp-content\/uploads\/2017\/05\/osa.jpg\" alt=\"\" title=\"Lag kr\u00e4nkande s\u00e4rbehandling\"><\/noscript><\/sr7-bg>\n\t\t\t\t\t\t<\/sr7-slide>\n\t\t\t\t\t\t<sr7-slide id=\"SR7_2_1-30\" data-key=\"30\">\n\t\t\t\t\t\t<\/sr7-slide>\n\t\t\t\t\t<\/sr7-content>\n\t\t\t\t<\/sr7-module>\n\t\t\t\t<script>\n\t\t\t\t\twindow.SR7 ??={};SR7.PMH ??={}; SR7.PMH[\"SR7_2_1\"] = {cn:100,state:false,fn: function() { if (window._tpt!==undefined && window._tpt.prepareModuleHeight !== undefined) {  _tpt.prepareModuleHeight({id:\"SR7_2_1\",el:[],type:'hero',shdw:'0',gh:[500],gw:[1240],vpt:['-200px'],size:{fullWidth:true, fullHeight:false},mh:'0',onh:0,onw:0,bg:{color:'transparent'},plType:'0',plColor:'#FFFFFF'});   SR7.PMH[\"SR7_2_1\"].state=true;} else if(SR7.PMH[\"SR7_2_1\"].cn-->0)\tsetTimeout( SR7.PMH[\"SR7_2_1\"].fn,19);}};SR7.PMH[\"SR7_2_1\" ].fn();\n\t\t\t\t<\/script>\n[\/et_pb_fullwidth_code][\/et_pb_section][et_pb_section bb_built=&#8221;1&#8243; admin_label=&#8221;section&#8221; _builder_version=&#8221;3.0.47&#8243;][et_pb_row admin_label=&#8221;row&#8221; _builder_version=&#8221;3.0.47&#8243; background_size=&#8221;initial&#8221; background_position=&#8221;top_left&#8221; background_repeat=&#8221;repeat&#8221;][et_pb_column type=&#8221;2_3&#8243;][et_pb_text _builder_version=&#8221;3.0.89&#8243; text_line_height=&#8221;1.9em&#8221; header_text_color=&#8221;#ebaf10&#8243; background_size=&#8221;initial&#8221; background_position=&#8221;top_left&#8221; background_repeat=&#8221;repeat&#8221; background_layout=&#8221;light&#8221;]<\/p>\n<h1>Lag kr\u00e4nkande s\u00e4rbehandling<\/h1>\n<p>Det \u00e4r viktigt att uppr\u00e4tth\u00e5lla lag och riktlinjer f\u00f6r att f\u00f6rhindra kr\u00e4nkande s\u00e4rbehandling. Oh\u00e4lsa \u00e4r ett v\u00e4xande samh\u00e4llsproblem och konsekvenser s\u00e5som arbetsrelaterade sjukdomar kan bli m\u00e5nga, l\u00e5ngdragna och allvarliga.<\/p>\n<p>Oftast n\u00e4r man talar om kr\u00e4nkande s\u00e4rbehandling \u00e4r det mobbning som kommer upp som exempel, men i st\u00f6rre drag inneb\u00e4r det handlingar som riktas mot en eller flera individer p\u00e5 ett kr\u00e4nkande s\u00e4tt och som leder till utanf\u00f6rskap och oh\u00e4lsa p\u00e5 arbetsplatsen.<\/p>\n<p>Det kan exempelvis handla om:<\/p>\n<ul>\n<li>F\u00f6rtal<\/li>\n<li>Kritik och f\u00f6rol\u00e4mpning inf\u00f6r andra<\/li>\n<li>Utfrysning<\/li>\n<li>Trakasserier<\/li>\n<li>Mobbning<\/li>\n<\/ul>\n<h2>Vilken lag finns g\u00e4llande kr\u00e4nkande s\u00e4rbehandling?<\/h2>\n<p>Arbetsmilj\u00f6verket kom med en ny f\u00f6reskrift f\u00f6r organisatorisk och social arbetsmilj\u00f6 2015. Enligt f\u00f6reskriften \u00e4r det varje arbetsgivares ansvar att se till att kr\u00e4nkande s\u00e4rbehandling f\u00f6rhindras och hanteras. Det skall ocks\u00e5 tydligg\u00f6ras f\u00f6r organisationen att kr\u00e4nkande s\u00e4rbehandling \u00e4r oacceptabelt.<\/p>\n<p>Kr\u00e4nkande s\u00e4rbehandling ger konsekvenser p\u00e5 s\u00e5v\u00e4l individniv\u00e5 som organisationsniv\u00e5.<\/p>\n<h2>Hur kan vi hj\u00e4lpa er uppr\u00e4tth\u00e5lla lag och f\u00f6reskrift?<a href=\"https:\/\/gooddecision.eu\/wp-content\/uploads\/2017\/05\/bildd2.jpg\"><img loading=\"lazy\" decoding=\"async\" class=\"alignright wp-image-559 size-medium\" src=\"https:\/\/gooddecision.eu\/wp-content\/uploads\/2017\/05\/bildd2-300x188.jpg\" alt=\"Lag kr\u00e4nkande s\u00e4rbehandling\" width=\"300\" height=\"188\" srcset=\"https:\/\/gooddecision.eu\/wp-content\/uploads\/2017\/05\/bildd2-300x188.jpg 300w, https:\/\/gooddecision.eu\/wp-content\/uploads\/2017\/05\/bildd2-400x250.jpg 400w, https:\/\/gooddecision.eu\/wp-content\/uploads\/2017\/05\/bildd2.jpg 600w\" sizes=\"(max-width: 300px) 100vw, 300px\" \/><\/a><\/h2>\n<p>I samband med den nya f\u00f6reskriften har vi p\u00e5 Good Decision utvecklat ett pedagogiskt spel som g\u00f6r det enkelt f\u00f6r arbetsgivare och anst\u00e4llda att g\u00f6ra verklighet av de riktlinjer som finns. Konceptet g\u00f6r det enkelt att fatta beslut utifr\u00e5n den policy som finns och i det l\u00e5nga loppet fr\u00e4mjar det en h\u00e4lsosam arbetsmilj\u00f6 d\u00e4r kr\u00e4nkande s\u00e4rbehandling inte accepteras.<\/p>\n<p>Det \u00e4r bekr\u00e4ftat sedan tidigare att delaktighet och samarbete skapar en b\u00e4ttre arbetsmilj\u00f6. V\u00e5rt spel hj\u00e4lper arbetsgivare och anst\u00e4llda att jobba tillsammans kring de nya arbetsmilj\u00f6reglerna p\u00e5 ett aktivt och lustfyllt s\u00e4tt med f\u00f6rslag p\u00e5 konkreta \u00e5tg\u00e4rder.<\/p>\n<h2>Kontakta oss!<\/h2>\n<p>Vi har hj\u00e4lpt flera stora kunder genom \u00e5ren, b\u00e5de f\u00f6retag, myndigheter och organisationer.<\/p>\n<p>Vill du veta mer om vad vi kan g\u00f6ra f\u00f6r dig p\u00e5 er arbetsplats f\u00f6r att se till att ni f\u00f6ljer de lagar och f\u00f6reskrifter som finns? Tveka inte att kontakta oss s\u00e5 ber\u00e4ttar vi mer om hur vi arbetar.<\/p>\n<p>[\/et_pb_text][\/et_pb_column][et_pb_column type=&#8221;1_3&#8243;][et_pb_cta button_url=&#8221;https:\/\/gooddecision.eu\/vara-referenser\/&#8221; button_text=&#8221;L\u00e4s mer&#8221; background_color=&#8221;#ebaf10&#8243; text_orientation=&#8221;left&#8221; _builder_version=&#8221;3.0.71&#8243; background_size=&#8221;initial&#8221; background_position=&#8221;top_left&#8221; background_repeat=&#8221;repeat&#8221;]<\/p>\n<p><a href=\"https:\/\/gooddecision.eu\/wp-content\/uploads\/2017\/05\/referens_ikon.png\" rel=\"nofollow\"><img loading=\"lazy\" decoding=\"async\" class=\"wp-image-615 size-full alignleft\" src=\"https:\/\/gooddecision.eu\/wp-content\/uploads\/2017\/05\/referens_ikon.png\" alt=\"\" width=\"60\" height=\"55\" \/><span style=\"font-size: large; color: #ffffff;\"><strong>Spelet var ett roligt och l\u00e4ttsamt s\u00e4tt att angripa sv\u00e5ra fr\u00e5gor.<\/strong><\/span><br \/>\n<\/a><\/p>\n<p>[\/et_pb_cta][et_pb_cta button_url=&#8221;https:\/\/gooddecision.eu\/kontakt\/&#8221; button_text=&#8221;Till kontakt&#8221; background_color=&#8221;#ad0076&#8243; text_orientation=&#8221;left&#8221; _builder_version=&#8221;3.0.71&#8243; background_image=&#8221;https:\/\/gooddecision.eu\/wp-content\/uploads\/2015\/09\/Oss.jpg&#8221; background_size=&#8221;initial&#8221; background_position=&#8221;top_left&#8221; background_repeat=&#8221;repeat&#8221;]<\/p>\n<p><span style=\"font-size: large; color: #ffffff;\"><strong>Beh\u00f6ver ni hj\u00e4lp att f\u00f6rebygga stress och oh\u00e4lsa p\u00e5 er arbetsplats?<\/strong><\/span><\/p>\n<p><span style=\"font-size: large; color: #ffffff;\"><strong>Kontakta oss!<\/strong><\/span><\/p>\n<p>[\/et_pb_cta][\/et_pb_column][\/et_pb_row][\/et_pb_section]<\/p>\n","protected":false},"excerpt":{"rendered":"<p>\n\t\t\t\t<p class=\"rs-p-wp-fix\"><\/p>\n\t\t\t\t<sr7-module data-alias=\"undersida\" data-id=\"2\" id=\"SR7_2_2\" data-version=\"6.7.54\">\n\t\t\t\t\t<sr7-adjuster><\/sr7-adjuster>\n\t\t\t\t\t<sr7-content>\n\t\t\t\t\t\t<sr7-slide id=\"SR7_2_2-5\" data-key=\"5\">\n\t\t\t\t\t\t\t<sr7-bg id=\"SR7_2_2-5-slidebg\" class=\"sr7-layer\"><noscript><img decoding=\"async\" src=\"https:\/\/gooddecision.eu\/wp-content\/uploads\/2017\/05\/osa.jpg\" alt=\"\" title=\"Lag kr\u00e4nkande s\u00e4rbehandling\"><\/noscript><\/sr7-bg>\n\t\t\t\t\t\t<\/sr7-slide>\n\t\t\t\t\t\t<sr7-slide id=\"SR7_2_2-30\" data-key=\"30\">\n\t\t\t\t\t\t<\/sr7-slide>\n\t\t\t\t\t<\/sr7-content>\n\t\t\t\t<\/sr7-module>\n\t\t\t\t<script>\n\t\t\t\t\twindow.SR7 ??={};SR7.PMH ??={}; SR7.PMH[\"SR7_2_2\"] = {cn:100,state:false,fn: function() { if (window._tpt!==undefined && window._tpt.prepareModuleHeight !== undefined) {  _tpt.prepareModuleHeight({id:\"SR7_2_2\",el:[],type:'hero',shdw:'0',gh:[500],gw:[1240],vpt:['-200px'],size:{fullWidth:true, fullHeight:false},mh:'0',onh:0,onw:0,bg:{color:'transparent'},plType:'0',plColor:'#FFFFFF'});   SR7.PMH[\"SR7_2_2\"].state=true;} else if(SR7.PMH[\"SR7_2_2\"].cn-->0)\tsetTimeout( SR7.PMH[\"SR7_2_2\"].fn,19);}};SR7.PMH[\"SR7_2_2\" ].fn();\n\t\t\t\t<\/script>\n Lag kr\u00e4nkande s\u00e4rbehandling Det \u00e4r viktigt att uppr\u00e4tth\u00e5lla lag och riktlinjer f\u00f6r att f\u00f6rhindra kr\u00e4nkande s\u00e4rbehandling. Oh\u00e4lsa \u00e4r ett v\u00e4xande samh\u00e4llsproblem och konsekvenser s\u00e5som arbetsrelaterade sjukdomar kan bli m\u00e5nga, l\u00e5ngdragna och allvarliga. Oftast n\u00e4r man talar om kr\u00e4nkande s\u00e4rbehandling \u00e4r det mobbning som kommer upp som exempel, men i st\u00f6rre drag inneb\u00e4r det [&hellip;]<\/p>\n","protected":false},"author":3,"featured_media":0,"parent":0,"menu_order":100,"comment_status":"closed","ping_status":"closed","template":"","meta":{"_et_pb_use_builder":"on","_et_pb_old_content":"","_et_gb_content_width":"","footnotes":""},"class_list":["post-1540","page","type-page","status-publish","hentry"],"yoast_head":"<!-- This site is optimized with the Yoast SEO plugin v27.5 - https:\/\/yoast.com\/product\/yoast-seo-wordpress\/ -->\n<title>Lag Kr\u00e4nkande S\u00e4rbehandling - L\u00e4s och l\u00e4r er mer p\u00e5 Good Decision<\/title>\n<meta name=\"description\" content=\"Lag mot kr\u00e4nkande s\u00e4rbehandling - F\u00f6r en b\u00e4ttre arbetsmilj\u00f6 - Vi har erfarenhet, stort kunnande och arbetar l\u00e5ngsiktigt. V\u00e4lkommen!\" \/>\n<meta name=\"robots\" content=\"index, follow, max-snippet:-1, max-image-preview:large, max-video-preview:-1\" \/>\n<link rel=\"canonical\" href=\"https:\/\/gooddecision.eu\/sv\/lag-krankande-sarbehandling\/\" \/>\n<meta property=\"og:locale\" content=\"sv_SE\" \/>\n<meta property=\"og:type\" content=\"article\" \/>\n<meta property=\"og:title\" content=\"Lag Kr\u00e4nkande S\u00e4rbehandling - L\u00e4s och l\u00e4r er mer p\u00e5 Good Decision\" \/>\n<meta property=\"og:description\" content=\"Lag mot kr\u00e4nkande s\u00e4rbehandling - F\u00f6r en b\u00e4ttre arbetsmilj\u00f6 - Vi har erfarenhet, stort kunnande och arbetar l\u00e5ngsiktigt. V\u00e4lkommen!\" \/>\n<meta property=\"og:url\" content=\"https:\/\/gooddecision.eu\/sv\/lag-krankande-sarbehandling\/\" \/>\n<meta property=\"og:site_name\" content=\"Good Decision\" \/>\n<meta property=\"article:modified_time\" content=\"2018-08-20T14:11:39+00:00\" \/>\n<meta property=\"og:image\" content=\"https:\/\/gooddecision.eu\/wp-content\/uploads\/2017\/05\/bildd2-300x188.jpg\" \/>\n<meta name=\"twitter:card\" content=\"summary_large_image\" \/>\n<meta name=\"twitter:label1\" content=\"Ber\u00e4knad l\u00e4stid\" \/>\n\t<meta name=\"twitter:data1\" content=\"3 minuter\" \/>\n<script type=\"application\/ld+json\" class=\"yoast-schema-graph\">{\"@context\":\"https:\\\/\\\/schema.org\",\"@graph\":[{\"@type\":\"WebPage\",\"@id\":\"https:\\\/\\\/gooddecision.eu\\\/sv\\\/lag-krankande-sarbehandling\\\/\",\"url\":\"https:\\\/\\\/gooddecision.eu\\\/sv\\\/lag-krankande-sarbehandling\\\/\",\"name\":\"Lag Kr\u00e4nkande S\u00e4rbehandling - L\u00e4s och l\u00e4r er mer p\u00e5 Good Decision\",\"isPartOf\":{\"@id\":\"https:\\\/\\\/gooddecision.eu\\\/sv\\\/#website\"},\"primaryImageOfPage\":{\"@id\":\"https:\\\/\\\/gooddecision.eu\\\/sv\\\/lag-krankande-sarbehandling\\\/#primaryimage\"},\"image\":{\"@id\":\"https:\\\/\\\/gooddecision.eu\\\/sv\\\/lag-krankande-sarbehandling\\\/#primaryimage\"},\"thumbnailUrl\":\"https:\\\/\\\/gooddecision.eu\\\/wp-content\\\/uploads\\\/2017\\\/05\\\/bildd2-300x188.jpg\",\"datePublished\":\"2017-11-22T13:22:39+00:00\",\"dateModified\":\"2018-08-20T14:11:39+00:00\",\"description\":\"Lag mot kr\u00e4nkande s\u00e4rbehandling - F\u00f6r en b\u00e4ttre arbetsmilj\u00f6 - Vi har erfarenhet, stort kunnande och arbetar l\u00e5ngsiktigt. V\u00e4lkommen!\",\"breadcrumb\":{\"@id\":\"https:\\\/\\\/gooddecision.eu\\\/sv\\\/lag-krankande-sarbehandling\\\/#breadcrumb\"},\"inLanguage\":\"sv-SE\",\"potentialAction\":[{\"@type\":\"ReadAction\",\"target\":[\"https:\\\/\\\/gooddecision.eu\\\/sv\\\/lag-krankande-sarbehandling\\\/\"]}]},{\"@type\":\"ImageObject\",\"inLanguage\":\"sv-SE\",\"@id\":\"https:\\\/\\\/gooddecision.eu\\\/sv\\\/lag-krankande-sarbehandling\\\/#primaryimage\",\"url\":\"https:\\\/\\\/gooddecision.eu\\\/wp-content\\\/uploads\\\/2017\\\/05\\\/bildd2-300x188.jpg\",\"contentUrl\":\"https:\\\/\\\/gooddecision.eu\\\/wp-content\\\/uploads\\\/2017\\\/05\\\/bildd2-300x188.jpg\"},{\"@type\":\"BreadcrumbList\",\"@id\":\"https:\\\/\\\/gooddecision.eu\\\/sv\\\/lag-krankande-sarbehandling\\\/#breadcrumb\",\"itemListElement\":[{\"@type\":\"ListItem\",\"position\":1,\"name\":\"Hem\",\"item\":\"https:\\\/\\\/gooddecision.eu\\\/sv\\\/\"},{\"@type\":\"ListItem\",\"position\":2,\"name\":\"Lag kr\u00e4nkande s\u00e4rbehandling\"}]},{\"@type\":\"WebSite\",\"@id\":\"https:\\\/\\\/gooddecision.eu\\\/sv\\\/#website\",\"url\":\"https:\\\/\\\/gooddecision.eu\\\/sv\\\/\",\"name\":\"Good Decision\",\"description\":\"Utvecklar organisationer med synliga positiva effekter!\",\"publisher\":{\"@id\":\"https:\\\/\\\/gooddecision.eu\\\/sv\\\/#organization\"},\"potentialAction\":[{\"@type\":\"SearchAction\",\"target\":{\"@type\":\"EntryPoint\",\"urlTemplate\":\"https:\\\/\\\/gooddecision.eu\\\/sv\\\/?s={search_term_string}\"},\"query-input\":{\"@type\":\"PropertyValueSpecification\",\"valueRequired\":true,\"valueName\":\"search_term_string\"}}],\"inLanguage\":\"sv-SE\"},{\"@type\":\"Organization\",\"@id\":\"https:\\\/\\\/gooddecision.eu\\\/sv\\\/#organization\",\"name\":\"Good Decision\",\"url\":\"https:\\\/\\\/gooddecision.eu\\\/sv\\\/\",\"logo\":{\"@type\":\"ImageObject\",\"inLanguage\":\"sv-SE\",\"@id\":\"https:\\\/\\\/gooddecision.eu\\\/sv\\\/#\\\/schema\\\/logo\\\/image\\\/\",\"url\":\"https:\\\/\\\/gooddecision.eu\\\/wp-content\\\/uploads\\\/2015\\\/09\\\/logo.png\",\"contentUrl\":\"https:\\\/\\\/gooddecision.eu\\\/wp-content\\\/uploads\\\/2015\\\/09\\\/logo.png\",\"width\":350,\"height\":31,\"caption\":\"Good Decision\"},\"image\":{\"@id\":\"https:\\\/\\\/gooddecision.eu\\\/sv\\\/#\\\/schema\\\/logo\\\/image\\\/\"}}]}<\/script>\n<!-- \/ Yoast SEO plugin. -->","yoast_head_json":{"title":"Lag Kr\u00e4nkande S\u00e4rbehandling - L\u00e4s och l\u00e4r er mer p\u00e5 Good Decision","description":"Lag mot kr\u00e4nkande s\u00e4rbehandling - F\u00f6r en b\u00e4ttre arbetsmilj\u00f6 - Vi har erfarenhet, stort kunnande och arbetar l\u00e5ngsiktigt. V\u00e4lkommen!","robots":{"index":"index","follow":"follow","max-snippet":"max-snippet:-1","max-image-preview":"max-image-preview:large","max-video-preview":"max-video-preview:-1"},"canonical":"https:\/\/gooddecision.eu\/sv\/lag-krankande-sarbehandling\/","og_locale":"sv_SE","og_type":"article","og_title":"Lag Kr\u00e4nkande S\u00e4rbehandling - L\u00e4s och l\u00e4r er mer p\u00e5 Good Decision","og_description":"Lag mot kr\u00e4nkande s\u00e4rbehandling - F\u00f6r en b\u00e4ttre arbetsmilj\u00f6 - Vi har erfarenhet, stort kunnande och arbetar l\u00e5ngsiktigt. V\u00e4lkommen!","og_url":"https:\/\/gooddecision.eu\/sv\/lag-krankande-sarbehandling\/","og_site_name":"Good Decision","article_modified_time":"2018-08-20T14:11:39+00:00","og_image":[{"url":"https:\/\/gooddecision.eu\/wp-content\/uploads\/2017\/05\/bildd2-300x188.jpg","type":"","width":"","height":""}],"twitter_card":"summary_large_image","twitter_misc":{"Ber\u00e4knad l\u00e4stid":"3 minuter"},"schema":{"@context":"https:\/\/schema.org","@graph":[{"@type":"WebPage","@id":"https:\/\/gooddecision.eu\/sv\/lag-krankande-sarbehandling\/","url":"https:\/\/gooddecision.eu\/sv\/lag-krankande-sarbehandling\/","name":"Lag Kr\u00e4nkande S\u00e4rbehandling - L\u00e4s och l\u00e4r er mer p\u00e5 Good Decision","isPartOf":{"@id":"https:\/\/gooddecision.eu\/sv\/#website"},"primaryImageOfPage":{"@id":"https:\/\/gooddecision.eu\/sv\/lag-krankande-sarbehandling\/#primaryimage"},"image":{"@id":"https:\/\/gooddecision.eu\/sv\/lag-krankande-sarbehandling\/#primaryimage"},"thumbnailUrl":"https:\/\/gooddecision.eu\/wp-content\/uploads\/2017\/05\/bildd2-300x188.jpg","datePublished":"2017-11-22T13:22:39+00:00","dateModified":"2018-08-20T14:11:39+00:00","description":"Lag mot kr\u00e4nkande s\u00e4rbehandling - F\u00f6r en b\u00e4ttre arbetsmilj\u00f6 - Vi har erfarenhet, stort kunnande och arbetar l\u00e5ngsiktigt. V\u00e4lkommen!","breadcrumb":{"@id":"https:\/\/gooddecision.eu\/sv\/lag-krankande-sarbehandling\/#breadcrumb"},"inLanguage":"sv-SE","potentialAction":[{"@type":"ReadAction","target":["https:\/\/gooddecision.eu\/sv\/lag-krankande-sarbehandling\/"]}]},{"@type":"ImageObject","inLanguage":"sv-SE","@id":"https:\/\/gooddecision.eu\/sv\/lag-krankande-sarbehandling\/#primaryimage","url":"https:\/\/gooddecision.eu\/wp-content\/uploads\/2017\/05\/bildd2-300x188.jpg","contentUrl":"https:\/\/gooddecision.eu\/wp-content\/uploads\/2017\/05\/bildd2-300x188.jpg"},{"@type":"BreadcrumbList","@id":"https:\/\/gooddecision.eu\/sv\/lag-krankande-sarbehandling\/#breadcrumb","itemListElement":[{"@type":"ListItem","position":1,"name":"Hem","item":"https:\/\/gooddecision.eu\/sv\/"},{"@type":"ListItem","position":2,"name":"Lag kr\u00e4nkande s\u00e4rbehandling"}]},{"@type":"WebSite","@id":"https:\/\/gooddecision.eu\/sv\/#website","url":"https:\/\/gooddecision.eu\/sv\/","name":"Good Decision","description":"Utvecklar organisationer med synliga positiva effekter!","publisher":{"@id":"https:\/\/gooddecision.eu\/sv\/#organization"},"potentialAction":[{"@type":"SearchAction","target":{"@type":"EntryPoint","urlTemplate":"https:\/\/gooddecision.eu\/sv\/?s={search_term_string}"},"query-input":{"@type":"PropertyValueSpecification","valueRequired":true,"valueName":"search_term_string"}}],"inLanguage":"sv-SE"},{"@type":"Organization","@id":"https:\/\/gooddecision.eu\/sv\/#organization","name":"Good Decision","url":"https:\/\/gooddecision.eu\/sv\/","logo":{"@type":"ImageObject","inLanguage":"sv-SE","@id":"https:\/\/gooddecision.eu\/sv\/#\/schema\/logo\/image\/","url":"https:\/\/gooddecision.eu\/wp-content\/uploads\/2015\/09\/logo.png","contentUrl":"https:\/\/gooddecision.eu\/wp-content\/uploads\/2015\/09\/logo.png","width":350,"height":31,"caption":"Good Decision"},"image":{"@id":"https:\/\/gooddecision.eu\/sv\/#\/schema\/logo\/image\/"}}]}},"_links":{"self":[{"href":"https:\/\/gooddecision.eu\/sv\/wp-json\/wp\/v2\/pages\/1540","targetHints":{"allow":["GET"]}}],"collection":[{"href":"https:\/\/gooddecision.eu\/sv\/wp-json\/wp\/v2\/pages"}],"about":[{"href":"https:\/\/gooddecision.eu\/sv\/wp-json\/wp\/v2\/types\/page"}],"author":[{"embeddable":true,"href":"https:\/\/gooddecision.eu\/sv\/wp-json\/wp\/v2\/users\/3"}],"replies":[{"embeddable":true,"href":"https:\/\/gooddecision.eu\/sv\/wp-json\/wp\/v2\/comments?post=1540"}],"version-history":[{"count":1,"href":"https:\/\/gooddecision.eu\/sv\/wp-json\/wp\/v2\/pages\/1540\/revisions"}],"predecessor-version":[{"id":1541,"href":"https:\/\/gooddecision.eu\/sv\/wp-json\/wp\/v2\/pages\/1540\/revisions\/1541"}],"wp:attachment":[{"href":"https:\/\/gooddecision.eu\/sv\/wp-json\/wp\/v2\/media?parent=1540"}],"curies":[{"name":"wp","href":"https:\/\/api.w.org\/{rel}","templated":true}]}}