{"id":1538,"date":"2017-11-22T14:17:37","date_gmt":"2017-11-22T13:17:37","guid":{"rendered":"http:\/\/gooddecision.eu\/?page_id=1538"},"modified":"2017-11-22T15:03:03","modified_gmt":"2017-11-22T14:03:03","slug":"utbildning-krankande-sarbehandling","status":"publish","type":"page","link":"https:\/\/gooddecision.eu\/sv\/utbildning-krankande-sarbehandling\/","title":{"rendered":"Utbildning kr\u00e4nkande s\u00e4rbehandling"},"content":{"rendered":"<p>[et_pb_section bb_built=&#8221;1&#8243; fullwidth=&#8221;on&#8221; _builder_version=&#8221;3.0.47&#8243;][et_pb_fullwidth_code _builder_version=&#8221;3.0.47&#8243;]\n\t\t\t\t<p class=\"rs-p-wp-fix\"><\/p>\n\t\t\t\t<sr7-module data-alias=\"undersida\" data-id=\"2\" id=\"SR7_2_1\" data-version=\"6.7.54\">\n\t\t\t\t\t<sr7-adjuster><\/sr7-adjuster>\n\t\t\t\t\t<sr7-content>\n\t\t\t\t\t\t<sr7-slide id=\"SR7_2_1-5\" data-key=\"5\">\n\t\t\t\t\t\t\t<sr7-bg id=\"SR7_2_1-5-slidebg\" class=\"sr7-layer\"><noscript><img decoding=\"async\" src=\"https:\/\/gooddecision.eu\/wp-content\/uploads\/2017\/05\/osa.jpg\" alt=\"\" title=\"Utbildning kr\u00e4nkande s\u00e4rbehandling\"><\/noscript><\/sr7-bg>\n\t\t\t\t\t\t<\/sr7-slide>\n\t\t\t\t\t\t<sr7-slide id=\"SR7_2_1-30\" data-key=\"30\">\n\t\t\t\t\t\t<\/sr7-slide>\n\t\t\t\t\t<\/sr7-content>\n\t\t\t\t<\/sr7-module>\n\t\t\t\t<script>\n\t\t\t\t\twindow.SR7 ??={};SR7.PMH ??={}; SR7.PMH[\"SR7_2_1\"] = {cn:100,state:false,fn: function() { if (window._tpt!==undefined && window._tpt.prepareModuleHeight !== undefined) {  _tpt.prepareModuleHeight({id:\"SR7_2_1\",el:[],type:'hero',shdw:'0',gh:[500],gw:[1240],vpt:['-200px'],size:{fullWidth:true, fullHeight:false},mh:'0',onh:0,onw:0,bg:{color:'transparent'},plType:'0',plColor:'#FFFFFF'});   SR7.PMH[\"SR7_2_1\"].state=true;} else if(SR7.PMH[\"SR7_2_1\"].cn-->0)\tsetTimeout( SR7.PMH[\"SR7_2_1\"].fn,19);}};SR7.PMH[\"SR7_2_1\" ].fn();\n\t\t\t\t<\/script>\n[\/et_pb_fullwidth_code][\/et_pb_section][et_pb_section bb_built=&#8221;1&#8243; admin_label=&#8221;section&#8221; _builder_version=&#8221;3.0.47&#8243;][et_pb_row admin_label=&#8221;row&#8221; _builder_version=&#8221;3.0.47&#8243; background_size=&#8221;initial&#8221; background_position=&#8221;top_left&#8221; background_repeat=&#8221;repeat&#8221;][et_pb_column type=&#8221;2_3&#8243;][et_pb_text _builder_version=&#8221;3.0.89&#8243; text_line_height=&#8221;1.9em&#8221; header_text_color=&#8221;#ebaf10&#8243; background_size=&#8221;initial&#8221; background_position=&#8221;top_left&#8221; background_repeat=&#8221;repeat&#8221; background_layout=&#8221;light&#8221;]<\/p>\n<h1>Utbildning kr\u00e4nkande s\u00e4rbehandling<\/h1>\n<p>Vi p\u00e5 Good Decision erbjuder utbildning f\u00f6r att f\u00f6rhindra kr\u00e4nkande s\u00e4rbehandling s\u00e5som mobbning, utfrysning, trakasserier och f\u00f6rol\u00e4mpningar p\u00e5 arbetsplatsen. Dessa beteenden orsakar en d\u00e5lig arbetsmilj\u00f6 som i sin tur skapar oh\u00e4lsa bland medarbetarna, vilket i v\u00e4rsta fall leder till arbetsrelaterade sjukdomar och sjukskrivningar.<\/p>\n<p>Sedan Arbetsmilj\u00f6verket kom med en ny f\u00f6reskrift f\u00f6r organisatorisk och social arbetsmilj\u00f6 2015 \u00e4r det numera ett m\u00e5ste f\u00f6r alla arbetsgivare att ha rutiner f\u00f6r hur man arbetar mot kr\u00e4nkande s\u00e4rbehandling. Alla organisationer ser olika ut med olika f\u00f6ruts\u00e4ttningar och d\u00e4rf\u00f6r \u00e4r det viktigt att utbilda inom omr\u00e5det, samt viktigt att ta fram en policy efter hur ert f\u00f6retag fungerar.<\/p>\n<p>Det kan vi hj\u00e4lpa er med.<\/p>\n<h2>Konsekvenser av kr\u00e4nkande s\u00e4rbehandling<\/h2>\n<p>Kr\u00e4nkande s\u00e4rbehandling f\u00e5r konsekvenser p\u00e5 b\u00e5de individniv\u00e5 och organisationsniv\u00e5, som bland annat:<\/p>\n<ul>\n<li>Sjukfr\u00e5nvaro<\/li>\n<li>S\u00e4mre resultat<\/li>\n<li>Sv\u00e5righeter att samarbeta<\/li>\n<li>H\u00f6gre stressniv\u00e5er<\/li>\n<li>Minskad effektivitet och produktivitet<\/li>\n<li>Fysisk oh\u00e4lsa<\/li>\n<\/ul>\n<h2>Hur hj\u00e4lper vi er?<\/h2>\n<p>Det \u00e4r alla arbetsgivares skyldighet att uppr\u00e4tth\u00e5lla en policy eller rutiner f\u00f6r hur man ska arbeta mot kr\u00e4nkande s\u00e4rbehandling, men utan r\u00e4tt kunskap eller utbildning \u00e4r det sv\u00e5rt att veta hur man ska utforma detta.<a href=\"https:\/\/gooddecision.eu\/wp-content\/uploads\/2017\/05\/feedback.jpg\"><img loading=\"lazy\" decoding=\"async\" class=\"alignright wp-image-558 size-medium\" src=\"https:\/\/gooddecision.eu\/wp-content\/uploads\/2017\/05\/feedback-300x188.jpg\" alt=\"utbildning kr\u00e4nkande s\u00e4rbehandling\" width=\"300\" height=\"188\" srcset=\"https:\/\/gooddecision.eu\/wp-content\/uploads\/2017\/05\/feedback-300x188.jpg 300w, https:\/\/gooddecision.eu\/wp-content\/uploads\/2017\/05\/feedback-400x250.jpg 400w, https:\/\/gooddecision.eu\/wp-content\/uploads\/2017\/05\/feedback.jpg 600w\" sizes=\"(max-width: 300px) 100vw, 300px\" \/><\/a><\/p>\n<p>Vi p\u00e5 Good Decision har utvecklat ett spel som syftar till att hj\u00e4lpa arbetsgivare och anst\u00e4llda att g\u00f6ra verklighet av de riktlinjer som finns g\u00e4llande att motverka kr\u00e4nkande s\u00e4rbehandling. Spelet utbildar, tydligg\u00f6r och synligg\u00f6r problemet, samt kommer med f\u00f6rslag p\u00e5 konkreta \u00e5tg\u00e4rder att ta med in i arbetslivets vardag.<\/p>\n<h2>Ta kontakt med oss<\/h2>\n<p>Vi arbetar alltid med fokus p\u00e5 individen och vet att samarbete och delaktighet utvecklar organisationen. Samarbete och delaktighet minskar risken f\u00f6r olika sorters kr\u00e4nkande s\u00e4rbehandling. V\u00e5rt spel ger r\u00e4tt utbildning och g\u00f6r riktlinjer till verklighet, vilket ger en l\u00e5ngsiktig och god arbetsmilj\u00f6 i organisationen.<\/p>\n<p>Vill du veta mer eller beh\u00f6ver du hj\u00e4lp att komma ig\u00e5ng? Tveka inte att kontakta oss p\u00e5 Good Decision, s\u00e5 ber\u00e4ttar vi mer om hur vi kan hj\u00e4lpa dig.<\/p>\n<p>[\/et_pb_text][\/et_pb_column][et_pb_column type=&#8221;1_3&#8243;][et_pb_cta button_url=&#8221;https:\/\/gooddecision.eu\/vara-referenser\/&#8221; button_text=&#8221;L\u00e4s mer&#8221; background_color=&#8221;#ebaf10&#8243; text_orientation=&#8221;left&#8221; _builder_version=&#8221;3.0.71&#8243; background_size=&#8221;initial&#8221; background_position=&#8221;top_left&#8221; background_repeat=&#8221;repeat&#8221;]<\/p>\n<p><a href=\"https:\/\/gooddecision.eu\/wp-content\/uploads\/2017\/05\/referens_ikon.png\" rel=\"nofollow\"><img loading=\"lazy\" decoding=\"async\" class=\"wp-image-615 size-full alignleft\" src=\"https:\/\/gooddecision.eu\/wp-content\/uploads\/2017\/05\/referens_ikon.png\" alt=\"\" width=\"60\" height=\"55\" \/><span style=\"font-size: large; color: #ffffff;\"><strong>Spelet var ett roligt och l\u00e4ttsamt s\u00e4tt att angripa sv\u00e5ra fr\u00e5gor.<\/strong><\/span><br \/>\n<\/a><\/p>\n<p>[\/et_pb_cta][et_pb_cta button_url=&#8221;https:\/\/gooddecision.eu\/kontakt\/&#8221; button_text=&#8221;Till kontakt&#8221; background_color=&#8221;#ad0076&#8243; text_orientation=&#8221;left&#8221; _builder_version=&#8221;3.0.71&#8243; background_image=&#8221;https:\/\/gooddecision.eu\/wp-content\/uploads\/2015\/09\/Oss.jpg&#8221; background_size=&#8221;initial&#8221; background_position=&#8221;top_left&#8221; background_repeat=&#8221;repeat&#8221;]<\/p>\n<p><span style=\"font-size: large; color: #ffffff;\"><strong>Beh\u00f6ver ni hj\u00e4lp att f\u00f6rebygga stress och oh\u00e4lsa p\u00e5 er arbetsplats?<\/strong><\/span><\/p>\n<p><span style=\"font-size: large; color: #ffffff;\"><strong>Kontakta oss!<\/strong><\/span><\/p>\n<p>[\/et_pb_cta][\/et_pb_column][\/et_pb_row][\/et_pb_section]<\/p>\n","protected":false},"excerpt":{"rendered":"<p>\n\t\t\t\t<p class=\"rs-p-wp-fix\"><\/p>\n\t\t\t\t<sr7-module data-alias=\"undersida\" data-id=\"2\" id=\"SR7_2_2\" data-version=\"6.7.54\">\n\t\t\t\t\t<sr7-adjuster><\/sr7-adjuster>\n\t\t\t\t\t<sr7-content>\n\t\t\t\t\t\t<sr7-slide id=\"SR7_2_2-5\" data-key=\"5\">\n\t\t\t\t\t\t\t<sr7-bg id=\"SR7_2_2-5-slidebg\" class=\"sr7-layer\"><noscript><img decoding=\"async\" src=\"https:\/\/gooddecision.eu\/wp-content\/uploads\/2017\/05\/osa.jpg\" alt=\"\" title=\"Utbildning kr\u00e4nkande s\u00e4rbehandling\"><\/noscript><\/sr7-bg>\n\t\t\t\t\t\t<\/sr7-slide>\n\t\t\t\t\t\t<sr7-slide id=\"SR7_2_2-30\" data-key=\"30\">\n\t\t\t\t\t\t<\/sr7-slide>\n\t\t\t\t\t<\/sr7-content>\n\t\t\t\t<\/sr7-module>\n\t\t\t\t<script>\n\t\t\t\t\twindow.SR7 ??={};SR7.PMH ??={}; SR7.PMH[\"SR7_2_2\"] = {cn:100,state:false,fn: function() { if (window._tpt!==undefined && window._tpt.prepareModuleHeight !== undefined) {  _tpt.prepareModuleHeight({id:\"SR7_2_2\",el:[],type:'hero',shdw:'0',gh:[500],gw:[1240],vpt:['-200px'],size:{fullWidth:true, fullHeight:false},mh:'0',onh:0,onw:0,bg:{color:'transparent'},plType:'0',plColor:'#FFFFFF'});   SR7.PMH[\"SR7_2_2\"].state=true;} else if(SR7.PMH[\"SR7_2_2\"].cn-->0)\tsetTimeout( SR7.PMH[\"SR7_2_2\"].fn,19);}};SR7.PMH[\"SR7_2_2\" ].fn();\n\t\t\t\t<\/script>\n Utbildning kr\u00e4nkande s\u00e4rbehandling Vi p\u00e5 Good Decision erbjuder utbildning f\u00f6r att f\u00f6rhindra kr\u00e4nkande s\u00e4rbehandling s\u00e5som mobbning, utfrysning, trakasserier och f\u00f6rol\u00e4mpningar p\u00e5 arbetsplatsen. Dessa beteenden orsakar en d\u00e5lig arbetsmilj\u00f6 som i sin tur skapar oh\u00e4lsa bland medarbetarna, vilket i v\u00e4rsta fall leder till arbetsrelaterade sjukdomar och sjukskrivningar. Sedan Arbetsmilj\u00f6verket kom med en ny f\u00f6reskrift [&hellip;]<\/p>\n","protected":false},"author":3,"featured_media":0,"parent":0,"menu_order":100,"comment_status":"closed","ping_status":"closed","template":"","meta":{"_et_pb_use_builder":"on","_et_pb_old_content":"","_et_gb_content_width":"","footnotes":""},"class_list":["post-1538","page","type-page","status-publish","hentry"],"yoast_head":"<!-- This site is optimized with the Yoast SEO plugin v27.4 - https:\/\/yoast.com\/product\/yoast-seo-wordpress\/ -->\n<title>Utbildning kr\u00e4nkande s\u00e4rbehandling - Kontakta Good Decision<\/title>\n<meta name=\"description\" content=\"Utbildning mot kr\u00e4nkande s\u00e4rbehandling med oss p\u00e5 Good Decision - vi vet vad som kr\u00e4vs f\u00f6r att motverka kr\u00e4nkande s\u00e4rbehandling - kontakta oss.\" \/>\n<meta name=\"robots\" content=\"index, follow, max-snippet:-1, max-image-preview:large, max-video-preview:-1\" \/>\n<link rel=\"canonical\" href=\"https:\/\/gooddecision.eu\/sv\/utbildning-krankande-sarbehandling\/\" \/>\n<meta property=\"og:locale\" content=\"sv_SE\" \/>\n<meta property=\"og:type\" content=\"article\" \/>\n<meta property=\"og:title\" content=\"Utbildning kr\u00e4nkande s\u00e4rbehandling - Kontakta Good Decision\" \/>\n<meta property=\"og:description\" content=\"Utbildning mot kr\u00e4nkande s\u00e4rbehandling med oss p\u00e5 Good Decision - vi vet vad som kr\u00e4vs f\u00f6r att motverka kr\u00e4nkande s\u00e4rbehandling - kontakta oss.\" \/>\n<meta property=\"og:url\" content=\"https:\/\/gooddecision.eu\/sv\/utbildning-krankande-sarbehandling\/\" \/>\n<meta property=\"og:site_name\" content=\"Good Decision\" \/>\n<meta property=\"article:modified_time\" content=\"2017-11-22T14:03:03+00:00\" \/>\n<meta property=\"og:image\" content=\"https:\/\/gooddecision.eu\/wp-content\/uploads\/2017\/05\/feedback-300x188.jpg\" \/>\n<meta name=\"twitter:card\" content=\"summary_large_image\" \/>\n<meta name=\"twitter:label1\" content=\"Ber\u00e4knad l\u00e4stid\" \/>\n\t<meta name=\"twitter:data1\" content=\"3 minuter\" \/>\n<script type=\"application\/ld+json\" class=\"yoast-schema-graph\">{\"@context\":\"https:\\\/\\\/schema.org\",\"@graph\":[{\"@type\":\"WebPage\",\"@id\":\"https:\\\/\\\/gooddecision.eu\\\/sv\\\/utbildning-krankande-sarbehandling\\\/\",\"url\":\"https:\\\/\\\/gooddecision.eu\\\/sv\\\/utbildning-krankande-sarbehandling\\\/\",\"name\":\"Utbildning kr\u00e4nkande s\u00e4rbehandling - Kontakta Good Decision\",\"isPartOf\":{\"@id\":\"https:\\\/\\\/gooddecision.eu\\\/sv\\\/#website\"},\"primaryImageOfPage\":{\"@id\":\"https:\\\/\\\/gooddecision.eu\\\/sv\\\/utbildning-krankande-sarbehandling\\\/#primaryimage\"},\"image\":{\"@id\":\"https:\\\/\\\/gooddecision.eu\\\/sv\\\/utbildning-krankande-sarbehandling\\\/#primaryimage\"},\"thumbnailUrl\":\"https:\\\/\\\/gooddecision.eu\\\/wp-content\\\/uploads\\\/2017\\\/05\\\/feedback-300x188.jpg\",\"datePublished\":\"2017-11-22T13:17:37+00:00\",\"dateModified\":\"2017-11-22T14:03:03+00:00\",\"description\":\"Utbildning mot kr\u00e4nkande s\u00e4rbehandling med oss p\u00e5 Good Decision - vi vet vad som kr\u00e4vs f\u00f6r att motverka kr\u00e4nkande s\u00e4rbehandling - kontakta oss.\",\"breadcrumb\":{\"@id\":\"https:\\\/\\\/gooddecision.eu\\\/sv\\\/utbildning-krankande-sarbehandling\\\/#breadcrumb\"},\"inLanguage\":\"sv-SE\",\"potentialAction\":[{\"@type\":\"ReadAction\",\"target\":[\"https:\\\/\\\/gooddecision.eu\\\/sv\\\/utbildning-krankande-sarbehandling\\\/\"]}]},{\"@type\":\"ImageObject\",\"inLanguage\":\"sv-SE\",\"@id\":\"https:\\\/\\\/gooddecision.eu\\\/sv\\\/utbildning-krankande-sarbehandling\\\/#primaryimage\",\"url\":\"https:\\\/\\\/gooddecision.eu\\\/wp-content\\\/uploads\\\/2017\\\/05\\\/feedback-300x188.jpg\",\"contentUrl\":\"https:\\\/\\\/gooddecision.eu\\\/wp-content\\\/uploads\\\/2017\\\/05\\\/feedback-300x188.jpg\"},{\"@type\":\"BreadcrumbList\",\"@id\":\"https:\\\/\\\/gooddecision.eu\\\/sv\\\/utbildning-krankande-sarbehandling\\\/#breadcrumb\",\"itemListElement\":[{\"@type\":\"ListItem\",\"position\":1,\"name\":\"Hem\",\"item\":\"https:\\\/\\\/gooddecision.eu\\\/sv\\\/\"},{\"@type\":\"ListItem\",\"position\":2,\"name\":\"Utbildning kr\u00e4nkande s\u00e4rbehandling\"}]},{\"@type\":\"WebSite\",\"@id\":\"https:\\\/\\\/gooddecision.eu\\\/sv\\\/#website\",\"url\":\"https:\\\/\\\/gooddecision.eu\\\/sv\\\/\",\"name\":\"Good Decision\",\"description\":\"Utvecklar organisationer med synliga positiva effekter!\",\"publisher\":{\"@id\":\"https:\\\/\\\/gooddecision.eu\\\/sv\\\/#organization\"},\"potentialAction\":[{\"@type\":\"SearchAction\",\"target\":{\"@type\":\"EntryPoint\",\"urlTemplate\":\"https:\\\/\\\/gooddecision.eu\\\/sv\\\/?s={search_term_string}\"},\"query-input\":{\"@type\":\"PropertyValueSpecification\",\"valueRequired\":true,\"valueName\":\"search_term_string\"}}],\"inLanguage\":\"sv-SE\"},{\"@type\":\"Organization\",\"@id\":\"https:\\\/\\\/gooddecision.eu\\\/sv\\\/#organization\",\"name\":\"Good Decision\",\"url\":\"https:\\\/\\\/gooddecision.eu\\\/sv\\\/\",\"logo\":{\"@type\":\"ImageObject\",\"inLanguage\":\"sv-SE\",\"@id\":\"https:\\\/\\\/gooddecision.eu\\\/sv\\\/#\\\/schema\\\/logo\\\/image\\\/\",\"url\":\"https:\\\/\\\/gooddecision.eu\\\/wp-content\\\/uploads\\\/2015\\\/09\\\/logo.png\",\"contentUrl\":\"https:\\\/\\\/gooddecision.eu\\\/wp-content\\\/uploads\\\/2015\\\/09\\\/logo.png\",\"width\":350,\"height\":31,\"caption\":\"Good Decision\"},\"image\":{\"@id\":\"https:\\\/\\\/gooddecision.eu\\\/sv\\\/#\\\/schema\\\/logo\\\/image\\\/\"}}]}<\/script>\n<!-- \/ Yoast SEO plugin. -->","yoast_head_json":{"title":"Utbildning kr\u00e4nkande s\u00e4rbehandling - Kontakta Good Decision","description":"Utbildning mot kr\u00e4nkande s\u00e4rbehandling med oss p\u00e5 Good Decision - vi vet vad som kr\u00e4vs f\u00f6r att motverka kr\u00e4nkande s\u00e4rbehandling - kontakta oss.","robots":{"index":"index","follow":"follow","max-snippet":"max-snippet:-1","max-image-preview":"max-image-preview:large","max-video-preview":"max-video-preview:-1"},"canonical":"https:\/\/gooddecision.eu\/sv\/utbildning-krankande-sarbehandling\/","og_locale":"sv_SE","og_type":"article","og_title":"Utbildning kr\u00e4nkande s\u00e4rbehandling - Kontakta Good Decision","og_description":"Utbildning mot kr\u00e4nkande s\u00e4rbehandling med oss p\u00e5 Good Decision - vi vet vad som kr\u00e4vs f\u00f6r att motverka kr\u00e4nkande s\u00e4rbehandling - kontakta oss.","og_url":"https:\/\/gooddecision.eu\/sv\/utbildning-krankande-sarbehandling\/","og_site_name":"Good Decision","article_modified_time":"2017-11-22T14:03:03+00:00","og_image":[{"url":"https:\/\/gooddecision.eu\/wp-content\/uploads\/2017\/05\/feedback-300x188.jpg","type":"","width":"","height":""}],"twitter_card":"summary_large_image","twitter_misc":{"Ber\u00e4knad l\u00e4stid":"3 minuter"},"schema":{"@context":"https:\/\/schema.org","@graph":[{"@type":"WebPage","@id":"https:\/\/gooddecision.eu\/sv\/utbildning-krankande-sarbehandling\/","url":"https:\/\/gooddecision.eu\/sv\/utbildning-krankande-sarbehandling\/","name":"Utbildning kr\u00e4nkande s\u00e4rbehandling - Kontakta Good Decision","isPartOf":{"@id":"https:\/\/gooddecision.eu\/sv\/#website"},"primaryImageOfPage":{"@id":"https:\/\/gooddecision.eu\/sv\/utbildning-krankande-sarbehandling\/#primaryimage"},"image":{"@id":"https:\/\/gooddecision.eu\/sv\/utbildning-krankande-sarbehandling\/#primaryimage"},"thumbnailUrl":"https:\/\/gooddecision.eu\/wp-content\/uploads\/2017\/05\/feedback-300x188.jpg","datePublished":"2017-11-22T13:17:37+00:00","dateModified":"2017-11-22T14:03:03+00:00","description":"Utbildning mot kr\u00e4nkande s\u00e4rbehandling med oss p\u00e5 Good Decision - vi vet vad som kr\u00e4vs f\u00f6r att motverka kr\u00e4nkande s\u00e4rbehandling - kontakta oss.","breadcrumb":{"@id":"https:\/\/gooddecision.eu\/sv\/utbildning-krankande-sarbehandling\/#breadcrumb"},"inLanguage":"sv-SE","potentialAction":[{"@type":"ReadAction","target":["https:\/\/gooddecision.eu\/sv\/utbildning-krankande-sarbehandling\/"]}]},{"@type":"ImageObject","inLanguage":"sv-SE","@id":"https:\/\/gooddecision.eu\/sv\/utbildning-krankande-sarbehandling\/#primaryimage","url":"https:\/\/gooddecision.eu\/wp-content\/uploads\/2017\/05\/feedback-300x188.jpg","contentUrl":"https:\/\/gooddecision.eu\/wp-content\/uploads\/2017\/05\/feedback-300x188.jpg"},{"@type":"BreadcrumbList","@id":"https:\/\/gooddecision.eu\/sv\/utbildning-krankande-sarbehandling\/#breadcrumb","itemListElement":[{"@type":"ListItem","position":1,"name":"Hem","item":"https:\/\/gooddecision.eu\/sv\/"},{"@type":"ListItem","position":2,"name":"Utbildning kr\u00e4nkande s\u00e4rbehandling"}]},{"@type":"WebSite","@id":"https:\/\/gooddecision.eu\/sv\/#website","url":"https:\/\/gooddecision.eu\/sv\/","name":"Good Decision","description":"Utvecklar organisationer med synliga positiva effekter!","publisher":{"@id":"https:\/\/gooddecision.eu\/sv\/#organization"},"potentialAction":[{"@type":"SearchAction","target":{"@type":"EntryPoint","urlTemplate":"https:\/\/gooddecision.eu\/sv\/?s={search_term_string}"},"query-input":{"@type":"PropertyValueSpecification","valueRequired":true,"valueName":"search_term_string"}}],"inLanguage":"sv-SE"},{"@type":"Organization","@id":"https:\/\/gooddecision.eu\/sv\/#organization","name":"Good Decision","url":"https:\/\/gooddecision.eu\/sv\/","logo":{"@type":"ImageObject","inLanguage":"sv-SE","@id":"https:\/\/gooddecision.eu\/sv\/#\/schema\/logo\/image\/","url":"https:\/\/gooddecision.eu\/wp-content\/uploads\/2015\/09\/logo.png","contentUrl":"https:\/\/gooddecision.eu\/wp-content\/uploads\/2015\/09\/logo.png","width":350,"height":31,"caption":"Good Decision"},"image":{"@id":"https:\/\/gooddecision.eu\/sv\/#\/schema\/logo\/image\/"}}]}},"_links":{"self":[{"href":"https:\/\/gooddecision.eu\/sv\/wp-json\/wp\/v2\/pages\/1538","targetHints":{"allow":["GET"]}}],"collection":[{"href":"https:\/\/gooddecision.eu\/sv\/wp-json\/wp\/v2\/pages"}],"about":[{"href":"https:\/\/gooddecision.eu\/sv\/wp-json\/wp\/v2\/types\/page"}],"author":[{"embeddable":true,"href":"https:\/\/gooddecision.eu\/sv\/wp-json\/wp\/v2\/users\/3"}],"replies":[{"embeddable":true,"href":"https:\/\/gooddecision.eu\/sv\/wp-json\/wp\/v2\/comments?post=1538"}],"version-history":[{"count":1,"href":"https:\/\/gooddecision.eu\/sv\/wp-json\/wp\/v2\/pages\/1538\/revisions"}],"predecessor-version":[{"id":1539,"href":"https:\/\/gooddecision.eu\/sv\/wp-json\/wp\/v2\/pages\/1538\/revisions\/1539"}],"wp:attachment":[{"href":"https:\/\/gooddecision.eu\/sv\/wp-json\/wp\/v2\/media?parent=1538"}],"curies":[{"name":"wp","href":"https:\/\/api.w.org\/{rel}","templated":true}]}}