{"id":1534,"date":"2017-11-22T14:07:51","date_gmt":"2017-11-22T13:07:51","guid":{"rendered":"http:\/\/gooddecision.eu\/?page_id=1534"},"modified":"2017-11-22T15:02:56","modified_gmt":"2017-11-22T14:02:56","slug":"motverka-krankande-sarbehandling","status":"publish","type":"page","link":"https:\/\/gooddecision.eu\/sv\/motverka-krankande-sarbehandling\/","title":{"rendered":"Motverka kr\u00e4nkande s\u00e4rbehandling"},"content":{"rendered":"<p>[et_pb_section bb_built=&#8221;1&#8243; fullwidth=&#8221;on&#8221; _builder_version=&#8221;3.0.47&#8243;][et_pb_fullwidth_code _builder_version=&#8221;3.0.47&#8243;]\n\t\t\t\t<p class=\"rs-p-wp-fix\"><\/p>\n\t\t\t\t<sr7-module data-alias=\"undersida\" data-id=\"2\" id=\"SR7_2_1\" data-version=\"6.7.54\">\n\t\t\t\t\t<sr7-adjuster><\/sr7-adjuster>\n\t\t\t\t\t<sr7-content>\n\t\t\t\t\t\t<sr7-slide id=\"SR7_2_1-5\" data-key=\"5\">\n\t\t\t\t\t\t\t<sr7-bg id=\"SR7_2_1-5-slidebg\" class=\"sr7-layer\"><noscript><img decoding=\"async\" src=\"https:\/\/gooddecision.eu\/wp-content\/uploads\/2017\/05\/osa.jpg\" alt=\"\" title=\"Motverka kr\u00e4nkande s\u00e4rbehandling\"><\/noscript><\/sr7-bg>\n\t\t\t\t\t\t<\/sr7-slide>\n\t\t\t\t\t\t<sr7-slide id=\"SR7_2_1-30\" data-key=\"30\">\n\t\t\t\t\t\t<\/sr7-slide>\n\t\t\t\t\t<\/sr7-content>\n\t\t\t\t<\/sr7-module>\n\t\t\t\t<script>\n\t\t\t\t\twindow.SR7 ??={};SR7.PMH ??={}; SR7.PMH[\"SR7_2_1\"] = {cn:100,state:false,fn: function() { if (window._tpt!==undefined && window._tpt.prepareModuleHeight !== undefined) {  _tpt.prepareModuleHeight({id:\"SR7_2_1\",el:[],type:'hero',shdw:'0',gh:[500],gw:[1240],vpt:['-200px'],size:{fullWidth:true, fullHeight:false},mh:'0',onh:0,onw:0,bg:{color:'transparent'},plType:'0',plColor:'#FFFFFF'});   SR7.PMH[\"SR7_2_1\"].state=true;} else if(SR7.PMH[\"SR7_2_1\"].cn-->0)\tsetTimeout( SR7.PMH[\"SR7_2_1\"].fn,19);}};SR7.PMH[\"SR7_2_1\" ].fn();\n\t\t\t\t<\/script>\n[\/et_pb_fullwidth_code][\/et_pb_section][et_pb_section bb_built=&#8221;1&#8243; admin_label=&#8221;section&#8221; _builder_version=&#8221;3.0.47&#8243;][et_pb_row admin_label=&#8221;row&#8221; _builder_version=&#8221;3.0.47&#8243; background_size=&#8221;initial&#8221; background_position=&#8221;top_left&#8221; background_repeat=&#8221;repeat&#8221;][et_pb_column type=&#8221;2_3&#8243;][et_pb_text _builder_version=&#8221;3.0.89&#8243; text_line_height=&#8221;1.9em&#8221; header_text_color=&#8221;#ebaf10&#8243; background_size=&#8221;initial&#8221; background_position=&#8221;top_left&#8221; background_repeat=&#8221;repeat&#8221; background_layout=&#8221;light&#8221;]<\/p>\n<h1>Motverka kr\u00e4nkande s\u00e4rbehandling<\/h1>\n<p>Att motverka kr\u00e4nkande s\u00e4rbehandling i verksamheten \u00e4r ett m\u00e5ste f\u00f6r en v\u00e4lfungerande organisation med glada och v\u00e4lm\u00e5ende medarbetare.<\/p>\n<p>I september 2015 kom Arbetsmilj\u00f6verket med en ny f\u00f6reskrift ang\u00e5ende organisatorisk och social arbetsmilj\u00f6 som s\u00e4ger att alla arbetsgivare m\u00e5ste ha rutiner f\u00f6r hur man arbetar f\u00f6r att motverka kr\u00e4nkande s\u00e4rbehandling p\u00e5 er verksamhet. Det finns ingen f\u00e4rdig policy f\u00f6r hur man ska arbeta d\u00e5 alla arbetsplatser ser olika ut, och d\u00e4rf\u00f6r \u00e4r det varje arbetsgivares ansvar att uppr\u00e4tta rutiner f\u00f6r hur man ska arbeta.<\/p>\n<h2>Vad \u00e4r kr\u00e4nkande s\u00e4rbehandling?<\/h2>\n<p>Kr\u00e4nkande s\u00e4rbehandling \u00e4r ett samlingsbegrepp f\u00f6r olika sorters oacceptabla beteenden, s\u00e5som:<\/p>\n<ul>\n<li>Mobbning<\/li>\n<li>Att medvetet frysa ut n\u00e5gon<\/li>\n<li>Trakasserier<\/li>\n<li>F\u00f6rf\u00f6ljelse av olika slag<\/li>\n<li>F\u00f6rtal<\/li>\n<li>Att f\u00f6rol\u00e4mpa eller kritisera n\u00e5gon inf\u00f6r andra<\/li>\n<\/ul>\n<p>Dessa beteenden leder till en oh\u00e4lsosam arbetsmilj\u00f6 vilket idag \u00e4r ett v\u00e4xande samh\u00e4llsproblem.<\/p>\n<p>F\u00f6retag som drabbas av arbetsrelaterade sjukdomar och sjukskrivningar har s\u00e4mre f\u00f6ruts\u00e4ttningar att utvecklas och n\u00e5 de uppsatta m\u00e5len. D\u00e4rf\u00f6r \u00e4r det viktigt att aktivt arbeta med att motverka kr\u00e4nkande s\u00e4rbehandling.<\/p>\n<h2>Hur kan vi hj\u00e4lpa till f\u00f6r att motverka?<a href=\"https:\/\/gooddecision.eu\/wp-content\/uploads\/2017\/05\/bildd2.jpg\"><img loading=\"lazy\" decoding=\"async\" class=\"alignright wp-image-559 size-medium\" src=\"https:\/\/gooddecision.eu\/wp-content\/uploads\/2017\/05\/bildd2-300x188.jpg\" alt=\"motverka kr\u00e4nkande s\u00e4rbehandling\" width=\"300\" height=\"188\" srcset=\"https:\/\/gooddecision.eu\/wp-content\/uploads\/2017\/05\/bildd2-300x188.jpg 300w, https:\/\/gooddecision.eu\/wp-content\/uploads\/2017\/05\/bildd2-400x250.jpg 400w, https:\/\/gooddecision.eu\/wp-content\/uploads\/2017\/05\/bildd2.jpg 600w\" sizes=\"(max-width: 300px) 100vw, 300px\" \/><\/a><\/h2>\n<p>Det \u00e4r av h\u00f6gsta vikt att ta fram en policy med ett spr\u00e5k och en utformning som g\u00f6r att alla p\u00e5 f\u00f6retaget k\u00e4nner igen sig i den. Vi p\u00e5 Good Decision utvecklade ett pedagogiskt spel i samband med att Arbetsmilj\u00f6verket tog fram den nya f\u00f6reskriften, AFS 2015:4. Spelet utbildar chefer och ledare i reglerna, och det tillh\u00f6rande arbetsmaterialet m\u00f6jligg\u00f6r ett systematiskt arbetss\u00e4tt och delaktighet bland medarbetarna i syfte att motverka att kr\u00e4nkningarna uppst\u00e5r.<\/p>\n<p>Vi hj\u00e4lper f\u00f6retag och organisationer att fatta r\u00e4tt beslut baserat p\u00e5 den v\u00e4rdegrund och policy som finns, samt att vi hj\u00e4lper arbetsgivare och anst\u00e4llda att arbeta efter dessa. Vi hj\u00e4lper er med konkreta verktyg att ta med in i vardagen under arbetsdagarna.<\/p>\n<h2>Kontakta oss f\u00f6r hj\u00e4lp att motverka kr\u00e4nkande s\u00e4rbehandling<\/h2>\n<p>Vi ber\u00e4ttar g\u00e4rna mer om hur vi kan hj\u00e4lpa er att motverka kr\u00e4nkande s\u00e4rbehandling p\u00e5 arbetsplatsen. H\u00f6r av dig till oss s\u00e5 ber\u00e4ttar vi mer om spelet och hur vi arbetar. V\u00e4lkommen till Good Decision!<\/p>\n<p>[\/et_pb_text][\/et_pb_column][et_pb_column type=&#8221;1_3&#8243;][et_pb_cta button_url=&#8221;https:\/\/gooddecision.eu\/vara-referenser\/&#8221; button_text=&#8221;L\u00e4s mer&#8221; background_color=&#8221;#ebaf10&#8243; text_orientation=&#8221;left&#8221; _builder_version=&#8221;3.0.71&#8243; background_size=&#8221;initial&#8221; background_position=&#8221;top_left&#8221; background_repeat=&#8221;repeat&#8221;]<\/p>\n<p><a href=\"https:\/\/gooddecision.eu\/wp-content\/uploads\/2017\/05\/referens_ikon.png\" rel=\"nofollow\"><img loading=\"lazy\" decoding=\"async\" class=\"wp-image-615 size-full alignleft\" src=\"https:\/\/gooddecision.eu\/wp-content\/uploads\/2017\/05\/referens_ikon.png\" alt=\"\" width=\"60\" height=\"55\" \/><span style=\"font-size: large; color: #ffffff;\"><strong>Spelet var ett roligt och l\u00e4ttsamt s\u00e4tt att angripa sv\u00e5ra fr\u00e5gor.<\/strong><\/span><br \/>\n<\/a><\/p>\n<p>[\/et_pb_cta][et_pb_cta button_url=&#8221;https:\/\/gooddecision.eu\/kontakt\/&#8221; button_text=&#8221;Till kontakt&#8221; background_color=&#8221;#ad0076&#8243; text_orientation=&#8221;left&#8221; _builder_version=&#8221;3.0.71&#8243; background_image=&#8221;https:\/\/gooddecision.eu\/wp-content\/uploads\/2015\/09\/Oss.jpg&#8221; background_size=&#8221;initial&#8221; background_position=&#8221;top_left&#8221; background_repeat=&#8221;repeat&#8221;]<\/p>\n<p><span style=\"font-size: large; color: #ffffff;\"><strong>Beh\u00f6ver ni hj\u00e4lp att f\u00f6rebygga stress och oh\u00e4lsa p\u00e5 er arbetsplats?<\/strong><\/span><\/p>\n<p><span style=\"font-size: large; color: #ffffff;\"><strong>Kontakta oss!<\/strong><\/span><\/p>\n<p>[\/et_pb_cta][\/et_pb_column][\/et_pb_row][\/et_pb_section]<\/p>\n","protected":false},"excerpt":{"rendered":"<p>\n\t\t\t\t<p class=\"rs-p-wp-fix\"><\/p>\n\t\t\t\t<sr7-module data-alias=\"undersida\" data-id=\"2\" id=\"SR7_2_2\" data-version=\"6.7.54\">\n\t\t\t\t\t<sr7-adjuster><\/sr7-adjuster>\n\t\t\t\t\t<sr7-content>\n\t\t\t\t\t\t<sr7-slide id=\"SR7_2_2-5\" data-key=\"5\">\n\t\t\t\t\t\t\t<sr7-bg id=\"SR7_2_2-5-slidebg\" class=\"sr7-layer\"><noscript><img decoding=\"async\" src=\"https:\/\/gooddecision.eu\/wp-content\/uploads\/2017\/05\/osa.jpg\" alt=\"\" title=\"Motverka kr\u00e4nkande s\u00e4rbehandling\"><\/noscript><\/sr7-bg>\n\t\t\t\t\t\t<\/sr7-slide>\n\t\t\t\t\t\t<sr7-slide id=\"SR7_2_2-30\" data-key=\"30\">\n\t\t\t\t\t\t<\/sr7-slide>\n\t\t\t\t\t<\/sr7-content>\n\t\t\t\t<\/sr7-module>\n\t\t\t\t<script>\n\t\t\t\t\twindow.SR7 ??={};SR7.PMH ??={}; SR7.PMH[\"SR7_2_2\"] = {cn:100,state:false,fn: function() { if (window._tpt!==undefined && window._tpt.prepareModuleHeight !== undefined) {  _tpt.prepareModuleHeight({id:\"SR7_2_2\",el:[],type:'hero',shdw:'0',gh:[500],gw:[1240],vpt:['-200px'],size:{fullWidth:true, fullHeight:false},mh:'0',onh:0,onw:0,bg:{color:'transparent'},plType:'0',plColor:'#FFFFFF'});   SR7.PMH[\"SR7_2_2\"].state=true;} else if(SR7.PMH[\"SR7_2_2\"].cn-->0)\tsetTimeout( SR7.PMH[\"SR7_2_2\"].fn,19);}};SR7.PMH[\"SR7_2_2\" ].fn();\n\t\t\t\t<\/script>\n Motverka kr\u00e4nkande s\u00e4rbehandling Att motverka kr\u00e4nkande s\u00e4rbehandling i verksamheten \u00e4r ett m\u00e5ste f\u00f6r en v\u00e4lfungerande organisation med glada och v\u00e4lm\u00e5ende medarbetare. I september 2015 kom Arbetsmilj\u00f6verket med en ny f\u00f6reskrift ang\u00e5ende organisatorisk och social arbetsmilj\u00f6 som s\u00e4ger att alla arbetsgivare m\u00e5ste ha rutiner f\u00f6r hur man arbetar f\u00f6r att motverka kr\u00e4nkande s\u00e4rbehandling p\u00e5 [&hellip;]<\/p>\n","protected":false},"author":3,"featured_media":0,"parent":0,"menu_order":100,"comment_status":"closed","ping_status":"closed","template":"","meta":{"_et_pb_use_builder":"on","_et_pb_old_content":"","_et_gb_content_width":"","footnotes":""},"class_list":["post-1534","page","type-page","status-publish","hentry"],"yoast_head":"<!-- This site is optimized with the Yoast SEO plugin v27.4 - https:\/\/yoast.com\/product\/yoast-seo-wordpress\/ -->\n<title>Motverka kr\u00e4nkande s\u00e4rbehandling - l\u00e4s mer p\u00e5 Good Decision<\/title>\n<meta name=\"description\" content=\"Motverka kr\u00e4nkande s\u00e4rbehandling p\u00e5 arbetsplatsen - f\u00f6r de anst\u00e4llda och organisationens b\u00e4sta. Vi vet hur - l\u00e4s mer p\u00e5 Good Decision, v\u00e4lkommen till oss!\" \/>\n<meta name=\"robots\" content=\"index, follow, max-snippet:-1, max-image-preview:large, max-video-preview:-1\" \/>\n<link rel=\"canonical\" href=\"https:\/\/gooddecision.eu\/sv\/motverka-krankande-sarbehandling\/\" \/>\n<meta property=\"og:locale\" content=\"sv_SE\" \/>\n<meta property=\"og:type\" content=\"article\" \/>\n<meta property=\"og:title\" content=\"Motverka kr\u00e4nkande s\u00e4rbehandling - l\u00e4s mer p\u00e5 Good Decision\" \/>\n<meta property=\"og:description\" content=\"Motverka kr\u00e4nkande s\u00e4rbehandling p\u00e5 arbetsplatsen - f\u00f6r de anst\u00e4llda och organisationens b\u00e4sta. Vi vet hur - l\u00e4s mer p\u00e5 Good Decision, v\u00e4lkommen till oss!\" \/>\n<meta property=\"og:url\" content=\"https:\/\/gooddecision.eu\/sv\/motverka-krankande-sarbehandling\/\" \/>\n<meta property=\"og:site_name\" content=\"Good Decision\" \/>\n<meta property=\"article:modified_time\" content=\"2017-11-22T14:02:56+00:00\" \/>\n<meta property=\"og:image\" content=\"https:\/\/gooddecision.eu\/wp-content\/uploads\/2017\/05\/bildd2-300x188.jpg\" \/>\n<meta name=\"twitter:card\" content=\"summary_large_image\" \/>\n<meta name=\"twitter:label1\" content=\"Ber\u00e4knad l\u00e4stid\" \/>\n\t<meta name=\"twitter:data1\" content=\"3 minuter\" \/>\n<script type=\"application\/ld+json\" class=\"yoast-schema-graph\">{\"@context\":\"https:\\\/\\\/schema.org\",\"@graph\":[{\"@type\":\"WebPage\",\"@id\":\"https:\\\/\\\/gooddecision.eu\\\/sv\\\/motverka-krankande-sarbehandling\\\/\",\"url\":\"https:\\\/\\\/gooddecision.eu\\\/sv\\\/motverka-krankande-sarbehandling\\\/\",\"name\":\"Motverka kr\u00e4nkande s\u00e4rbehandling - l\u00e4s mer p\u00e5 Good Decision\",\"isPartOf\":{\"@id\":\"https:\\\/\\\/gooddecision.eu\\\/sv\\\/#website\"},\"primaryImageOfPage\":{\"@id\":\"https:\\\/\\\/gooddecision.eu\\\/sv\\\/motverka-krankande-sarbehandling\\\/#primaryimage\"},\"image\":{\"@id\":\"https:\\\/\\\/gooddecision.eu\\\/sv\\\/motverka-krankande-sarbehandling\\\/#primaryimage\"},\"thumbnailUrl\":\"https:\\\/\\\/gooddecision.eu\\\/wp-content\\\/uploads\\\/2017\\\/05\\\/bildd2-300x188.jpg\",\"datePublished\":\"2017-11-22T13:07:51+00:00\",\"dateModified\":\"2017-11-22T14:02:56+00:00\",\"description\":\"Motverka kr\u00e4nkande s\u00e4rbehandling p\u00e5 arbetsplatsen - f\u00f6r de anst\u00e4llda och organisationens b\u00e4sta. Vi vet hur - l\u00e4s mer p\u00e5 Good Decision, v\u00e4lkommen till oss!\",\"breadcrumb\":{\"@id\":\"https:\\\/\\\/gooddecision.eu\\\/sv\\\/motverka-krankande-sarbehandling\\\/#breadcrumb\"},\"inLanguage\":\"sv-SE\",\"potentialAction\":[{\"@type\":\"ReadAction\",\"target\":[\"https:\\\/\\\/gooddecision.eu\\\/sv\\\/motverka-krankande-sarbehandling\\\/\"]}]},{\"@type\":\"ImageObject\",\"inLanguage\":\"sv-SE\",\"@id\":\"https:\\\/\\\/gooddecision.eu\\\/sv\\\/motverka-krankande-sarbehandling\\\/#primaryimage\",\"url\":\"https:\\\/\\\/gooddecision.eu\\\/wp-content\\\/uploads\\\/2017\\\/05\\\/bildd2-300x188.jpg\",\"contentUrl\":\"https:\\\/\\\/gooddecision.eu\\\/wp-content\\\/uploads\\\/2017\\\/05\\\/bildd2-300x188.jpg\"},{\"@type\":\"BreadcrumbList\",\"@id\":\"https:\\\/\\\/gooddecision.eu\\\/sv\\\/motverka-krankande-sarbehandling\\\/#breadcrumb\",\"itemListElement\":[{\"@type\":\"ListItem\",\"position\":1,\"name\":\"Hem\",\"item\":\"https:\\\/\\\/gooddecision.eu\\\/sv\\\/\"},{\"@type\":\"ListItem\",\"position\":2,\"name\":\"Motverka kr\u00e4nkande s\u00e4rbehandling\"}]},{\"@type\":\"WebSite\",\"@id\":\"https:\\\/\\\/gooddecision.eu\\\/sv\\\/#website\",\"url\":\"https:\\\/\\\/gooddecision.eu\\\/sv\\\/\",\"name\":\"Good Decision\",\"description\":\"Utvecklar organisationer med synliga positiva effekter!\",\"publisher\":{\"@id\":\"https:\\\/\\\/gooddecision.eu\\\/sv\\\/#organization\"},\"potentialAction\":[{\"@type\":\"SearchAction\",\"target\":{\"@type\":\"EntryPoint\",\"urlTemplate\":\"https:\\\/\\\/gooddecision.eu\\\/sv\\\/?s={search_term_string}\"},\"query-input\":{\"@type\":\"PropertyValueSpecification\",\"valueRequired\":true,\"valueName\":\"search_term_string\"}}],\"inLanguage\":\"sv-SE\"},{\"@type\":\"Organization\",\"@id\":\"https:\\\/\\\/gooddecision.eu\\\/sv\\\/#organization\",\"name\":\"Good Decision\",\"url\":\"https:\\\/\\\/gooddecision.eu\\\/sv\\\/\",\"logo\":{\"@type\":\"ImageObject\",\"inLanguage\":\"sv-SE\",\"@id\":\"https:\\\/\\\/gooddecision.eu\\\/sv\\\/#\\\/schema\\\/logo\\\/image\\\/\",\"url\":\"https:\\\/\\\/gooddecision.eu\\\/wp-content\\\/uploads\\\/2015\\\/09\\\/logo.png\",\"contentUrl\":\"https:\\\/\\\/gooddecision.eu\\\/wp-content\\\/uploads\\\/2015\\\/09\\\/logo.png\",\"width\":350,\"height\":31,\"caption\":\"Good Decision\"},\"image\":{\"@id\":\"https:\\\/\\\/gooddecision.eu\\\/sv\\\/#\\\/schema\\\/logo\\\/image\\\/\"}}]}<\/script>\n<!-- \/ Yoast SEO plugin. -->","yoast_head_json":{"title":"Motverka kr\u00e4nkande s\u00e4rbehandling - l\u00e4s mer p\u00e5 Good Decision","description":"Motverka kr\u00e4nkande s\u00e4rbehandling p\u00e5 arbetsplatsen - f\u00f6r de anst\u00e4llda och organisationens b\u00e4sta. Vi vet hur - l\u00e4s mer p\u00e5 Good Decision, v\u00e4lkommen till oss!","robots":{"index":"index","follow":"follow","max-snippet":"max-snippet:-1","max-image-preview":"max-image-preview:large","max-video-preview":"max-video-preview:-1"},"canonical":"https:\/\/gooddecision.eu\/sv\/motverka-krankande-sarbehandling\/","og_locale":"sv_SE","og_type":"article","og_title":"Motverka kr\u00e4nkande s\u00e4rbehandling - l\u00e4s mer p\u00e5 Good Decision","og_description":"Motverka kr\u00e4nkande s\u00e4rbehandling p\u00e5 arbetsplatsen - f\u00f6r de anst\u00e4llda och organisationens b\u00e4sta. Vi vet hur - l\u00e4s mer p\u00e5 Good Decision, v\u00e4lkommen till oss!","og_url":"https:\/\/gooddecision.eu\/sv\/motverka-krankande-sarbehandling\/","og_site_name":"Good Decision","article_modified_time":"2017-11-22T14:02:56+00:00","og_image":[{"url":"https:\/\/gooddecision.eu\/wp-content\/uploads\/2017\/05\/bildd2-300x188.jpg","type":"","width":"","height":""}],"twitter_card":"summary_large_image","twitter_misc":{"Ber\u00e4knad l\u00e4stid":"3 minuter"},"schema":{"@context":"https:\/\/schema.org","@graph":[{"@type":"WebPage","@id":"https:\/\/gooddecision.eu\/sv\/motverka-krankande-sarbehandling\/","url":"https:\/\/gooddecision.eu\/sv\/motverka-krankande-sarbehandling\/","name":"Motverka kr\u00e4nkande s\u00e4rbehandling - l\u00e4s mer p\u00e5 Good Decision","isPartOf":{"@id":"https:\/\/gooddecision.eu\/sv\/#website"},"primaryImageOfPage":{"@id":"https:\/\/gooddecision.eu\/sv\/motverka-krankande-sarbehandling\/#primaryimage"},"image":{"@id":"https:\/\/gooddecision.eu\/sv\/motverka-krankande-sarbehandling\/#primaryimage"},"thumbnailUrl":"https:\/\/gooddecision.eu\/wp-content\/uploads\/2017\/05\/bildd2-300x188.jpg","datePublished":"2017-11-22T13:07:51+00:00","dateModified":"2017-11-22T14:02:56+00:00","description":"Motverka kr\u00e4nkande s\u00e4rbehandling p\u00e5 arbetsplatsen - f\u00f6r de anst\u00e4llda och organisationens b\u00e4sta. Vi vet hur - l\u00e4s mer p\u00e5 Good Decision, v\u00e4lkommen till oss!","breadcrumb":{"@id":"https:\/\/gooddecision.eu\/sv\/motverka-krankande-sarbehandling\/#breadcrumb"},"inLanguage":"sv-SE","potentialAction":[{"@type":"ReadAction","target":["https:\/\/gooddecision.eu\/sv\/motverka-krankande-sarbehandling\/"]}]},{"@type":"ImageObject","inLanguage":"sv-SE","@id":"https:\/\/gooddecision.eu\/sv\/motverka-krankande-sarbehandling\/#primaryimage","url":"https:\/\/gooddecision.eu\/wp-content\/uploads\/2017\/05\/bildd2-300x188.jpg","contentUrl":"https:\/\/gooddecision.eu\/wp-content\/uploads\/2017\/05\/bildd2-300x188.jpg"},{"@type":"BreadcrumbList","@id":"https:\/\/gooddecision.eu\/sv\/motverka-krankande-sarbehandling\/#breadcrumb","itemListElement":[{"@type":"ListItem","position":1,"name":"Hem","item":"https:\/\/gooddecision.eu\/sv\/"},{"@type":"ListItem","position":2,"name":"Motverka kr\u00e4nkande s\u00e4rbehandling"}]},{"@type":"WebSite","@id":"https:\/\/gooddecision.eu\/sv\/#website","url":"https:\/\/gooddecision.eu\/sv\/","name":"Good Decision","description":"Utvecklar organisationer med synliga positiva effekter!","publisher":{"@id":"https:\/\/gooddecision.eu\/sv\/#organization"},"potentialAction":[{"@type":"SearchAction","target":{"@type":"EntryPoint","urlTemplate":"https:\/\/gooddecision.eu\/sv\/?s={search_term_string}"},"query-input":{"@type":"PropertyValueSpecification","valueRequired":true,"valueName":"search_term_string"}}],"inLanguage":"sv-SE"},{"@type":"Organization","@id":"https:\/\/gooddecision.eu\/sv\/#organization","name":"Good Decision","url":"https:\/\/gooddecision.eu\/sv\/","logo":{"@type":"ImageObject","inLanguage":"sv-SE","@id":"https:\/\/gooddecision.eu\/sv\/#\/schema\/logo\/image\/","url":"https:\/\/gooddecision.eu\/wp-content\/uploads\/2015\/09\/logo.png","contentUrl":"https:\/\/gooddecision.eu\/wp-content\/uploads\/2015\/09\/logo.png","width":350,"height":31,"caption":"Good Decision"},"image":{"@id":"https:\/\/gooddecision.eu\/sv\/#\/schema\/logo\/image\/"}}]}},"_links":{"self":[{"href":"https:\/\/gooddecision.eu\/sv\/wp-json\/wp\/v2\/pages\/1534","targetHints":{"allow":["GET"]}}],"collection":[{"href":"https:\/\/gooddecision.eu\/sv\/wp-json\/wp\/v2\/pages"}],"about":[{"href":"https:\/\/gooddecision.eu\/sv\/wp-json\/wp\/v2\/types\/page"}],"author":[{"embeddable":true,"href":"https:\/\/gooddecision.eu\/sv\/wp-json\/wp\/v2\/users\/3"}],"replies":[{"embeddable":true,"href":"https:\/\/gooddecision.eu\/sv\/wp-json\/wp\/v2\/comments?post=1534"}],"version-history":[{"count":2,"href":"https:\/\/gooddecision.eu\/sv\/wp-json\/wp\/v2\/pages\/1534\/revisions"}],"predecessor-version":[{"id":1536,"href":"https:\/\/gooddecision.eu\/sv\/wp-json\/wp\/v2\/pages\/1534\/revisions\/1536"}],"wp:attachment":[{"href":"https:\/\/gooddecision.eu\/sv\/wp-json\/wp\/v2\/media?parent=1534"}],"curies":[{"name":"wp","href":"https:\/\/api.w.org\/{rel}","templated":true}]}}