{"id":1045,"date":"2017-06-19T14:09:48","date_gmt":"2017-06-19T12:09:48","guid":{"rendered":"http:\/\/gooddecision.eu\/?page_id=1045\/"},"modified":"2017-06-19T14:09:48","modified_gmt":"2017-06-19T12:09:48","slug":"ohalsosam-arbetsbelastning","status":"publish","type":"page","link":"https:\/\/gooddecision.eu\/sv\/ohalsosam-arbetsbelastning\/","title":{"rendered":"Oh\u00e4lsosam Arbetsbelastning"},"content":{"rendered":"<p>[et_pb_section bb_built=&#8221;1&#8243; admin_label=&#8221;Sektion&#8221; fullwidth=&#8221;on&#8221;][et_pb_fullwidth_code admin_label=&#8221;Full bredd-kod&#8221;]\n\t\t\t\t<p class=\"rs-p-wp-fix\"><\/p>\n\t\t\t\t<sr7-module data-alias=\"undersida\" data-id=\"2\" id=\"SR7_2_1\" data-version=\"6.7.53\">\n\t\t\t\t\t<sr7-adjuster><\/sr7-adjuster>\n\t\t\t\t\t<sr7-content>\n\t\t\t\t\t\t<sr7-slide id=\"SR7_2_1-5\" data-key=\"5\">\n\t\t\t\t\t\t\t<sr7-bg id=\"SR7_2_1-5-slidebg\" class=\"sr7-layer\"><noscript><img decoding=\"async\" src=\"https:\/\/gooddecision.eu\/wp-content\/uploads\/2017\/05\/osa.jpg\" alt=\"\" title=\"Oh\u00e4lsosam Arbetsbelastning\"><\/noscript><\/sr7-bg>\n\t\t\t\t\t\t<\/sr7-slide>\n\t\t\t\t\t\t<sr7-slide id=\"SR7_2_1-30\" data-key=\"30\">\n\t\t\t\t\t\t<\/sr7-slide>\n\t\t\t\t\t<\/sr7-content>\n\t\t\t\t<\/sr7-module>\n\t\t\t\t<script>\n\t\t\t\t\twindow.SR7 ??={};SR7.PMH ??={}; SR7.PMH[\"SR7_2_1\"] = {cn:100,state:false,fn: function() { if (window._tpt!==undefined && window._tpt.prepareModuleHeight !== undefined) {  _tpt.prepareModuleHeight({id:\"SR7_2_1\",el:[],type:'hero',shdw:'0',gh:[500],gw:[1240],vpt:['-200px'],size:{fullWidth:true, fullHeight:false},mh:'0',onh:0,onw:0,bg:{color:'transparent'},plType:'0',plColor:'#FFFFFF'});   SR7.PMH[\"SR7_2_1\"].state=true;} else if(SR7.PMH[\"SR7_2_1\"].cn-->0)\tsetTimeout( SR7.PMH[\"SR7_2_1\"].fn,19);}};SR7.PMH[\"SR7_2_1\" ].fn();\n\t\t\t\t<\/script>\n[\/et_pb_fullwidth_code][\/et_pb_section][et_pb_section bb_built=&#8221;1&#8243; admin_label=&#8221;section&#8221;][et_pb_row admin_label=&#8221;row&#8221;][et_pb_column type=&#8221;2_3&#8243;][et_pb_text admin_label=&#8221;Text&#8221; header_text_color=&#8221;#ebaf10&#8243; background_layout=&#8221;light&#8221; text_orientation=&#8221;left&#8221; use_border_color=&#8221;off&#8221; border_color=&#8221;#ffffff&#8221; border_style=&#8221;solid&#8221; text_line_height=&#8221;1.9em&#8221;]<\/p>\n<h1>Konsekvenser av en oh\u00e4lsosam arbetsbelastning<\/h1>\n<p>Oh\u00e4lsosam arbetsbelastning kan leda till stora konsekvenser p\u00e5 b\u00e5de individ-, organisations-, och samh\u00e4llsniv\u00e5. Det har varit en stor \u00f6kning av anm\u00e4lda arbetssjukdomar de senaste \u00e5ren och \u00e4r idag en av samh\u00e4llets st\u00f6rsta utmaningar.<\/p>\n<p>D\u00e4rf\u00f6r \u00e4r det viktigt att f\u00f6rebygga problem med f\u00f6r h\u00f6g arbetsbelastning innan det g\u00e5r s\u00e5 l\u00e5ngt som till sjukskrivning f\u00f6r den anst\u00e4llde. God h\u00e4lsa bland medarbetarna \u00e4r en grundf\u00f6ruts\u00e4ttning f\u00f6r en v\u00e4lm\u00e5ende organisation som levererar framg\u00e5ngsrika resultat.<\/p>\n<p>Konsekvenserna av en oh\u00e4lsosam arbetsbelastning kan bland annat leda till:<\/p>\n<ul>\n<li>Stress och utbr\u00e4ndhet<\/li>\n<li>\u00c5ngest och depression<\/li>\n<li>Samarbetsproblem<\/li>\n<li>Kr\u00e4nkande s\u00e4rbehandling<\/li>\n<li>Sjukskrivning<\/li>\n<\/ul>\n<h2>F\u00f6rebygg oh\u00e4lsosam arbetsbelastning<\/h2>\n<p>P\u00e5 Good Decision arbetar vi specifikt med att hj\u00e4lpa f\u00f6retag att fatta r\u00e4tt beslut och att jobba med arbetsmilj\u00f6fr\u00e5gor p\u00e5 ett enkelt, aktivt och lustfyllt s\u00e4tt.<\/p>\n<p>2015 kom nya f\u00f6reskrifter fr\u00e5n Arbetsmilj\u00f6verket i syfte att minska problem med oh\u00e4lsa, kr\u00e4nkande s\u00e4rbehandling och oh\u00e4lsosam arbetsbelastning p\u00e5 arbetsplatsen. I samband med de nya reglerna utvecklade vi ett pedagogiskt spel f\u00f6r att g\u00f6ra det enkelt f\u00f6r organisationer att fatta r\u00e4tt beslut kopplat till de v\u00e4rdegrunder och den policy som finns.<\/p>\n<p>F\u00f6r att aktivt kunna arbeta med att f\u00f6rebygga oh\u00e4lsosam arbetsbelastning kr\u00e4vs utbildning och med hj\u00e4lp av spelet blir riktlinjerna l\u00e4tta att ta till sig och \u00e4ven att leva efter.<\/p>\n<h2>Lag och utbildning f\u00f6r att motverka oh\u00e4lsosam arbetsbelastning<\/h2>\n<p>Oh\u00e4lsosam arbetsbelastning drabbar individen, men av orsaker som ofta sker p\u00e5 grund av arbetsgivarens agerande. Det \u00e4r sv\u00e5rt att veta hur man ska motverka problemen utan r\u00e4tt utbildning och kunskap kring vad som orsakar oh\u00e4lsa och vad man ska g\u00f6ra \u00e5t det.<\/p>\n<p>Vi p\u00e5 Good Decision arbetar f\u00f6r att g\u00f6ra det tydligt och synligt vad f\u00f6retag och organisationer f\u00f6rv\u00e4ntas g\u00f6ra i syfte att motverka oh\u00e4lsosam arbetsbelastning och jobbar med att utbilda kring bland annat arbetstider, arbetsbelastning, kr\u00e4nkande s\u00e4rbehandling och konflikter.<\/p>\n<h2>Om oss p\u00e5 Good Decision<\/h2>\n<p>Id\u00e9n om Good Decision uppstod i samband med ett utvecklingsarbete med en ledningsgrupp, d\u00e4r \u00e4garen inte var helt n\u00f6jd med de beslut som fattats bland ledare och medarbetare.<\/p>\n<p>V\u00e5r ambition \u00e4r att f\u00e5 f\u00f6retag att f\u00f6rst\u00e5 vad som f\u00e5r medarbetare att m\u00e5 bra och att utbilda i hur man kan motverka oh\u00e4lsosam arbetsbelastning med systematiska och aktiva \u00e5tg\u00e4rder. Vi utg\u00e5r alltid fr\u00e5n individen med fokus p\u00e5 de styrande direktiven.<\/p>\n<p>N\u00e4r du beh\u00f6ver en expert p\u00e5 oh\u00e4lsosam arbetsbelastning \u00e4r det allts\u00e5 oss du ska v\u00e4nda dig till. Vi \u00e4r erfarna och kunniga och har utvecklat ett arbetss\u00e4tt d\u00e4r alla kommer till tals.<\/p>\n<p>I det l\u00e5nga loppet inneb\u00e4r det att alla, s\u00e5v\u00e4l ledare och medarbetare som \u00e4gare, kan vara n\u00f6jda och trygga med hur besluten tas och vad de grundar sig i. Ett f\u00f6retag med v\u00e4lm\u00e5ende anst\u00e4llda \u00e4r ett framg\u00e5ngsrikt f\u00f6retag.<\/p>\n<h2>Kontakta oss<\/h2>\n<p>Genom \u00e5ren har vi haft m\u00e5nga n\u00f6jda kunder bland b\u00e5de f\u00f6retag, organisationer och myndigheter och du kan ta del av n\u00e5gra referenser h\u00e4r p\u00e5 v\u00e5r hemsida.<\/p>\n<p>Vi ber\u00e4ttar g\u00e4rna mer om oss och vad vi kan g\u00f6ra p\u00e5 din arbetsplats f\u00f6r att motverka oh\u00e4lsosam arbetsbelastning \u2013 tveka inte p\u00e5 att ta kontakt med oss. V\u00e4lkommen till Good Decision.<\/p>\n<p>[\/et_pb_text][\/et_pb_column][et_pb_column type=&#8221;1_3&#8243;][et_pb_cta admin_label=&#8221;Uppmaning till handling&#8221; button_url=&#8221;https:\/\/gooddecision.eu\/vara-referenser\/&#8221; button_text=&#8221;L\u00e4s mer&#8221; background_color=&#8221;#ebaf10&#8243; text_orientation=&#8221;left&#8221; url_new_window=&#8221;off&#8221; use_background_color=&#8221;on&#8221; background_layout=&#8221;dark&#8221; use_border_color=&#8221;off&#8221; border_color=&#8221;#ffffff&#8221; border_style=&#8221;solid&#8221; custom_button=&#8221;off&#8221; button_letter_spacing=&#8221;0&#8243; button_use_icon=&#8221;default&#8221; button_icon_placement=&#8221;right&#8221; button_on_hover=&#8221;on&#8221; button_letter_spacing_hover=&#8221;0&#8243;]<\/p>\n<p><a href=\"https:\/\/gooddecision.eu\/wp-content\/uploads\/2017\/05\/referens_ikon.png\" rel=\"nofollow\"><img loading=\"lazy\" decoding=\"async\" class=\"wp-image-615 size-full alignleft\" src=\"https:\/\/gooddecision.eu\/wp-content\/uploads\/2017\/05\/referens_ikon.png\" alt=\"\" width=\"60\" height=\"55\" \/><span style=\"font-size: large; color: #ffffff;\"><strong>Spelet var ett roligt och l\u00e4ttsamt s\u00e4tt att angripa sv\u00e5ra fr\u00e5gor.<\/strong><\/span><br \/>\n<\/a><\/p>\n<p>[\/et_pb_cta][et_pb_cta admin_label=&#8221;Uppmaning till handling&#8221; button_url=&#8221;https:\/\/gooddecision.eu\/kontakt\/&#8221; button_text=&#8221;Till kontakt&#8221; background_color=&#8221;#ad0076&#8243; text_orientation=&#8221;left&#8221; background_image=&#8221;https:\/\/gooddecision.eu\/wp-content\/uploads\/2015\/09\/Oss.jpg&#8221; url_new_window=&#8221;off&#8221; use_background_color=&#8221;on&#8221; background_layout=&#8221;dark&#8221; use_border_color=&#8221;off&#8221; border_color=&#8221;#ffffff&#8221; border_style=&#8221;solid&#8221; custom_button=&#8221;off&#8221; button_letter_spacing=&#8221;0&#8243; button_use_icon=&#8221;default&#8221; button_icon_placement=&#8221;right&#8221; button_on_hover=&#8221;on&#8221; button_letter_spacing_hover=&#8221;0&#8243;]<\/p>\n<p><span style=\"font-size: large; color: #ffffff;\"><strong>Beh\u00f6ver ni hj\u00e4lp att f\u00f6rebygga stress och oh\u00e4lsa p\u00e5 er arbetsplats?<\/strong><\/span><\/p>\n<p><span style=\"font-size: large; color: #ffffff;\"><strong>Kontakta oss!<\/strong><\/span><\/p>\n<p>[\/et_pb_cta][\/et_pb_column][\/et_pb_row][\/et_pb_section]<\/p>\n","protected":false},"excerpt":{"rendered":"<p>\n\t\t\t\t<p class=\"rs-p-wp-fix\"><\/p>\n\t\t\t\t<sr7-module data-alias=\"undersida\" data-id=\"2\" id=\"SR7_2_2\" data-version=\"6.7.53\">\n\t\t\t\t\t<sr7-adjuster><\/sr7-adjuster>\n\t\t\t\t\t<sr7-content>\n\t\t\t\t\t\t<sr7-slide id=\"SR7_2_2-5\" data-key=\"5\">\n\t\t\t\t\t\t\t<sr7-bg id=\"SR7_2_2-5-slidebg\" class=\"sr7-layer\"><noscript><img decoding=\"async\" src=\"https:\/\/gooddecision.eu\/wp-content\/uploads\/2017\/05\/osa.jpg\" alt=\"\" title=\"Oh\u00e4lsosam Arbetsbelastning\"><\/noscript><\/sr7-bg>\n\t\t\t\t\t\t<\/sr7-slide>\n\t\t\t\t\t\t<sr7-slide id=\"SR7_2_2-30\" data-key=\"30\">\n\t\t\t\t\t\t<\/sr7-slide>\n\t\t\t\t\t<\/sr7-content>\n\t\t\t\t<\/sr7-module>\n\t\t\t\t<script>\n\t\t\t\t\twindow.SR7 ??={};SR7.PMH ??={}; SR7.PMH[\"SR7_2_2\"] = {cn:100,state:false,fn: function() { if (window._tpt!==undefined && window._tpt.prepareModuleHeight !== undefined) {  _tpt.prepareModuleHeight({id:\"SR7_2_2\",el:[],type:'hero',shdw:'0',gh:[500],gw:[1240],vpt:['-200px'],size:{fullWidth:true, fullHeight:false},mh:'0',onh:0,onw:0,bg:{color:'transparent'},plType:'0',plColor:'#FFFFFF'});   SR7.PMH[\"SR7_2_2\"].state=true;} else if(SR7.PMH[\"SR7_2_2\"].cn-->0)\tsetTimeout( SR7.PMH[\"SR7_2_2\"].fn,19);}};SR7.PMH[\"SR7_2_2\" ].fn();\n\t\t\t\t<\/script>\n Konsekvenser av en oh\u00e4lsosam arbetsbelastning Oh\u00e4lsosam arbetsbelastning kan leda till stora konsekvenser p\u00e5 b\u00e5de individ-, organisations-, och samh\u00e4llsniv\u00e5. Det har varit en stor \u00f6kning av anm\u00e4lda arbetssjukdomar de senaste \u00e5ren och \u00e4r idag en av samh\u00e4llets st\u00f6rsta utmaningar. D\u00e4rf\u00f6r \u00e4r det viktigt att f\u00f6rebygga problem med f\u00f6r h\u00f6g arbetsbelastning innan det g\u00e5r s\u00e5 [&hellip;]<\/p>\n","protected":false},"author":3,"featured_media":0,"parent":0,"menu_order":100,"comment_status":"closed","ping_status":"closed","template":"","meta":{"_et_pb_use_builder":"on","_et_pb_old_content":"","_et_gb_content_width":"","footnotes":""},"class_list":["post-1045","page","type-page","status-publish","hentry"],"yoast_head":"<!-- This site is optimized with the Yoast SEO plugin v27.4 - https:\/\/yoast.com\/product\/yoast-seo-wordpress\/ -->\n<title>Motverka Oh\u00e4lsosam Arbetsbelastning - L\u00e4s mer p\u00e5 Good Decision<\/title>\n<meta name=\"description\" content=\"F\u00f6rebygg en oh\u00e4lsosam arbetsbelastning - vi p\u00e5 Good Decision vet hur medarbetare och organisationen kan m\u00e5 b\u00e4ttre. L\u00e4s mer p\u00e5 gooddecision.se\" \/>\n<meta name=\"robots\" content=\"index, follow, max-snippet:-1, max-image-preview:large, max-video-preview:-1\" \/>\n<link rel=\"canonical\" href=\"https:\/\/gooddecision.eu\/sv\/ohalsosam-arbetsbelastning\/\" \/>\n<meta property=\"og:locale\" content=\"sv_SE\" \/>\n<meta property=\"og:type\" content=\"article\" \/>\n<meta property=\"og:title\" content=\"Motverka Oh\u00e4lsosam Arbetsbelastning - L\u00e4s mer p\u00e5 Good Decision\" \/>\n<meta property=\"og:description\" content=\"F\u00f6rebygg en oh\u00e4lsosam arbetsbelastning - vi p\u00e5 Good Decision vet hur medarbetare och organisationen kan m\u00e5 b\u00e4ttre. L\u00e4s mer p\u00e5 gooddecision.se\" \/>\n<meta property=\"og:url\" content=\"https:\/\/gooddecision.eu\/sv\/ohalsosam-arbetsbelastning\/\" \/>\n<meta property=\"og:site_name\" content=\"Good Decision\" \/>\n<meta property=\"og:image\" content=\"https:\/\/gooddecision.eu\/wp-content\/uploads\/2017\/05\/referens_ikon.png\" \/>\n<meta name=\"twitter:card\" content=\"summary_large_image\" \/>\n<meta name=\"twitter:label1\" content=\"Ber\u00e4knad l\u00e4stid\" \/>\n\t<meta name=\"twitter:data1\" content=\"4 minuter\" \/>\n<script type=\"application\/ld+json\" class=\"yoast-schema-graph\">{\"@context\":\"https:\\\/\\\/schema.org\",\"@graph\":[{\"@type\":\"WebPage\",\"@id\":\"https:\\\/\\\/gooddecision.eu\\\/sv\\\/ohalsosam-arbetsbelastning\\\/\",\"url\":\"https:\\\/\\\/gooddecision.eu\\\/sv\\\/ohalsosam-arbetsbelastning\\\/\",\"name\":\"Motverka Oh\u00e4lsosam Arbetsbelastning - L\u00e4s mer p\u00e5 Good Decision\",\"isPartOf\":{\"@id\":\"https:\\\/\\\/gooddecision.eu\\\/sv\\\/#website\"},\"primaryImageOfPage\":{\"@id\":\"https:\\\/\\\/gooddecision.eu\\\/sv\\\/ohalsosam-arbetsbelastning\\\/#primaryimage\"},\"image\":{\"@id\":\"https:\\\/\\\/gooddecision.eu\\\/sv\\\/ohalsosam-arbetsbelastning\\\/#primaryimage\"},\"thumbnailUrl\":\"https:\\\/\\\/gooddecision.eu\\\/wp-content\\\/uploads\\\/2017\\\/05\\\/referens_ikon.png\",\"datePublished\":\"2017-06-19T12:09:48+00:00\",\"description\":\"F\u00f6rebygg en oh\u00e4lsosam arbetsbelastning - vi p\u00e5 Good Decision vet hur medarbetare och organisationen kan m\u00e5 b\u00e4ttre. L\u00e4s mer p\u00e5 gooddecision.se\",\"breadcrumb\":{\"@id\":\"https:\\\/\\\/gooddecision.eu\\\/sv\\\/ohalsosam-arbetsbelastning\\\/#breadcrumb\"},\"inLanguage\":\"sv-SE\",\"potentialAction\":[{\"@type\":\"ReadAction\",\"target\":[\"https:\\\/\\\/gooddecision.eu\\\/sv\\\/ohalsosam-arbetsbelastning\\\/\"]}]},{\"@type\":\"ImageObject\",\"inLanguage\":\"sv-SE\",\"@id\":\"https:\\\/\\\/gooddecision.eu\\\/sv\\\/ohalsosam-arbetsbelastning\\\/#primaryimage\",\"url\":\"https:\\\/\\\/gooddecision.eu\\\/wp-content\\\/uploads\\\/2017\\\/05\\\/referens_ikon.png\",\"contentUrl\":\"https:\\\/\\\/gooddecision.eu\\\/wp-content\\\/uploads\\\/2017\\\/05\\\/referens_ikon.png\"},{\"@type\":\"BreadcrumbList\",\"@id\":\"https:\\\/\\\/gooddecision.eu\\\/sv\\\/ohalsosam-arbetsbelastning\\\/#breadcrumb\",\"itemListElement\":[{\"@type\":\"ListItem\",\"position\":1,\"name\":\"Hem\",\"item\":\"https:\\\/\\\/gooddecision.eu\\\/sv\\\/\"},{\"@type\":\"ListItem\",\"position\":2,\"name\":\"Oh\u00e4lsosam Arbetsbelastning\"}]},{\"@type\":\"WebSite\",\"@id\":\"https:\\\/\\\/gooddecision.eu\\\/sv\\\/#website\",\"url\":\"https:\\\/\\\/gooddecision.eu\\\/sv\\\/\",\"name\":\"Good Decision\",\"description\":\"Utvecklar organisationer med synliga positiva effekter!\",\"publisher\":{\"@id\":\"https:\\\/\\\/gooddecision.eu\\\/sv\\\/#organization\"},\"potentialAction\":[{\"@type\":\"SearchAction\",\"target\":{\"@type\":\"EntryPoint\",\"urlTemplate\":\"https:\\\/\\\/gooddecision.eu\\\/sv\\\/?s={search_term_string}\"},\"query-input\":{\"@type\":\"PropertyValueSpecification\",\"valueRequired\":true,\"valueName\":\"search_term_string\"}}],\"inLanguage\":\"sv-SE\"},{\"@type\":\"Organization\",\"@id\":\"https:\\\/\\\/gooddecision.eu\\\/sv\\\/#organization\",\"name\":\"Good Decision\",\"url\":\"https:\\\/\\\/gooddecision.eu\\\/sv\\\/\",\"logo\":{\"@type\":\"ImageObject\",\"inLanguage\":\"sv-SE\",\"@id\":\"https:\\\/\\\/gooddecision.eu\\\/sv\\\/#\\\/schema\\\/logo\\\/image\\\/\",\"url\":\"https:\\\/\\\/gooddecision.eu\\\/wp-content\\\/uploads\\\/2015\\\/09\\\/logo.png\",\"contentUrl\":\"https:\\\/\\\/gooddecision.eu\\\/wp-content\\\/uploads\\\/2015\\\/09\\\/logo.png\",\"width\":350,\"height\":31,\"caption\":\"Good Decision\"},\"image\":{\"@id\":\"https:\\\/\\\/gooddecision.eu\\\/sv\\\/#\\\/schema\\\/logo\\\/image\\\/\"}}]}<\/script>\n<!-- \/ Yoast SEO plugin. -->","yoast_head_json":{"title":"Motverka Oh\u00e4lsosam Arbetsbelastning - L\u00e4s mer p\u00e5 Good Decision","description":"F\u00f6rebygg en oh\u00e4lsosam arbetsbelastning - vi p\u00e5 Good Decision vet hur medarbetare och organisationen kan m\u00e5 b\u00e4ttre. L\u00e4s mer p\u00e5 gooddecision.se","robots":{"index":"index","follow":"follow","max-snippet":"max-snippet:-1","max-image-preview":"max-image-preview:large","max-video-preview":"max-video-preview:-1"},"canonical":"https:\/\/gooddecision.eu\/sv\/ohalsosam-arbetsbelastning\/","og_locale":"sv_SE","og_type":"article","og_title":"Motverka Oh\u00e4lsosam Arbetsbelastning - L\u00e4s mer p\u00e5 Good Decision","og_description":"F\u00f6rebygg en oh\u00e4lsosam arbetsbelastning - vi p\u00e5 Good Decision vet hur medarbetare och organisationen kan m\u00e5 b\u00e4ttre. L\u00e4s mer p\u00e5 gooddecision.se","og_url":"https:\/\/gooddecision.eu\/sv\/ohalsosam-arbetsbelastning\/","og_site_name":"Good Decision","og_image":[{"url":"https:\/\/gooddecision.eu\/wp-content\/uploads\/2017\/05\/referens_ikon.png","type":"","width":"","height":""}],"twitter_card":"summary_large_image","twitter_misc":{"Ber\u00e4knad l\u00e4stid":"4 minuter"},"schema":{"@context":"https:\/\/schema.org","@graph":[{"@type":"WebPage","@id":"https:\/\/gooddecision.eu\/sv\/ohalsosam-arbetsbelastning\/","url":"https:\/\/gooddecision.eu\/sv\/ohalsosam-arbetsbelastning\/","name":"Motverka Oh\u00e4lsosam Arbetsbelastning - L\u00e4s mer p\u00e5 Good Decision","isPartOf":{"@id":"https:\/\/gooddecision.eu\/sv\/#website"},"primaryImageOfPage":{"@id":"https:\/\/gooddecision.eu\/sv\/ohalsosam-arbetsbelastning\/#primaryimage"},"image":{"@id":"https:\/\/gooddecision.eu\/sv\/ohalsosam-arbetsbelastning\/#primaryimage"},"thumbnailUrl":"https:\/\/gooddecision.eu\/wp-content\/uploads\/2017\/05\/referens_ikon.png","datePublished":"2017-06-19T12:09:48+00:00","description":"F\u00f6rebygg en oh\u00e4lsosam arbetsbelastning - vi p\u00e5 Good Decision vet hur medarbetare och organisationen kan m\u00e5 b\u00e4ttre. L\u00e4s mer p\u00e5 gooddecision.se","breadcrumb":{"@id":"https:\/\/gooddecision.eu\/sv\/ohalsosam-arbetsbelastning\/#breadcrumb"},"inLanguage":"sv-SE","potentialAction":[{"@type":"ReadAction","target":["https:\/\/gooddecision.eu\/sv\/ohalsosam-arbetsbelastning\/"]}]},{"@type":"ImageObject","inLanguage":"sv-SE","@id":"https:\/\/gooddecision.eu\/sv\/ohalsosam-arbetsbelastning\/#primaryimage","url":"https:\/\/gooddecision.eu\/wp-content\/uploads\/2017\/05\/referens_ikon.png","contentUrl":"https:\/\/gooddecision.eu\/wp-content\/uploads\/2017\/05\/referens_ikon.png"},{"@type":"BreadcrumbList","@id":"https:\/\/gooddecision.eu\/sv\/ohalsosam-arbetsbelastning\/#breadcrumb","itemListElement":[{"@type":"ListItem","position":1,"name":"Hem","item":"https:\/\/gooddecision.eu\/sv\/"},{"@type":"ListItem","position":2,"name":"Oh\u00e4lsosam Arbetsbelastning"}]},{"@type":"WebSite","@id":"https:\/\/gooddecision.eu\/sv\/#website","url":"https:\/\/gooddecision.eu\/sv\/","name":"Good Decision","description":"Utvecklar organisationer med synliga positiva effekter!","publisher":{"@id":"https:\/\/gooddecision.eu\/sv\/#organization"},"potentialAction":[{"@type":"SearchAction","target":{"@type":"EntryPoint","urlTemplate":"https:\/\/gooddecision.eu\/sv\/?s={search_term_string}"},"query-input":{"@type":"PropertyValueSpecification","valueRequired":true,"valueName":"search_term_string"}}],"inLanguage":"sv-SE"},{"@type":"Organization","@id":"https:\/\/gooddecision.eu\/sv\/#organization","name":"Good Decision","url":"https:\/\/gooddecision.eu\/sv\/","logo":{"@type":"ImageObject","inLanguage":"sv-SE","@id":"https:\/\/gooddecision.eu\/sv\/#\/schema\/logo\/image\/","url":"https:\/\/gooddecision.eu\/wp-content\/uploads\/2015\/09\/logo.png","contentUrl":"https:\/\/gooddecision.eu\/wp-content\/uploads\/2015\/09\/logo.png","width":350,"height":31,"caption":"Good Decision"},"image":{"@id":"https:\/\/gooddecision.eu\/sv\/#\/schema\/logo\/image\/"}}]}},"_links":{"self":[{"href":"https:\/\/gooddecision.eu\/sv\/wp-json\/wp\/v2\/pages\/1045","targetHints":{"allow":["GET"]}}],"collection":[{"href":"https:\/\/gooddecision.eu\/sv\/wp-json\/wp\/v2\/pages"}],"about":[{"href":"https:\/\/gooddecision.eu\/sv\/wp-json\/wp\/v2\/types\/page"}],"author":[{"embeddable":true,"href":"https:\/\/gooddecision.eu\/sv\/wp-json\/wp\/v2\/users\/3"}],"replies":[{"embeddable":true,"href":"https:\/\/gooddecision.eu\/sv\/wp-json\/wp\/v2\/comments?post=1045"}],"version-history":[{"count":1,"href":"https:\/\/gooddecision.eu\/sv\/wp-json\/wp\/v2\/pages\/1045\/revisions"}],"predecessor-version":[{"id":1046,"href":"https:\/\/gooddecision.eu\/sv\/wp-json\/wp\/v2\/pages\/1045\/revisions\/1046"}],"wp:attachment":[{"href":"https:\/\/gooddecision.eu\/sv\/wp-json\/wp\/v2\/media?parent=1045"}],"curies":[{"name":"wp","href":"https:\/\/api.w.org\/{rel}","templated":true}]}}