{"id":1042,"date":"2017-06-19T14:07:24","date_gmt":"2017-06-19T12:07:24","guid":{"rendered":"http:\/\/gooddecision.eu\/?page_id=1042\/"},"modified":"2018-08-20T16:23:51","modified_gmt":"2018-08-20T14:23:51","slug":"konsult-arbetsmiljoarbete","status":"publish","type":"page","link":"https:\/\/gooddecision.eu\/sv\/konsult-arbetsmiljoarbete\/","title":{"rendered":"Konsult arbetsmilj\u00f6arbete"},"content":{"rendered":"<p>[et_pb_section fb_built=&#8221;1&#8243; fullwidth=&#8221;on&#8221; _builder_version=&#8221;3.0.47&#8243;][et_pb_fullwidth_code _builder_version=&#8221;3.0.87&#8243;]<script>console.log(\": Slider with alias &quot;undersida&quot; not found.\")<\/script>\n[\/et_pb_fullwidth_code][\/et_pb_section][et_pb_section fb_built=&#8221;1&#8243; admin_label=&#8221;section&#8221; _builder_version=&#8221;3.0.47&#8243;][et_pb_row admin_label=&#8221;row&#8221; _builder_version=&#8221;3.0.47&#8243; background_size=&#8221;initial&#8221; background_position=&#8221;top_left&#8221; background_repeat=&#8221;repeat&#8221;][et_pb_column type=&#8221;2_3&#8243; _builder_version=&#8221;3.0.47&#8243; parallax=&#8221;off&#8221; parallax_method=&#8221;on&#8221;][et_pb_text _builder_version=&#8221;3.0.87&#8243; text_line_height=&#8221;1.9em&#8221; header_text_color=&#8221;#ebaf10&#8243; background_size=&#8221;initial&#8221; background_position=&#8221;top_left&#8221; background_repeat=&#8221;repeat&#8221; border_color_all=&#8221;off&#8221; module_alignment=&#8221;left&#8221; use_border_color=&#8221;off&#8221; border_color=&#8221;#ffffff&#8221; border_style=&#8221;solid&#8221;]<\/p>\n<h1>Anlita en konsult f\u00f6r f\u00f6retagets arbetsmilj\u00f6arbete<\/h1>\n<p>Det finns m\u00e5nga bra anledningar till att anlita en konsult f\u00f6r arbetsmilj\u00f6arbete till f\u00f6retaget eller organisationen. Kontinuerligt arbetsmilj\u00f6arbete \u00e4r viktigt f\u00f6r alla f\u00f6retag eftersom det fr\u00e4mjar god h\u00e4lsa bland medarbetarna, vilket \u00e4r en f\u00f6ruts\u00e4ttning f\u00f6r att organisationen ska kunna leverera s\u00e5 bra resultat som m\u00f6jligt.<\/p>\n<p>Inom Good Decision har vi full koll p\u00e5 f\u00f6reskriften fr\u00e5n Arbetsmilj\u00f6verket ang\u00e5ende organisatorisk och social arbetsmilj\u00f6. Att anlita oss som konsult f\u00f6r arbetsmilj\u00f6arbete har flera f\u00f6rdelar och nedan listar vi n\u00e5gra av dem:<\/p>\n<ul>\n<li>Vi arbetar l\u00e5ngsiktigt<\/li>\n<li>Vi har gedigen erfarenhet<\/li>\n<li>Bred kunskap av utvecklingsarbete p\u00e5 individniv\u00e5 och i grupp<\/li>\n<li>Goda referenser fr\u00e5n flera kunder &#8211; b\u00e5de f\u00f6retag och myndigheter<\/li>\n<\/ul>\n<h2>Konsulter inom arbetsmilj\u00f6arbete &#8211; S\u00e5 arbetar vi<\/h2>\n<p>Arbetsmilj\u00f6verket tog fram nya arbetsmilj\u00f6regler i september 2015 i syfte att f\u00f6rebygga att oh\u00e4lsa uppst\u00e5r p\u00e5 arbetsplatser. I samband med de nya reglerna utvecklade vi ett pedagogiskt spel som g\u00e5r ut p\u00e5 att hj\u00e4lpa f\u00f6retaget eller organisationen att fatta r\u00e4tt beslut baserat p\u00e5 reglerna.<\/p>\n<p>Med hj\u00e4lp av spelet blir det enkelt att arbeta kring reglerna f\u00f6r arbetsmilj\u00f6 och att g\u00f6ra verklighet av de riktlinjer som finns, eftersom det leder till konkreta aktiviteter att ta med in i vardagen p\u00e5 jobbet. Spelet bygger p\u00e5 samarbete och delaktighet, vilket utg\u00f6r tv\u00e5 viktiga faktorer f\u00f6r att lyckas med organisationsutveckling.<\/p>\n<h2>Om oss &#8211; Good Decision<\/h2>\n<p>Som konsult inom arbetsmilj\u00f6arbete vill vi p\u00e5 Good Decision g\u00f6ra de styrande direktiven mer synliga i vardagen och har som ambition att s\u00e5v\u00e4l medarbetare som ledare ska uppleva att man fattar bra beslut kopplade till f\u00f6retagets policy.<\/p>\n<h2>Anlita oss som konsult f\u00f6r arbetsmilj\u00f6arbete<\/h2>\n<p>Som konsult inom arbetsmilj\u00f6arbete hj\u00e4lper vi er organisation till b\u00e4ttre arbetsh\u00e4lsa och ett b\u00e4ttre beslutsfattande, vilket p\u00e5 sikt leder till en mer framg\u00e5ngsrik och v\u00e4lm\u00e5ende organisation.<\/p>\n<p>H\u00f6r g\u00e4rna av dig till oss om du vill veta mer eller anlita oss som konsulter inom arbetsmilj\u00f6arbete, s\u00e5 ber\u00e4ttar vi mer om vad vi kan g\u00f6ra f\u00f6r ditt f\u00f6retag.<\/p>\n<p>[\/et_pb_text][\/et_pb_column][et_pb_column type=&#8221;1_3&#8243; _builder_version=&#8221;3.0.47&#8243; parallax=&#8221;off&#8221; parallax_method=&#8221;on&#8221;][et_pb_cta button_url=&#8221;https:\/\/gooddecision.eu\/vara-referenser\/&#8221; button_text=&#8221;L\u00e4s mer&#8221; _builder_version=&#8221;3.0.87&#8243; background_color=&#8221;#ebaf10&#8243; background_size=&#8221;initial&#8221; background_position=&#8221;top_left&#8221; background_repeat=&#8221;repeat&#8221; text_orientation=&#8221;left&#8221; use_border_color=&#8221;off&#8221; border_color=&#8221;#ffffff&#8221; border_style=&#8221;solid&#8221;]<a href=\"https:\/\/gooddecision.eu\/wp-content\/uploads\/2017\/05\/referens_ikon.png\" rel=\"nofollow\"><img loading=\"lazy\" decoding=\"async\" class=\"wp-image-615 size-full alignleft\" src=\"https:\/\/gooddecision.eu\/wp-content\/uploads\/2017\/05\/referens_ikon.png\" alt=\"\" width=\"60\" height=\"55\" \/><span style=\"font-size: large; color: #ffffff;\"><strong>V\u00e5ra referenser.<\/strong><\/span><br \/>\n<\/a><br \/>\n[\/et_pb_cta][et_pb_cta button_url=&#8221;https:\/\/gooddecision.eu\/kontakt\/&#8221; button_text=&#8221;Till kontakt&#8221; _builder_version=&#8221;3.0.87&#8243; background_color=&#8221;#ad0076&#8243; background_image=&#8221;https:\/\/gooddecision.eu\/wp-content\/uploads\/2015\/09\/Oss.jpg&#8221; background_size=&#8221;initial&#8221; background_position=&#8221;top_left&#8221; background_repeat=&#8221;repeat&#8221; text_orientation=&#8221;left&#8221; use_border_color=&#8221;off&#8221; border_color=&#8221;#ffffff&#8221; border_style=&#8221;solid&#8221;]<span style=\"font-size: large; color: #ffffff;\"><strong>Beh\u00f6ver ni hj\u00e4lp att boka en bra arbetsmilj\u00f6konsult?<\/strong><\/span><\/p>\n<p><span style=\"font-size: large; color: #ffffff;\"><strong>Kontakta oss!<\/strong><\/span><br \/>\n[\/et_pb_cta][\/et_pb_column][\/et_pb_row][\/et_pb_section]<\/p>\n","protected":false},"excerpt":{"rendered":"<p><script>console.log(\": Slider with alias &quot;undersida&quot; not found.\")<\/script>\nAnlita en konsult f\u00f6r f\u00f6retagets arbetsmilj\u00f6arbete Det finns m\u00e5nga bra anledningar till att anlita en konsult f\u00f6r arbetsmilj\u00f6arbete till f\u00f6retaget eller organisationen. Kontinuerligt arbetsmilj\u00f6arbete \u00e4r viktigt f\u00f6r alla f\u00f6retag eftersom det fr\u00e4mjar god h\u00e4lsa bland medarbetarna, vilket \u00e4r en f\u00f6ruts\u00e4ttning f\u00f6r att organisationen ska kunna leverera s\u00e5 bra resultat som m\u00f6jligt. Inom Good Decision [&hellip;]<\/p>\n","protected":false},"author":3,"featured_media":0,"parent":0,"menu_order":100,"comment_status":"closed","ping_status":"closed","template":"","meta":{"_et_pb_use_builder":"on","_et_pb_old_content":"","_et_gb_content_width":"","footnotes":""},"class_list":["post-1042","page","type-page","status-publish","hentry"],"yoast_head":"<!-- This site is optimized with the Yoast SEO plugin v27.4 - https:\/\/yoast.com\/product\/yoast-seo-wordpress\/ -->\n<title>Konsult Arbetsmilj\u00f6arbete | F\u00f6rb\u00e4ttrar f\u00f6retagets arbetsmilj\u00f6 | Good Decision<\/title>\n<meta name=\"description\" content=\"Anlita en konsult f\u00f6r arbetsmilj\u00f6arbete - Vi p\u00e5 Good Decision arbetar med att f\u00f6rb\u00e4ttra f\u00f6retagets arbetsmilj\u00f6. Kontakta oss s\u00e5 ber\u00e4ttar vi mer.\" \/>\n<meta name=\"robots\" content=\"index, follow, max-snippet:-1, max-image-preview:large, max-video-preview:-1\" \/>\n<link rel=\"canonical\" href=\"https:\/\/gooddecision.eu\/sv\/konsult-arbetsmiljoarbete\/\" \/>\n<meta property=\"og:locale\" content=\"sv_SE\" \/>\n<meta property=\"og:type\" content=\"article\" \/>\n<meta property=\"og:title\" content=\"Konsult Arbetsmilj\u00f6arbete | F\u00f6rb\u00e4ttrar f\u00f6retagets arbetsmilj\u00f6 | Good Decision\" \/>\n<meta property=\"og:description\" content=\"Anlita en konsult f\u00f6r arbetsmilj\u00f6arbete - Vi p\u00e5 Good Decision arbetar med att f\u00f6rb\u00e4ttra f\u00f6retagets arbetsmilj\u00f6. Kontakta oss s\u00e5 ber\u00e4ttar vi mer.\" \/>\n<meta property=\"og:url\" content=\"https:\/\/gooddecision.eu\/sv\/konsult-arbetsmiljoarbete\/\" \/>\n<meta property=\"og:site_name\" content=\"Good Decision\" \/>\n<meta property=\"article:modified_time\" content=\"2018-08-20T14:23:51+00:00\" \/>\n<meta property=\"og:image\" content=\"https:\/\/gooddecision.eu\/wp-content\/uploads\/2017\/05\/referens_ikon.png\" \/>\n<meta name=\"twitter:card\" content=\"summary_large_image\" \/>\n<meta name=\"twitter:label1\" content=\"Ber\u00e4knad l\u00e4stid\" \/>\n\t<meta name=\"twitter:data1\" content=\"3 minuter\" \/>\n<script type=\"application\/ld+json\" class=\"yoast-schema-graph\">{\"@context\":\"https:\\\/\\\/schema.org\",\"@graph\":[{\"@type\":\"WebPage\",\"@id\":\"https:\\\/\\\/gooddecision.eu\\\/sv\\\/konsult-arbetsmiljoarbete\\\/\",\"url\":\"https:\\\/\\\/gooddecision.eu\\\/sv\\\/konsult-arbetsmiljoarbete\\\/\",\"name\":\"Konsult Arbetsmilj\u00f6arbete | F\u00f6rb\u00e4ttrar f\u00f6retagets arbetsmilj\u00f6 | Good Decision\",\"isPartOf\":{\"@id\":\"https:\\\/\\\/gooddecision.eu\\\/sv\\\/#website\"},\"primaryImageOfPage\":{\"@id\":\"https:\\\/\\\/gooddecision.eu\\\/sv\\\/konsult-arbetsmiljoarbete\\\/#primaryimage\"},\"image\":{\"@id\":\"https:\\\/\\\/gooddecision.eu\\\/sv\\\/konsult-arbetsmiljoarbete\\\/#primaryimage\"},\"thumbnailUrl\":\"https:\\\/\\\/gooddecision.eu\\\/wp-content\\\/uploads\\\/2017\\\/05\\\/referens_ikon.png\",\"datePublished\":\"2017-06-19T12:07:24+00:00\",\"dateModified\":\"2018-08-20T14:23:51+00:00\",\"description\":\"Anlita en konsult f\u00f6r arbetsmilj\u00f6arbete - Vi p\u00e5 Good Decision arbetar med att f\u00f6rb\u00e4ttra f\u00f6retagets arbetsmilj\u00f6. Kontakta oss s\u00e5 ber\u00e4ttar vi mer.\",\"breadcrumb\":{\"@id\":\"https:\\\/\\\/gooddecision.eu\\\/sv\\\/konsult-arbetsmiljoarbete\\\/#breadcrumb\"},\"inLanguage\":\"sv-SE\",\"potentialAction\":[{\"@type\":\"ReadAction\",\"target\":[\"https:\\\/\\\/gooddecision.eu\\\/sv\\\/konsult-arbetsmiljoarbete\\\/\"]}]},{\"@type\":\"ImageObject\",\"inLanguage\":\"sv-SE\",\"@id\":\"https:\\\/\\\/gooddecision.eu\\\/sv\\\/konsult-arbetsmiljoarbete\\\/#primaryimage\",\"url\":\"https:\\\/\\\/gooddecision.eu\\\/wp-content\\\/uploads\\\/2017\\\/05\\\/referens_ikon.png\",\"contentUrl\":\"https:\\\/\\\/gooddecision.eu\\\/wp-content\\\/uploads\\\/2017\\\/05\\\/referens_ikon.png\"},{\"@type\":\"BreadcrumbList\",\"@id\":\"https:\\\/\\\/gooddecision.eu\\\/sv\\\/konsult-arbetsmiljoarbete\\\/#breadcrumb\",\"itemListElement\":[{\"@type\":\"ListItem\",\"position\":1,\"name\":\"Hem\",\"item\":\"https:\\\/\\\/gooddecision.eu\\\/sv\\\/\"},{\"@type\":\"ListItem\",\"position\":2,\"name\":\"Konsult arbetsmilj\u00f6arbete\"}]},{\"@type\":\"WebSite\",\"@id\":\"https:\\\/\\\/gooddecision.eu\\\/sv\\\/#website\",\"url\":\"https:\\\/\\\/gooddecision.eu\\\/sv\\\/\",\"name\":\"Good Decision\",\"description\":\"Utvecklar organisationer med synliga positiva effekter!\",\"publisher\":{\"@id\":\"https:\\\/\\\/gooddecision.eu\\\/sv\\\/#organization\"},\"potentialAction\":[{\"@type\":\"SearchAction\",\"target\":{\"@type\":\"EntryPoint\",\"urlTemplate\":\"https:\\\/\\\/gooddecision.eu\\\/sv\\\/?s={search_term_string}\"},\"query-input\":{\"@type\":\"PropertyValueSpecification\",\"valueRequired\":true,\"valueName\":\"search_term_string\"}}],\"inLanguage\":\"sv-SE\"},{\"@type\":\"Organization\",\"@id\":\"https:\\\/\\\/gooddecision.eu\\\/sv\\\/#organization\",\"name\":\"Good Decision\",\"url\":\"https:\\\/\\\/gooddecision.eu\\\/sv\\\/\",\"logo\":{\"@type\":\"ImageObject\",\"inLanguage\":\"sv-SE\",\"@id\":\"https:\\\/\\\/gooddecision.eu\\\/sv\\\/#\\\/schema\\\/logo\\\/image\\\/\",\"url\":\"https:\\\/\\\/gooddecision.eu\\\/wp-content\\\/uploads\\\/2015\\\/09\\\/logo.png\",\"contentUrl\":\"https:\\\/\\\/gooddecision.eu\\\/wp-content\\\/uploads\\\/2015\\\/09\\\/logo.png\",\"width\":350,\"height\":31,\"caption\":\"Good Decision\"},\"image\":{\"@id\":\"https:\\\/\\\/gooddecision.eu\\\/sv\\\/#\\\/schema\\\/logo\\\/image\\\/\"}}]}<\/script>\n<!-- \/ Yoast SEO plugin. -->","yoast_head_json":{"title":"Konsult Arbetsmilj\u00f6arbete | F\u00f6rb\u00e4ttrar f\u00f6retagets arbetsmilj\u00f6 | Good Decision","description":"Anlita en konsult f\u00f6r arbetsmilj\u00f6arbete - Vi p\u00e5 Good Decision arbetar med att f\u00f6rb\u00e4ttra f\u00f6retagets arbetsmilj\u00f6. Kontakta oss s\u00e5 ber\u00e4ttar vi mer.","robots":{"index":"index","follow":"follow","max-snippet":"max-snippet:-1","max-image-preview":"max-image-preview:large","max-video-preview":"max-video-preview:-1"},"canonical":"https:\/\/gooddecision.eu\/sv\/konsult-arbetsmiljoarbete\/","og_locale":"sv_SE","og_type":"article","og_title":"Konsult Arbetsmilj\u00f6arbete | F\u00f6rb\u00e4ttrar f\u00f6retagets arbetsmilj\u00f6 | Good Decision","og_description":"Anlita en konsult f\u00f6r arbetsmilj\u00f6arbete - Vi p\u00e5 Good Decision arbetar med att f\u00f6rb\u00e4ttra f\u00f6retagets arbetsmilj\u00f6. Kontakta oss s\u00e5 ber\u00e4ttar vi mer.","og_url":"https:\/\/gooddecision.eu\/sv\/konsult-arbetsmiljoarbete\/","og_site_name":"Good Decision","article_modified_time":"2018-08-20T14:23:51+00:00","og_image":[{"url":"https:\/\/gooddecision.eu\/wp-content\/uploads\/2017\/05\/referens_ikon.png","type":"","width":"","height":""}],"twitter_card":"summary_large_image","twitter_misc":{"Ber\u00e4knad l\u00e4stid":"3 minuter"},"schema":{"@context":"https:\/\/schema.org","@graph":[{"@type":"WebPage","@id":"https:\/\/gooddecision.eu\/sv\/konsult-arbetsmiljoarbete\/","url":"https:\/\/gooddecision.eu\/sv\/konsult-arbetsmiljoarbete\/","name":"Konsult Arbetsmilj\u00f6arbete | F\u00f6rb\u00e4ttrar f\u00f6retagets arbetsmilj\u00f6 | Good Decision","isPartOf":{"@id":"https:\/\/gooddecision.eu\/sv\/#website"},"primaryImageOfPage":{"@id":"https:\/\/gooddecision.eu\/sv\/konsult-arbetsmiljoarbete\/#primaryimage"},"image":{"@id":"https:\/\/gooddecision.eu\/sv\/konsult-arbetsmiljoarbete\/#primaryimage"},"thumbnailUrl":"https:\/\/gooddecision.eu\/wp-content\/uploads\/2017\/05\/referens_ikon.png","datePublished":"2017-06-19T12:07:24+00:00","dateModified":"2018-08-20T14:23:51+00:00","description":"Anlita en konsult f\u00f6r arbetsmilj\u00f6arbete - Vi p\u00e5 Good Decision arbetar med att f\u00f6rb\u00e4ttra f\u00f6retagets arbetsmilj\u00f6. Kontakta oss s\u00e5 ber\u00e4ttar vi mer.","breadcrumb":{"@id":"https:\/\/gooddecision.eu\/sv\/konsult-arbetsmiljoarbete\/#breadcrumb"},"inLanguage":"sv-SE","potentialAction":[{"@type":"ReadAction","target":["https:\/\/gooddecision.eu\/sv\/konsult-arbetsmiljoarbete\/"]}]},{"@type":"ImageObject","inLanguage":"sv-SE","@id":"https:\/\/gooddecision.eu\/sv\/konsult-arbetsmiljoarbete\/#primaryimage","url":"https:\/\/gooddecision.eu\/wp-content\/uploads\/2017\/05\/referens_ikon.png","contentUrl":"https:\/\/gooddecision.eu\/wp-content\/uploads\/2017\/05\/referens_ikon.png"},{"@type":"BreadcrumbList","@id":"https:\/\/gooddecision.eu\/sv\/konsult-arbetsmiljoarbete\/#breadcrumb","itemListElement":[{"@type":"ListItem","position":1,"name":"Hem","item":"https:\/\/gooddecision.eu\/sv\/"},{"@type":"ListItem","position":2,"name":"Konsult arbetsmilj\u00f6arbete"}]},{"@type":"WebSite","@id":"https:\/\/gooddecision.eu\/sv\/#website","url":"https:\/\/gooddecision.eu\/sv\/","name":"Good Decision","description":"Utvecklar organisationer med synliga positiva effekter!","publisher":{"@id":"https:\/\/gooddecision.eu\/sv\/#organization"},"potentialAction":[{"@type":"SearchAction","target":{"@type":"EntryPoint","urlTemplate":"https:\/\/gooddecision.eu\/sv\/?s={search_term_string}"},"query-input":{"@type":"PropertyValueSpecification","valueRequired":true,"valueName":"search_term_string"}}],"inLanguage":"sv-SE"},{"@type":"Organization","@id":"https:\/\/gooddecision.eu\/sv\/#organization","name":"Good Decision","url":"https:\/\/gooddecision.eu\/sv\/","logo":{"@type":"ImageObject","inLanguage":"sv-SE","@id":"https:\/\/gooddecision.eu\/sv\/#\/schema\/logo\/image\/","url":"https:\/\/gooddecision.eu\/wp-content\/uploads\/2015\/09\/logo.png","contentUrl":"https:\/\/gooddecision.eu\/wp-content\/uploads\/2015\/09\/logo.png","width":350,"height":31,"caption":"Good Decision"},"image":{"@id":"https:\/\/gooddecision.eu\/sv\/#\/schema\/logo\/image\/"}}]}},"_links":{"self":[{"href":"https:\/\/gooddecision.eu\/sv\/wp-json\/wp\/v2\/pages\/1042","targetHints":{"allow":["GET"]}}],"collection":[{"href":"https:\/\/gooddecision.eu\/sv\/wp-json\/wp\/v2\/pages"}],"about":[{"href":"https:\/\/gooddecision.eu\/sv\/wp-json\/wp\/v2\/types\/page"}],"author":[{"embeddable":true,"href":"https:\/\/gooddecision.eu\/sv\/wp-json\/wp\/v2\/users\/3"}],"replies":[{"embeddable":true,"href":"https:\/\/gooddecision.eu\/sv\/wp-json\/wp\/v2\/comments?post=1042"}],"version-history":[{"count":5,"href":"https:\/\/gooddecision.eu\/sv\/wp-json\/wp\/v2\/pages\/1042\/revisions"}],"predecessor-version":[{"id":1691,"href":"https:\/\/gooddecision.eu\/sv\/wp-json\/wp\/v2\/pages\/1042\/revisions\/1691"}],"wp:attachment":[{"href":"https:\/\/gooddecision.eu\/sv\/wp-json\/wp\/v2\/media?parent=1042"}],"curies":[{"name":"wp","href":"https:\/\/api.w.org\/{rel}","templated":true}]}}