{"id":1038,"date":"2017-06-19T14:04:10","date_gmt":"2017-06-19T12:04:10","guid":{"rendered":"http:\/\/gooddecision.eu\/?page_id=1038\/"},"modified":"2017-06-19T14:05:44","modified_gmt":"2017-06-19T12:05:44","slug":"forebygg-ohalsosam-arbetsmiljo","status":"publish","type":"page","link":"https:\/\/gooddecision.eu\/sv\/forebygg-ohalsosam-arbetsmiljo\/","title":{"rendered":"F\u00f6rebygg oh\u00e4lsosam arbetsmilj\u00f6"},"content":{"rendered":"<p>[et_pb_section bb_built=&#8221;1&#8243; admin_label=&#8221;Sektion&#8221; fullwidth=&#8221;on&#8221;][et_pb_fullwidth_code admin_label=&#8221;Full bredd-kod&#8221;]\n\t\t\t\t<p class=\"rs-p-wp-fix\"><\/p>\n\t\t\t\t<sr7-module data-alias=\"undersida\" data-id=\"2\" id=\"SR7_2_1\" data-version=\"6.7.54\">\n\t\t\t\t\t<sr7-adjuster><\/sr7-adjuster>\n\t\t\t\t\t<sr7-content>\n\t\t\t\t\t\t<sr7-slide id=\"SR7_2_1-5\" data-key=\"5\">\n\t\t\t\t\t\t\t<sr7-bg id=\"SR7_2_1-5-slidebg\" class=\"sr7-layer\"><noscript><img decoding=\"async\" src=\"https:\/\/gooddecision.eu\/wp-content\/uploads\/2017\/05\/osa.jpg\" alt=\"\" title=\"F\u00f6rebygg oh\u00e4lsosam arbetsmilj\u00f6\"><\/noscript><\/sr7-bg>\n\t\t\t\t\t\t<\/sr7-slide>\n\t\t\t\t\t\t<sr7-slide id=\"SR7_2_1-30\" data-key=\"30\">\n\t\t\t\t\t\t<\/sr7-slide>\n\t\t\t\t\t<\/sr7-content>\n\t\t\t\t<\/sr7-module>\n\t\t\t\t<script>\n\t\t\t\t\twindow.SR7 ??={};SR7.PMH ??={}; SR7.PMH[\"SR7_2_1\"] = {cn:100,state:false,fn: function() { if (window._tpt!==undefined && window._tpt.prepareModuleHeight !== undefined) {  _tpt.prepareModuleHeight({id:\"SR7_2_1\",el:[],type:'hero',shdw:'0',gh:[500],gw:[1240],vpt:['-200px'],size:{fullWidth:true, fullHeight:false},mh:'0',onh:0,onw:0,bg:{color:'transparent'},plType:'0',plColor:'#FFFFFF'});   SR7.PMH[\"SR7_2_1\"].state=true;} else if(SR7.PMH[\"SR7_2_1\"].cn-->0)\tsetTimeout( SR7.PMH[\"SR7_2_1\"].fn,19);}};SR7.PMH[\"SR7_2_1\" ].fn();\n\t\t\t\t<\/script>\n[\/et_pb_fullwidth_code][\/et_pb_section][et_pb_section bb_built=&#8221;1&#8243; admin_label=&#8221;section&#8221;][et_pb_row admin_label=&#8221;row&#8221;][et_pb_column type=&#8221;2_3&#8243;][et_pb_text admin_label=&#8221;Text&#8221; header_text_color=&#8221;#ebaf10&#8243; background_layout=&#8221;light&#8221; text_orientation=&#8221;left&#8221; use_border_color=&#8221;off&#8221; border_color=&#8221;#ffffff&#8221; border_style=&#8221;solid&#8221; text_line_height=&#8221;1.9em&#8221;]<\/p>\n<h1>F\u00f6rebygg oh\u00e4lsosam arbetsmilj\u00f6 &#8211; f\u00f6r organisationens b\u00e4sta<\/h1>\n<p>F\u00f6r att organisationen ska g\u00e5 s\u00e5 bra som m\u00f6jligt \u00e4r det viktigt att aktivt arbeta med att f\u00f6rebygga oh\u00e4lsosam arbetsmilj\u00f6.<\/p>\n<p>Ett f\u00f6retag med d\u00e5lig organisatorisk och social arbetsmilj\u00f6 har i regel s\u00e4mre f\u00f6ruts\u00e4ttningar att utvecklas och leverera goda resultat, varf\u00f6r ett bra arbetsmilj\u00f6arbete kan spela en avg\u00f6rande roll f\u00f6r organisationens framtid.<\/p>\n<p>I september 2015 tog Arbetsmilj\u00f6verket fram en ny f\u00f6reskrift i syfte att minska den arbetsrelaterade oh\u00e4lsan som orsakar arbetssjukdomar och sjukskrivningar.<\/p>\n<h2>Att anlita oss<\/h2>\n<p>Vi p\u00e5 Good Decision arbetar specifikt med att hj\u00e4lpa organisationer att fatta r\u00e4tt beslut kopplat till f\u00f6retagets v\u00e4rdegrunder och policy. Det finns flera anledningar att v\u00e4lja oss:<\/p>\n<ul>\n<li>Vi har gedigen erfarenhet<\/li>\n<li>Vi har r\u00e4tt kompetens baserat p\u00e5 v\u00e5r erfarenhet<\/li>\n<li>Vi arbetar l\u00e5ngsiktigt<\/li>\n<li>Vi har goda referenser fr\u00e5n tidigare kunder &#8211; f\u00f6retag och myndigheter<\/li>\n<\/ul>\n<h2>F\u00f6rebygg oh\u00e4lsosam arbetsmilj\u00f6 p\u00e5 ett enkelt s\u00e4tt<\/h2>\n<p>I samma veva som den nya f\u00f6reskriften kom utvecklade vi ett spel som syftar till att hj\u00e4lpa organisationen att f\u00f6rst\u00e5 och arbeta efter reglerna.<\/p>\n<p>Tack vare spelet f\u00e5r arbetsgivare och anst\u00e4llda hj\u00e4lp att arbeta kring arbetsmilj\u00f6reglerna vilket p\u00e5 ett effektivt s\u00e4tt ser till att arbetsmilj\u00f6n blir b\u00e4ttre. Vi utg\u00e5r alltid fr\u00e5n individen, med fokus p\u00e5 de styrande direktiv som finns.<\/p>\n<h2>Kontakta oss<\/h2>\n<p>Vi p\u00e5 Good Decision vet av erfarenhet vad som kr\u00e4vs f\u00f6r att f\u00f6rebygga oh\u00e4lsosam arbetsmilj\u00f6 p\u00e5 arbetsplatsen och hj\u00e4lper ert f\u00f6retag att bli den b\u00e4sta m\u00f6jliga versionen.<\/p>\n<p>Vill du veta hur? H\u00f6r g\u00e4rna av dig till oss, s\u00e5 ber\u00e4ttar vi mer om hur vi arbetar och vad vi kan g\u00f6ra f\u00f6r ert f\u00f6retag.<\/p>\n<p>[\/et_pb_text][\/et_pb_column][et_pb_column type=&#8221;1_3&#8243;][et_pb_cta admin_label=&#8221;Uppmaning till handling&#8221; button_url=&#8221;https:\/\/gooddecision.eu\/vara-referenser\/&#8221; button_text=&#8221;L\u00e4s mer&#8221; background_color=&#8221;#ebaf10&#8243; text_orientation=&#8221;left&#8221; url_new_window=&#8221;off&#8221; use_background_color=&#8221;on&#8221; background_layout=&#8221;dark&#8221; use_border_color=&#8221;off&#8221; border_color=&#8221;#ffffff&#8221; border_style=&#8221;solid&#8221; custom_button=&#8221;off&#8221; button_letter_spacing=&#8221;0&#8243; button_use_icon=&#8221;default&#8221; button_icon_placement=&#8221;right&#8221; button_on_hover=&#8221;on&#8221; button_letter_spacing_hover=&#8221;0&#8243;]<\/p>\n<p><a href=\"https:\/\/gooddecision.eu\/wp-content\/uploads\/2017\/05\/referens_ikon.png\" rel=\"nofollow\"><img loading=\"lazy\" decoding=\"async\" class=\"wp-image-615 size-full alignleft\" src=\"https:\/\/gooddecision.eu\/wp-content\/uploads\/2017\/05\/referens_ikon.png\" alt=\"\" width=\"60\" height=\"55\" \/><span style=\"font-size: large; color: #ffffff;\"><strong>Spelet var ett roligt och l\u00e4ttsamt s\u00e4tt att angripa sv\u00e5ra fr\u00e5gor.<\/strong><\/span><br \/>\n<\/a><\/p>\n<p>[\/et_pb_cta][et_pb_cta admin_label=&#8221;Uppmaning till handling&#8221; button_url=&#8221;https:\/\/gooddecision.eu\/kontakt\/&#8221; button_text=&#8221;Till kontakt&#8221; background_color=&#8221;#ad0076&#8243; text_orientation=&#8221;left&#8221; background_image=&#8221;https:\/\/gooddecision.eu\/wp-content\/uploads\/2015\/09\/Oss.jpg&#8221; url_new_window=&#8221;off&#8221; use_background_color=&#8221;on&#8221; background_layout=&#8221;dark&#8221; use_border_color=&#8221;off&#8221; border_color=&#8221;#ffffff&#8221; border_style=&#8221;solid&#8221; custom_button=&#8221;off&#8221; button_letter_spacing=&#8221;0&#8243; button_use_icon=&#8221;default&#8221; button_icon_placement=&#8221;right&#8221; button_on_hover=&#8221;on&#8221; button_letter_spacing_hover=&#8221;0&#8243;]<\/p>\n<p><span style=\"font-size: large; color: #ffffff;\"><strong>Beh\u00f6ver ni hj\u00e4lp att f\u00f6rebygga stress och oh\u00e4lsa p\u00e5 er arbetsplats?<\/strong><\/span><\/p>\n<p><span style=\"font-size: large; color: #ffffff;\"><strong>Kontakta oss!<\/strong><\/span><\/p>\n<p>[\/et_pb_cta][\/et_pb_column][\/et_pb_row][\/et_pb_section]<\/p>\n","protected":false},"excerpt":{"rendered":"<p>\n\t\t\t\t<p class=\"rs-p-wp-fix\"><\/p>\n\t\t\t\t<sr7-module data-alias=\"undersida\" data-id=\"2\" id=\"SR7_2_2\" data-version=\"6.7.54\">\n\t\t\t\t\t<sr7-adjuster><\/sr7-adjuster>\n\t\t\t\t\t<sr7-content>\n\t\t\t\t\t\t<sr7-slide id=\"SR7_2_2-5\" data-key=\"5\">\n\t\t\t\t\t\t\t<sr7-bg id=\"SR7_2_2-5-slidebg\" class=\"sr7-layer\"><noscript><img decoding=\"async\" src=\"https:\/\/gooddecision.eu\/wp-content\/uploads\/2017\/05\/osa.jpg\" alt=\"\" title=\"F\u00f6rebygg oh\u00e4lsosam arbetsmilj\u00f6\"><\/noscript><\/sr7-bg>\n\t\t\t\t\t\t<\/sr7-slide>\n\t\t\t\t\t\t<sr7-slide id=\"SR7_2_2-30\" data-key=\"30\">\n\t\t\t\t\t\t<\/sr7-slide>\n\t\t\t\t\t<\/sr7-content>\n\t\t\t\t<\/sr7-module>\n\t\t\t\t<script>\n\t\t\t\t\twindow.SR7 ??={};SR7.PMH ??={}; SR7.PMH[\"SR7_2_2\"] = {cn:100,state:false,fn: function() { if (window._tpt!==undefined && window._tpt.prepareModuleHeight !== undefined) {  _tpt.prepareModuleHeight({id:\"SR7_2_2\",el:[],type:'hero',shdw:'0',gh:[500],gw:[1240],vpt:['-200px'],size:{fullWidth:true, fullHeight:false},mh:'0',onh:0,onw:0,bg:{color:'transparent'},plType:'0',plColor:'#FFFFFF'});   SR7.PMH[\"SR7_2_2\"].state=true;} else if(SR7.PMH[\"SR7_2_2\"].cn-->0)\tsetTimeout( SR7.PMH[\"SR7_2_2\"].fn,19);}};SR7.PMH[\"SR7_2_2\" ].fn();\n\t\t\t\t<\/script>\n F\u00f6rebygg oh\u00e4lsosam arbetsmilj\u00f6 &#8211; f\u00f6r organisationens b\u00e4sta F\u00f6r att organisationen ska g\u00e5 s\u00e5 bra som m\u00f6jligt \u00e4r det viktigt att aktivt arbeta med att f\u00f6rebygga oh\u00e4lsosam arbetsmilj\u00f6. Ett f\u00f6retag med d\u00e5lig organisatorisk och social arbetsmilj\u00f6 har i regel s\u00e4mre f\u00f6ruts\u00e4ttningar att utvecklas och leverera goda resultat, varf\u00f6r ett bra arbetsmilj\u00f6arbete kan spela en [&hellip;]<\/p>\n","protected":false},"author":3,"featured_media":0,"parent":0,"menu_order":100,"comment_status":"closed","ping_status":"closed","template":"","meta":{"_et_pb_use_builder":"on","_et_pb_old_content":"","_et_gb_content_width":"","footnotes":""},"class_list":["post-1038","page","type-page","status-publish","hentry"],"yoast_head":"<!-- This site is optimized with the Yoast SEO plugin v27.5 - https:\/\/yoast.com\/product\/yoast-seo-wordpress\/ -->\n<title>F\u00f6rebygg Oh\u00e4lsosam Arbetsmilj\u00f6 - L\u00e4s mer hos Good Decision<\/title>\n<meta name=\"description\" content=\"F\u00f6rebygg oh\u00e4lsosam arbetsmilj\u00f6 och f\u00f6rb\u00e4ttra organisationens utveckling samt arbetsh\u00e4lsan - vi vet hur. Kontakta oss p\u00e5 Good Decision.\" \/>\n<meta name=\"robots\" content=\"index, follow, max-snippet:-1, max-image-preview:large, max-video-preview:-1\" \/>\n<link rel=\"canonical\" href=\"https:\/\/gooddecision.eu\/sv\/forebygg-ohalsosam-arbetsmiljo\/\" \/>\n<meta property=\"og:locale\" content=\"sv_SE\" \/>\n<meta property=\"og:type\" content=\"article\" \/>\n<meta property=\"og:title\" content=\"F\u00f6rebygg Oh\u00e4lsosam Arbetsmilj\u00f6 - L\u00e4s mer hos Good Decision\" \/>\n<meta property=\"og:description\" content=\"F\u00f6rebygg oh\u00e4lsosam arbetsmilj\u00f6 och f\u00f6rb\u00e4ttra organisationens utveckling samt arbetsh\u00e4lsan - vi vet hur. Kontakta oss p\u00e5 Good Decision.\" \/>\n<meta property=\"og:url\" content=\"https:\/\/gooddecision.eu\/sv\/forebygg-ohalsosam-arbetsmiljo\/\" \/>\n<meta property=\"og:site_name\" content=\"Good Decision\" \/>\n<meta property=\"article:modified_time\" content=\"2017-06-19T12:05:44+00:00\" \/>\n<meta property=\"og:image\" content=\"https:\/\/gooddecision.eu\/wp-content\/uploads\/2017\/05\/referens_ikon.png\" \/>\n<meta name=\"twitter:card\" content=\"summary_large_image\" \/>\n<meta name=\"twitter:label1\" content=\"Ber\u00e4knad l\u00e4stid\" \/>\n\t<meta name=\"twitter:data1\" content=\"3 minuter\" \/>\n<script type=\"application\/ld+json\" class=\"yoast-schema-graph\">{\"@context\":\"https:\\\/\\\/schema.org\",\"@graph\":[{\"@type\":\"WebPage\",\"@id\":\"https:\\\/\\\/gooddecision.eu\\\/sv\\\/forebygg-ohalsosam-arbetsmiljo\\\/\",\"url\":\"https:\\\/\\\/gooddecision.eu\\\/sv\\\/forebygg-ohalsosam-arbetsmiljo\\\/\",\"name\":\"F\u00f6rebygg Oh\u00e4lsosam Arbetsmilj\u00f6 - L\u00e4s mer hos Good Decision\",\"isPartOf\":{\"@id\":\"https:\\\/\\\/gooddecision.eu\\\/sv\\\/#website\"},\"primaryImageOfPage\":{\"@id\":\"https:\\\/\\\/gooddecision.eu\\\/sv\\\/forebygg-ohalsosam-arbetsmiljo\\\/#primaryimage\"},\"image\":{\"@id\":\"https:\\\/\\\/gooddecision.eu\\\/sv\\\/forebygg-ohalsosam-arbetsmiljo\\\/#primaryimage\"},\"thumbnailUrl\":\"https:\\\/\\\/gooddecision.eu\\\/wp-content\\\/uploads\\\/2017\\\/05\\\/referens_ikon.png\",\"datePublished\":\"2017-06-19T12:04:10+00:00\",\"dateModified\":\"2017-06-19T12:05:44+00:00\",\"description\":\"F\u00f6rebygg oh\u00e4lsosam arbetsmilj\u00f6 och f\u00f6rb\u00e4ttra organisationens utveckling samt arbetsh\u00e4lsan - vi vet hur. Kontakta oss p\u00e5 Good Decision.\",\"breadcrumb\":{\"@id\":\"https:\\\/\\\/gooddecision.eu\\\/sv\\\/forebygg-ohalsosam-arbetsmiljo\\\/#breadcrumb\"},\"inLanguage\":\"sv-SE\",\"potentialAction\":[{\"@type\":\"ReadAction\",\"target\":[\"https:\\\/\\\/gooddecision.eu\\\/sv\\\/forebygg-ohalsosam-arbetsmiljo\\\/\"]}]},{\"@type\":\"ImageObject\",\"inLanguage\":\"sv-SE\",\"@id\":\"https:\\\/\\\/gooddecision.eu\\\/sv\\\/forebygg-ohalsosam-arbetsmiljo\\\/#primaryimage\",\"url\":\"https:\\\/\\\/gooddecision.eu\\\/wp-content\\\/uploads\\\/2017\\\/05\\\/referens_ikon.png\",\"contentUrl\":\"https:\\\/\\\/gooddecision.eu\\\/wp-content\\\/uploads\\\/2017\\\/05\\\/referens_ikon.png\"},{\"@type\":\"BreadcrumbList\",\"@id\":\"https:\\\/\\\/gooddecision.eu\\\/sv\\\/forebygg-ohalsosam-arbetsmiljo\\\/#breadcrumb\",\"itemListElement\":[{\"@type\":\"ListItem\",\"position\":1,\"name\":\"Hem\",\"item\":\"https:\\\/\\\/gooddecision.eu\\\/sv\\\/\"},{\"@type\":\"ListItem\",\"position\":2,\"name\":\"F\u00f6rebygg oh\u00e4lsosam arbetsmilj\u00f6\"}]},{\"@type\":\"WebSite\",\"@id\":\"https:\\\/\\\/gooddecision.eu\\\/sv\\\/#website\",\"url\":\"https:\\\/\\\/gooddecision.eu\\\/sv\\\/\",\"name\":\"Good Decision\",\"description\":\"Utvecklar organisationer med synliga positiva effekter!\",\"publisher\":{\"@id\":\"https:\\\/\\\/gooddecision.eu\\\/sv\\\/#organization\"},\"potentialAction\":[{\"@type\":\"SearchAction\",\"target\":{\"@type\":\"EntryPoint\",\"urlTemplate\":\"https:\\\/\\\/gooddecision.eu\\\/sv\\\/?s={search_term_string}\"},\"query-input\":{\"@type\":\"PropertyValueSpecification\",\"valueRequired\":true,\"valueName\":\"search_term_string\"}}],\"inLanguage\":\"sv-SE\"},{\"@type\":\"Organization\",\"@id\":\"https:\\\/\\\/gooddecision.eu\\\/sv\\\/#organization\",\"name\":\"Good Decision\",\"url\":\"https:\\\/\\\/gooddecision.eu\\\/sv\\\/\",\"logo\":{\"@type\":\"ImageObject\",\"inLanguage\":\"sv-SE\",\"@id\":\"https:\\\/\\\/gooddecision.eu\\\/sv\\\/#\\\/schema\\\/logo\\\/image\\\/\",\"url\":\"https:\\\/\\\/gooddecision.eu\\\/wp-content\\\/uploads\\\/2015\\\/09\\\/logo.png\",\"contentUrl\":\"https:\\\/\\\/gooddecision.eu\\\/wp-content\\\/uploads\\\/2015\\\/09\\\/logo.png\",\"width\":350,\"height\":31,\"caption\":\"Good Decision\"},\"image\":{\"@id\":\"https:\\\/\\\/gooddecision.eu\\\/sv\\\/#\\\/schema\\\/logo\\\/image\\\/\"}}]}<\/script>\n<!-- \/ Yoast SEO plugin. -->","yoast_head_json":{"title":"F\u00f6rebygg Oh\u00e4lsosam Arbetsmilj\u00f6 - L\u00e4s mer hos Good Decision","description":"F\u00f6rebygg oh\u00e4lsosam arbetsmilj\u00f6 och f\u00f6rb\u00e4ttra organisationens utveckling samt arbetsh\u00e4lsan - vi vet hur. Kontakta oss p\u00e5 Good Decision.","robots":{"index":"index","follow":"follow","max-snippet":"max-snippet:-1","max-image-preview":"max-image-preview:large","max-video-preview":"max-video-preview:-1"},"canonical":"https:\/\/gooddecision.eu\/sv\/forebygg-ohalsosam-arbetsmiljo\/","og_locale":"sv_SE","og_type":"article","og_title":"F\u00f6rebygg Oh\u00e4lsosam Arbetsmilj\u00f6 - L\u00e4s mer hos Good Decision","og_description":"F\u00f6rebygg oh\u00e4lsosam arbetsmilj\u00f6 och f\u00f6rb\u00e4ttra organisationens utveckling samt arbetsh\u00e4lsan - vi vet hur. Kontakta oss p\u00e5 Good Decision.","og_url":"https:\/\/gooddecision.eu\/sv\/forebygg-ohalsosam-arbetsmiljo\/","og_site_name":"Good Decision","article_modified_time":"2017-06-19T12:05:44+00:00","og_image":[{"url":"https:\/\/gooddecision.eu\/wp-content\/uploads\/2017\/05\/referens_ikon.png","type":"","width":"","height":""}],"twitter_card":"summary_large_image","twitter_misc":{"Ber\u00e4knad l\u00e4stid":"3 minuter"},"schema":{"@context":"https:\/\/schema.org","@graph":[{"@type":"WebPage","@id":"https:\/\/gooddecision.eu\/sv\/forebygg-ohalsosam-arbetsmiljo\/","url":"https:\/\/gooddecision.eu\/sv\/forebygg-ohalsosam-arbetsmiljo\/","name":"F\u00f6rebygg Oh\u00e4lsosam Arbetsmilj\u00f6 - L\u00e4s mer hos Good Decision","isPartOf":{"@id":"https:\/\/gooddecision.eu\/sv\/#website"},"primaryImageOfPage":{"@id":"https:\/\/gooddecision.eu\/sv\/forebygg-ohalsosam-arbetsmiljo\/#primaryimage"},"image":{"@id":"https:\/\/gooddecision.eu\/sv\/forebygg-ohalsosam-arbetsmiljo\/#primaryimage"},"thumbnailUrl":"https:\/\/gooddecision.eu\/wp-content\/uploads\/2017\/05\/referens_ikon.png","datePublished":"2017-06-19T12:04:10+00:00","dateModified":"2017-06-19T12:05:44+00:00","description":"F\u00f6rebygg oh\u00e4lsosam arbetsmilj\u00f6 och f\u00f6rb\u00e4ttra organisationens utveckling samt arbetsh\u00e4lsan - vi vet hur. Kontakta oss p\u00e5 Good Decision.","breadcrumb":{"@id":"https:\/\/gooddecision.eu\/sv\/forebygg-ohalsosam-arbetsmiljo\/#breadcrumb"},"inLanguage":"sv-SE","potentialAction":[{"@type":"ReadAction","target":["https:\/\/gooddecision.eu\/sv\/forebygg-ohalsosam-arbetsmiljo\/"]}]},{"@type":"ImageObject","inLanguage":"sv-SE","@id":"https:\/\/gooddecision.eu\/sv\/forebygg-ohalsosam-arbetsmiljo\/#primaryimage","url":"https:\/\/gooddecision.eu\/wp-content\/uploads\/2017\/05\/referens_ikon.png","contentUrl":"https:\/\/gooddecision.eu\/wp-content\/uploads\/2017\/05\/referens_ikon.png"},{"@type":"BreadcrumbList","@id":"https:\/\/gooddecision.eu\/sv\/forebygg-ohalsosam-arbetsmiljo\/#breadcrumb","itemListElement":[{"@type":"ListItem","position":1,"name":"Hem","item":"https:\/\/gooddecision.eu\/sv\/"},{"@type":"ListItem","position":2,"name":"F\u00f6rebygg oh\u00e4lsosam arbetsmilj\u00f6"}]},{"@type":"WebSite","@id":"https:\/\/gooddecision.eu\/sv\/#website","url":"https:\/\/gooddecision.eu\/sv\/","name":"Good Decision","description":"Utvecklar organisationer med synliga positiva effekter!","publisher":{"@id":"https:\/\/gooddecision.eu\/sv\/#organization"},"potentialAction":[{"@type":"SearchAction","target":{"@type":"EntryPoint","urlTemplate":"https:\/\/gooddecision.eu\/sv\/?s={search_term_string}"},"query-input":{"@type":"PropertyValueSpecification","valueRequired":true,"valueName":"search_term_string"}}],"inLanguage":"sv-SE"},{"@type":"Organization","@id":"https:\/\/gooddecision.eu\/sv\/#organization","name":"Good Decision","url":"https:\/\/gooddecision.eu\/sv\/","logo":{"@type":"ImageObject","inLanguage":"sv-SE","@id":"https:\/\/gooddecision.eu\/sv\/#\/schema\/logo\/image\/","url":"https:\/\/gooddecision.eu\/wp-content\/uploads\/2015\/09\/logo.png","contentUrl":"https:\/\/gooddecision.eu\/wp-content\/uploads\/2015\/09\/logo.png","width":350,"height":31,"caption":"Good Decision"},"image":{"@id":"https:\/\/gooddecision.eu\/sv\/#\/schema\/logo\/image\/"}}]}},"_links":{"self":[{"href":"https:\/\/gooddecision.eu\/sv\/wp-json\/wp\/v2\/pages\/1038","targetHints":{"allow":["GET"]}}],"collection":[{"href":"https:\/\/gooddecision.eu\/sv\/wp-json\/wp\/v2\/pages"}],"about":[{"href":"https:\/\/gooddecision.eu\/sv\/wp-json\/wp\/v2\/types\/page"}],"author":[{"embeddable":true,"href":"https:\/\/gooddecision.eu\/sv\/wp-json\/wp\/v2\/users\/3"}],"replies":[{"embeddable":true,"href":"https:\/\/gooddecision.eu\/sv\/wp-json\/wp\/v2\/comments?post=1038"}],"version-history":[{"count":3,"href":"https:\/\/gooddecision.eu\/sv\/wp-json\/wp\/v2\/pages\/1038\/revisions"}],"predecessor-version":[{"id":1041,"href":"https:\/\/gooddecision.eu\/sv\/wp-json\/wp\/v2\/pages\/1038\/revisions\/1041"}],"wp:attachment":[{"href":"https:\/\/gooddecision.eu\/sv\/wp-json\/wp\/v2\/media?parent=1038"}],"curies":[{"name":"wp","href":"https:\/\/api.w.org\/{rel}","templated":true}]}}